{"id":1553,"date":"2016-07-18T00:10:31","date_gmt":"2016-07-17T22:10:31","guid":{"rendered":"http:\/\/jlggb.net\/jlb\/?page_id=1553"},"modified":"2017-03-29T12:43:11","modified_gmt":"2017-03-29T10:43:11","slug":"2004-jouable","status":"publish","type":"page","link":"https:\/\/jlggb.net\/jlb\/livres\/2004-jouable\/","title":{"rendered":"2004 Jouable"},"content":{"rendered":"<p><a href=\"https:\/\/jlggb.net\/jlb\/wp-content\/uploads\/2016\/07\/jouable.jpg\" data-rel=\"lightbox-image-0\" data-imagelightbox=\"0\" data-rl_title=\"\" data-rl_caption=\"\" title=\"\"><img loading=\"lazy\" decoding=\"async\" class=\"alignnone size-full wp-image-2129\" src=\"https:\/\/jlggb.net\/jlb\/wp-content\/uploads\/2016\/07\/jouable.jpg\" alt=\"\" width=\"204\" height=\"300\" srcset=\"https:\/\/jlggb.net\/jlb\/wp-content\/uploads\/2016\/07\/jouable.jpg 204w, https:\/\/jlggb.net\/jlb\/wp-content\/uploads\/2016\/07\/jouable-102x150.jpg 102w\" sizes=\"auto, (max-width: 204px) 100vw, 204px\" \/><\/a><\/p>\n<p><em>Jouable. Art, jeu et interactivit\u00e9<\/em><br \/>\nGen\u00e8ve, Kyoto, Paris<br \/>\nCo-direction Jean-Louis Boissier, Daniel Pinkas.<br \/>\nHaute \u00e9cole d&rsquo;arts appliqu\u00e9s HES, Gen\u00e8ve<br \/>\n\u00c9cole nationale sup\u00e9rieure des arts d\u00e9coratifs, Paris<br \/>\nCiren, Universit\u00e9 Paris 8<br \/>\nCentre pour l&rsquo;image contemporaine, Saint-Gervais Gen\u00e8ve<br \/>\n2004<\/p>\n<div class=\"line-height\">5 x 21 cm<\/div>\n<div class=\"line-height\">372 pages (300 ill. dont 156 en coul.)<\/p>\n<\/div>\n<div class=\"line-height\">Fruit d&rsquo;une collaboration internationale entre des \u00e9tablissements d&rsquo;enseignement et de recherches artistiques, l&rsquo;op\u00e9ration <i>Jouable<\/i> vise \u00e0 soutenir et \u00e0 faire conna\u00eetre des travaux qui explorent l&rsquo;interactivit\u00e9 dans les arts num\u00e9riques. Entre 2001 et 2004 elle a programm\u00e9 trois expositions (Gen\u00e8ve, 2002 ; Kyoto, 2003 ; Paris 2004), de nombreux workshops et un colloque international centr\u00e9 sur \u00ab Art, jeu et interactivit\u00e9 \u00bb.<\/p>\n<p>L&rsquo;ouvrage <i>Jouable &#8211; Art, jeu et interactivit\u00e9<\/i> r\u00e9unit en un seul volume les catalogues des trois expositions, des textes th\u00e9oriques issus du colloque ainsi que des notes, des entretiens et des documents relatifs au projet. Cette publication marque un moment significatif et original dans l&rsquo;histoire et l&rsquo;esth\u00e9tique des arts interactifs. Elle co\u00efncide avec la troisi\u00e8me \u00e9dition\/exposition <i>Jouable<\/i> qui a lieu \u00e0 l&rsquo;ENSAD \u00e0 Paris du 19 novembre au 4 d\u00e9cembre 2004.<\/div>\n<p><span id=\"description\"><\/span><br \/>\nDiffusion : Presses du r\u00e9el<\/p>\n<p><a href=\"http:\/\/www.lespressesdureel.com\/ouvrage.php?id=545\">http:\/\/www.lespressesdureel.com\/ouvrage.php?id=545<\/a><\/p>\n","protected":false},"excerpt":{"rendered":"<p>Jouable. Art, jeu et interactivit\u00e9 Gen\u00e8ve, Kyoto, Paris Co-direction Jean-Louis Boissier, Daniel Pinkas. Haute \u00e9cole d&rsquo;arts appliqu\u00e9s HES, Gen\u00e8ve \u00c9cole nationale sup\u00e9rieure des arts d\u00e9coratifs, Paris Ciren, Universit\u00e9 Paris 8 Centre pour l&rsquo;image contemporaine, Saint-Gervais Gen\u00e8ve 2004 5 x 21 cm 372 pages (300 ill. dont 156 en coul.) Fruit d&rsquo;une collaboration internationale entre des &hellip; <a href=\"https:\/\/jlggb.net\/jlb\/livres\/2004-jouable\/\" class=\"more-link\">Continuer la lecture de <span class=\"screen-reader-text\">2004 Jouable<\/span><\/a><\/p>\n","protected":false},"author":2,"featured_media":0,"parent":637,"menu_order":0,"comment_status":"closed","ping_status":"closed","template":"","meta":{"footnotes":""},"class_list":["post-1553","page","type-page","status-publish","hentry"],"_links":{"self":[{"href":"https:\/\/jlggb.net\/jlb\/wp-json\/wp\/v2\/pages\/1553","targetHints":{"allow":["GET"]}}],"collection":[{"href":"https:\/\/jlggb.net\/jlb\/wp-json\/wp\/v2\/pages"}],"about":[{"href":"https:\/\/jlggb.net\/jlb\/wp-json\/wp\/v2\/types\/page"}],"author":[{"embeddable":true,"href":"https:\/\/jlggb.net\/jlb\/wp-json\/wp\/v2\/users\/2"}],"replies":[{"embeddable":true,"href":"https:\/\/jlggb.net\/jlb\/wp-json\/wp\/v2\/comments?post=1553"}],"version-history":[{"count":4,"href":"https:\/\/jlggb.net\/jlb\/wp-json\/wp\/v2\/pages\/1553\/revisions"}],"predecessor-version":[{"id":2131,"href":"https:\/\/jlggb.net\/jlb\/wp-json\/wp\/v2\/pages\/1553\/revisions\/2131"}],"up":[{"embeddable":true,"href":"https:\/\/jlggb.net\/jlb\/wp-json\/wp\/v2\/pages\/637"}],"wp:attachment":[{"href":"https:\/\/jlggb.net\/jlb\/wp-json\/wp\/v2\/media?parent=1553"}],"curies":[{"name":"wp","href":"https:\/\/api.w.org\/{rel}","templated":true}]}}