{"id":1548,"date":"2016-07-17T23:58:12","date_gmt":"2016-07-17T21:58:12","guid":{"rendered":"http:\/\/jlggb.net\/jlb\/?page_id=1548"},"modified":"2026-02-21T20:28:57","modified_gmt":"2026-02-21T19:28:57","slug":"1981-cinquante-ans-de-gravures-sur-bois-chinoises-1931-1981","status":"publish","type":"page","link":"https:\/\/jlggb.net\/jlb\/commissariat\/1981-cinquante-ans-de-gravures-sur-bois-chinoises-1931-1981\/","title":{"rendered":"1981 Cinquante ans de gravures sur bois chinoises"},"content":{"rendered":"<p><em>Cinquante ans de gravures sur bois chinoises<\/em>, 1930-1980<br \/>\nCo-commissaire de l&rsquo;exposition avec Liliane Terrier.<br \/>\nMaison de la culture de Grenoble.<br \/>\nBiblioth\u00e8que nationale, Paris.<br \/>\nCatalogue, 96 pages.<\/p>\n<p><a href=\"https:\/\/jlggb.net\/jlb\/wp-content\/uploads\/2026\/02\/50ans_grav_sur_bois_chinoises_1981_2026-scaled.jpg\" data-rel=\"lightbox-image-0\" data-imagelightbox=\"0\" data-rl_title=\"\" data-rl_caption=\"\" title=\"\"><img loading=\"lazy\" decoding=\"async\" class=\"alignnone wp-image-3901 size-large\" src=\"https:\/\/jlggb.net\/jlb\/wp-content\/uploads\/2026\/02\/50ans_grav_sur_bois_chinoises_1981_2026-729x1024.jpg\" alt=\"\" width=\"660\" height=\"927\" \/><\/a><\/p>\n<p>Catalogue de l&rsquo;exposition \u00e0 la Maison de la culture de Grenoble, \u00e0 la Biblioth\u00e8que Nationale, \u00e0 la Maison de la culture de Rennes, associ\u00e9e \u00e0 l&rsquo;exposition <em>Frans Masereel<\/em> au Mus\u00e9e des beaux-arts de Grenoble, dont le commissaire est Pierre Gaudibert.<\/p>\n<p>&nbsp;<\/p>\n<p><a href=\"https:\/\/jlggb.net\/jlb\/wp-content\/uploads\/2017\/11\/50-ans-chinoises-1981-blog.jpg\" data-rel=\"lightbox-image-1\" data-imagelightbox=\"1\" data-rl_title=\"\" data-rl_caption=\"\" title=\"\"><img loading=\"lazy\" decoding=\"async\" class=\"alignnone wp-image-2183\" src=\"https:\/\/jlggb.net\/jlb\/wp-content\/uploads\/2017\/11\/50-ans-chinoises-1981-blog.jpg\" alt=\"\" width=\"480\" height=\"720\" \/><\/a><\/p>\n<p>Affiche de l&rsquo;exposition \u00e0 la Biblioth\u00e8que Nationale, Paris.<\/p>\n","protected":false},"excerpt":{"rendered":"<p>Cinquante ans de gravures sur bois chinoises, 1930-1980 Co-commissaire de l&rsquo;exposition avec Liliane Terrier. Maison de la culture de Grenoble. Biblioth\u00e8que nationale, Paris. Catalogue, 96 pages. Catalogue de l&rsquo;exposition \u00e0 la Maison de la culture de Grenoble, \u00e0 la Biblioth\u00e8que Nationale, \u00e0 la Maison de la culture de Rennes, associ\u00e9e \u00e0 l&rsquo;exposition Frans Masereel au &hellip; <a href=\"https:\/\/jlggb.net\/jlb\/commissariat\/1981-cinquante-ans-de-gravures-sur-bois-chinoises-1931-1981\/\" class=\"more-link\">Continuer la lecture de <span class=\"screen-reader-text\">1981 Cinquante ans de gravures sur bois chinoises<\/span><\/a><\/p>\n","protected":false},"author":2,"featured_media":0,"parent":593,"menu_order":0,"comment_status":"closed","ping_status":"closed","template":"","meta":{"footnotes":""},"class_list":["post-1548","page","type-page","status-publish","hentry"],"_links":{"self":[{"href":"https:\/\/jlggb.net\/jlb\/wp-json\/wp\/v2\/pages\/1548","targetHints":{"allow":["GET"]}}],"collection":[{"href":"https:\/\/jlggb.net\/jlb\/wp-json\/wp\/v2\/pages"}],"about":[{"href":"https:\/\/jlggb.net\/jlb\/wp-json\/wp\/v2\/types\/page"}],"author":[{"embeddable":true,"href":"https:\/\/jlggb.net\/jlb\/wp-json\/wp\/v2\/users\/2"}],"replies":[{"embeddable":true,"href":"https:\/\/jlggb.net\/jlb\/wp-json\/wp\/v2\/comments?post=1548"}],"version-history":[{"count":17,"href":"https:\/\/jlggb.net\/jlb\/wp-json\/wp\/v2\/pages\/1548\/revisions"}],"predecessor-version":[{"id":3909,"href":"https:\/\/jlggb.net\/jlb\/wp-json\/wp\/v2\/pages\/1548\/revisions\/3909"}],"up":[{"embeddable":true,"href":"https:\/\/jlggb.net\/jlb\/wp-json\/wp\/v2\/pages\/593"}],"wp:attachment":[{"href":"https:\/\/jlggb.net\/jlb\/wp-json\/wp\/v2\/media?parent=1548"}],"curies":[{"name":"wp","href":"https:\/\/api.w.org\/{rel}","templated":true}]}}