{"id":1510,"date":"2015-12-25T20:04:39","date_gmt":"2015-12-25T19:04:39","guid":{"rendered":"http:\/\/jlggb.net\/jlb\/?page_id=1510"},"modified":"2024-07-17T14:41:26","modified_gmt":"2024-07-17T12:41:26","slug":"1972-eleves-du-cet","status":"publish","type":"page","link":"https:\/\/jlggb.net\/jlb\/films\/1972-eleves-du-cet\/","title":{"rendered":"1972 \u00c9l\u00e8ves du CET"},"content":{"rendered":"<p>Film tourn\u00e9 avec cinq \u00e9l\u00e8ves du Coll\u00e8ge d&rsquo;enseignement technique de Vaux-le-P\u00e9nil et leur professeur de fran\u00e7ais Liliane Terrier, f\u00e9vrier 1972. Extraits (5 mn 18 s) choisis sur 30 minutes de rushes. \u00c9clair-Coutant 16 mm, son synchrone sur Nagra. Montage 2015 : Marco La Gala. Production : Universit\u00e9 de Vincennes. Num\u00e9risation : CNC, BnF, octobre 2015.<br \/>\nPremi\u00e8re projection publique : \u00ab\u00a0Vid\u00e9o et apr\u00e8s\u00a0\u00bb, Centre Pompidou, 16 novembre 2015.<br \/>\nVersion de 10 mn pour l&rsquo;exposition \u00ab\u00a0L\u2019Art d\u2019apprendre. Une \u00e9cole des cr\u00e9ateurs \u00bb, Centre Pompidou, Metz, 2022.<\/p>\n<p><iframe loading=\"lazy\" title=\"1972-2022 CET_20220102_jlb_lt_vimeo.mov\" src=\"https:\/\/player.vimeo.com\/video\/707865617?dnt=1&amp;app_id=122963\" width=\"660\" height=\"371\" frameborder=\"0\" allow=\"autoplay; fullscreen; picture-in-picture; clipboard-write\"><\/iframe><\/p>\n<p>L\u00e9gende : Liliane Terrier et Jean-Louis Boissier, <em>Jeunes filles \u00e9l\u00e8ves du CET de Vaux-le-P\u00e9nil, 1972<\/em>, film 16 mm num\u00e9ris\u00e9 par le CNC en 2015, 10 mn<\/p>\n","protected":false},"excerpt":{"rendered":"<p>Film tourn\u00e9 avec cinq \u00e9l\u00e8ves du Coll\u00e8ge d&rsquo;enseignement technique de Vaux-le-P\u00e9nil et leur professeur de fran\u00e7ais Liliane Terrier, f\u00e9vrier 1972. Extraits (5 mn 18 s) choisis sur 30 minutes de rushes. \u00c9clair-Coutant 16 mm, son synchrone sur Nagra. Montage 2015 : Marco La Gala. Production : Universit\u00e9 de Vincennes. Num\u00e9risation : CNC, BnF, octobre 2015. &hellip; <a href=\"https:\/\/jlggb.net\/jlb\/films\/1972-eleves-du-cet\/\" class=\"more-link\">Continuer la lecture de <span class=\"screen-reader-text\">1972 \u00c9l\u00e8ves du CET<\/span><\/a><\/p>\n","protected":false},"author":2,"featured_media":0,"parent":587,"menu_order":0,"comment_status":"closed","ping_status":"closed","template":"","meta":{"footnotes":""},"class_list":["post-1510","page","type-page","status-publish","hentry"],"_links":{"self":[{"href":"https:\/\/jlggb.net\/jlb\/wp-json\/wp\/v2\/pages\/1510","targetHints":{"allow":["GET"]}}],"collection":[{"href":"https:\/\/jlggb.net\/jlb\/wp-json\/wp\/v2\/pages"}],"about":[{"href":"https:\/\/jlggb.net\/jlb\/wp-json\/wp\/v2\/types\/page"}],"author":[{"embeddable":true,"href":"https:\/\/jlggb.net\/jlb\/wp-json\/wp\/v2\/users\/2"}],"replies":[{"embeddable":true,"href":"https:\/\/jlggb.net\/jlb\/wp-json\/wp\/v2\/comments?post=1510"}],"version-history":[{"count":12,"href":"https:\/\/jlggb.net\/jlb\/wp-json\/wp\/v2\/pages\/1510\/revisions"}],"predecessor-version":[{"id":3444,"href":"https:\/\/jlggb.net\/jlb\/wp-json\/wp\/v2\/pages\/1510\/revisions\/3444"}],"up":[{"embeddable":true,"href":"https:\/\/jlggb.net\/jlb\/wp-json\/wp\/v2\/pages\/587"}],"wp:attachment":[{"href":"https:\/\/jlggb.net\/jlb\/wp-json\/wp\/v2\/media?parent=1510"}],"curies":[{"name":"wp","href":"https:\/\/api.w.org\/{rel}","templated":true}]}}