{"id":147,"date":"2009-09-09T07:35:31","date_gmt":"2009-09-09T06:35:31","guid":{"rendered":"http:\/\/jlggb.net\/jlb\/?page_id=147"},"modified":"2025-08-23T20:13:00","modified_gmt":"2025-08-23T18:13:00","slug":"1989-album-sans-fin","status":"publish","type":"page","link":"https:\/\/jlggb.net\/jlb\/travaux\/1989-album-sans-fin\/","title":{"rendered":"1989 Album sans fin"},"content":{"rendered":"<div style=\"padding: 56.25% 0 0 0; position: relative;\"><iframe style=\"position: absolute; top: 0; left: 0; width: 100%; height: 100%;\" title=\"album sans fin 2025\" src=\"https:\/\/player.vimeo.com\/video\/1104391190?badge=0&amp;autopause=0&amp;player_id=0&amp;app_id=58479\" frameborder=\"0\"><\/iframe><\/div>\n<p><script src=\"https:\/\/player.vimeo.com\/api\/player.js\"><\/script><br \/>\n<em>Album sans fin<\/em>, 1989, installation interactive originale sur Macintosh SE, film\u00e9e en 2025<\/p>\n<p><iframe loading=\"lazy\" title=\"album sans fin demo\" src=\"https:\/\/player.vimeo.com\/video\/238424606?dnt=1&amp;app_id=122963\" width=\"660\" height=\"495\" frameborder=\"0\" allow=\"autoplay; fullscreen; picture-in-picture; clipboard-write; encrypted-media; web-share\" referrerpolicy=\"strict-origin-when-cross-origin\"><\/iframe><\/p>\n<p>D\u00e9monstration d&rsquo;une lecture interactive, version de <em>Essais interactifs<\/em>, CD-Rom, <em>La Relation comme forme<\/em>, Mamco, Gen\u00e8ve, 2009<\/p>\n<p>FICHE G\u00c9N\u00c9RIQUE<br \/>\n<em>Album sans fin<\/em>, installation interactive, 1988-1989<br \/>\nbiennale<\/p>\n<p>Version pour la Biennale internationale \u00ab\u00a0Fotografia 89\u00a0\u00bb, Promotrice delle Belle Arti, Turin, 1989, Franco Torriani curateur<br \/>\nConception et r\u00e9alisation : Jean-Louis Boissier<\/p>\n<p>Version pour CD-Rom<br \/>\ndans le Cd-Rom <em>Essais interactifs<\/em>, dans le livre <em>La Relation comme forme<\/em>, Mamco, Gen\u00e8ve, 2003 et 2009<br \/>\nTransposition des images en RVB format r\u00e9duit<br \/>\nProgramme pour le logiciel Director<br \/>\nr\u00e9alis\u00e9e en 2003 par Jean-No\u00ebl Lafargue et Jean-Louis Boissier<\/p>\n<p>Version pour iPad<br \/>\navec les images originales et la m\u00eame interactivit\u00e9<br \/>\nr\u00e9alis\u00e9e en 2012 par Dominique Cunin et Jean-Louis Boissier<\/p>\n<p><img loading=\"lazy\" decoding=\"async\" class=\"alignnone size-full wp-image-410\" title=\"Album-sans-fin\" src=\"https:\/\/jlggb.net\/jlb\/wp-content\/uploads\/2009\/09\/Album-sans-fin.jpg\" alt=\"Album-sans-fin\" width=\"640\" height=\"480\" srcset=\"https:\/\/jlggb.net\/jlb\/wp-content\/uploads\/2009\/09\/Album-sans-fin.jpg 640w, https:\/\/jlggb.net\/jlb\/wp-content\/uploads\/2009\/09\/Album-sans-fin-300x225.jpg 300w\" sizes=\"auto, (max-width: 640px) 100vw, 640px\" \/><\/p>\n<p><em>Album sans fin<\/em>, dessin de l&rsquo;installation<\/p>\n<p>Argument :<br \/>\nL\u2019apparition du Macintosh puis du logiciel HyperCard ouvrent la voie, entre 1985 et 1988 \u00e0 des essais artistiques qui mettent en avant l\u2019acc\u00e8s aux images et aux textes. Des images en bitmap 2 bits sont obtenues en num\u00e9risant des images arr\u00eat\u00e9es de vid\u00e9os sp\u00e9cialement faites pour assembler des animations extr\u00eamement courtes en boucles. Les douze \u00ab tableaux \u00bb figurent donc des mouvements cycliques ou en va-et-vient. Ils sont reli\u00e9es entre eux comme s\u2019ils \u00e9taient sur une sph\u00e8re. Le trackball, incrust\u00e9 dans le socle, ne comporte pas de clic. Le lecteur agit en pointant les marges des images et, dans certains cas, une zone de l\u2019\u00e9cran. <em>Album sans fin<\/em> tend \u00e0 mettre en \u00e9vidence la coexistence sans pr\u00e9c\u00e9dent du livre et du film.<\/p>\n<p><img loading=\"lazy\" decoding=\"async\" class=\"alignnone wp-image-3729\" src=\"https:\/\/jlggb.net\/jlb\/wp-content\/uploads\/2025\/08\/asf_vis-1024x650.jpg\" alt=\"\" width=\"400\" height=\"254\" srcset=\"https:\/\/jlggb.net\/jlb\/wp-content\/uploads\/2025\/08\/asf_vis-1024x650.jpg 1024w, https:\/\/jlggb.net\/jlb\/wp-content\/uploads\/2025\/08\/asf_vis-300x191.jpg 300w, https:\/\/jlggb.net\/jlb\/wp-content\/uploads\/2025\/08\/asf_vis-768x488.jpg 768w, https:\/\/jlggb.net\/jlb\/wp-content\/uploads\/2025\/08\/asf_vis-1536x976.jpg 1536w, https:\/\/jlggb.net\/jlb\/wp-content\/uploads\/2025\/08\/asf_vis-2048x1301.jpg 2048w\" sizes=\"auto, (max-width: 400px) 100vw, 400px\" \/><\/p>\n<p><img loading=\"lazy\" decoding=\"async\" class=\"alignnone wp-image-3730\" src=\"https:\/\/jlggb.net\/jlb\/wp-content\/uploads\/2025\/08\/asf_scie-scaled.jpg\" alt=\"\" width=\"400\" height=\"254\" srcset=\"https:\/\/jlggb.net\/jlb\/wp-content\/uploads\/2025\/08\/asf_scie-scaled.jpg 2560w, https:\/\/jlggb.net\/jlb\/wp-content\/uploads\/2025\/08\/asf_scie-300x191.jpg 300w, https:\/\/jlggb.net\/jlb\/wp-content\/uploads\/2025\/08\/asf_scie-1024x650.jpg 1024w, https:\/\/jlggb.net\/jlb\/wp-content\/uploads\/2025\/08\/asf_scie-768x488.jpg 768w, https:\/\/jlggb.net\/jlb\/wp-content\/uploads\/2025\/08\/asf_scie-1536x976.jpg 1536w, https:\/\/jlggb.net\/jlb\/wp-content\/uploads\/2025\/08\/asf_scie-2048x1301.jpg 2048w\" sizes=\"auto, (max-width: 400px) 100vw, 400px\" \/><\/p>\n<p><img loading=\"lazy\" decoding=\"async\" class=\"alignnone wp-image-3731\" src=\"https:\/\/jlggb.net\/jlb\/wp-content\/uploads\/2025\/08\/asf_roue-scaled.jpg\" alt=\"\" width=\"400\" height=\"254\" srcset=\"https:\/\/jlggb.net\/jlb\/wp-content\/uploads\/2025\/08\/asf_roue-scaled.jpg 2560w, https:\/\/jlggb.net\/jlb\/wp-content\/uploads\/2025\/08\/asf_roue-300x191.jpg 300w, https:\/\/jlggb.net\/jlb\/wp-content\/uploads\/2025\/08\/asf_roue-1024x650.jpg 1024w, https:\/\/jlggb.net\/jlb\/wp-content\/uploads\/2025\/08\/asf_roue-768x488.jpg 768w, https:\/\/jlggb.net\/jlb\/wp-content\/uploads\/2025\/08\/asf_roue-1536x976.jpg 1536w, https:\/\/jlggb.net\/jlb\/wp-content\/uploads\/2025\/08\/asf_roue-2048x1301.jpg 2048w\" sizes=\"auto, (max-width: 400px) 100vw, 400px\" \/><\/p>\n<p><img loading=\"lazy\" decoding=\"async\" class=\"alignnone wp-image-3732\" src=\"https:\/\/jlggb.net\/jlb\/wp-content\/uploads\/2025\/08\/asf_escalator-scaled.jpg\" alt=\"\" width=\"400\" height=\"254\" srcset=\"https:\/\/jlggb.net\/jlb\/wp-content\/uploads\/2025\/08\/asf_escalator-scaled.jpg 2560w, https:\/\/jlggb.net\/jlb\/wp-content\/uploads\/2025\/08\/asf_escalator-300x191.jpg 300w, https:\/\/jlggb.net\/jlb\/wp-content\/uploads\/2025\/08\/asf_escalator-1024x650.jpg 1024w, https:\/\/jlggb.net\/jlb\/wp-content\/uploads\/2025\/08\/asf_escalator-768x488.jpg 768w, https:\/\/jlggb.net\/jlb\/wp-content\/uploads\/2025\/08\/asf_escalator-1536x976.jpg 1536w, https:\/\/jlggb.net\/jlb\/wp-content\/uploads\/2025\/08\/asf_escalator-2048x1301.jpg 2048w\" sizes=\"auto, (max-width: 400px) 100vw, 400px\" \/><\/p>\n<p><img loading=\"lazy\" decoding=\"async\" class=\"alignnone wp-image-3740\" src=\"https:\/\/jlggb.net\/jlb\/wp-content\/uploads\/2025\/08\/asf_arbre-scaled.jpg\" alt=\"\" width=\"400\" height=\"254\" srcset=\"https:\/\/jlggb.net\/jlb\/wp-content\/uploads\/2025\/08\/asf_arbre-scaled.jpg 2560w, https:\/\/jlggb.net\/jlb\/wp-content\/uploads\/2025\/08\/asf_arbre-300x191.jpg 300w, https:\/\/jlggb.net\/jlb\/wp-content\/uploads\/2025\/08\/asf_arbre-1024x650.jpg 1024w, https:\/\/jlggb.net\/jlb\/wp-content\/uploads\/2025\/08\/asf_arbre-768x488.jpg 768w, https:\/\/jlggb.net\/jlb\/wp-content\/uploads\/2025\/08\/asf_arbre-1536x976.jpg 1536w, https:\/\/jlggb.net\/jlb\/wp-content\/uploads\/2025\/08\/asf_arbre-2048x1301.jpg 2048w\" sizes=\"auto, (max-width: 400px) 100vw, 400px\" \/><\/p>\n<p><img loading=\"lazy\" decoding=\"async\" class=\"alignnone wp-image-3741\" src=\"https:\/\/jlggb.net\/jlb\/wp-content\/uploads\/2025\/08\/asf_cafe-scaled.jpg\" alt=\"\" width=\"400\" height=\"254\" srcset=\"https:\/\/jlggb.net\/jlb\/wp-content\/uploads\/2025\/08\/asf_cafe-scaled.jpg 2560w, https:\/\/jlggb.net\/jlb\/wp-content\/uploads\/2025\/08\/asf_cafe-300x191.jpg 300w, https:\/\/jlggb.net\/jlb\/wp-content\/uploads\/2025\/08\/asf_cafe-1024x650.jpg 1024w, https:\/\/jlggb.net\/jlb\/wp-content\/uploads\/2025\/08\/asf_cafe-768x488.jpg 768w, https:\/\/jlggb.net\/jlb\/wp-content\/uploads\/2025\/08\/asf_cafe-1536x976.jpg 1536w, https:\/\/jlggb.net\/jlb\/wp-content\/uploads\/2025\/08\/asf_cafe-2048x1301.jpg 2048w\" sizes=\"auto, (max-width: 400px) 100vw, 400px\" \/><\/p>\n<p><img loading=\"lazy\" decoding=\"async\" class=\"alignnone wp-image-3742\" src=\"https:\/\/jlggb.net\/jlb\/wp-content\/uploads\/2025\/08\/asf_vague-scaled.jpg\" alt=\"\" width=\"400\" height=\"254\" srcset=\"https:\/\/jlggb.net\/jlb\/wp-content\/uploads\/2025\/08\/asf_vague-scaled.jpg 2560w, https:\/\/jlggb.net\/jlb\/wp-content\/uploads\/2025\/08\/asf_vague-300x191.jpg 300w, https:\/\/jlggb.net\/jlb\/wp-content\/uploads\/2025\/08\/asf_vague-1024x650.jpg 1024w, https:\/\/jlggb.net\/jlb\/wp-content\/uploads\/2025\/08\/asf_vague-768x488.jpg 768w, https:\/\/jlggb.net\/jlb\/wp-content\/uploads\/2025\/08\/asf_vague-1536x976.jpg 1536w, https:\/\/jlggb.net\/jlb\/wp-content\/uploads\/2025\/08\/asf_vague-2048x1301.jpg 2048w\" sizes=\"auto, (max-width: 400px) 100vw, 400px\" \/><\/p>\n<p><img loading=\"lazy\" decoding=\"async\" class=\"alignnone wp-image-3743\" src=\"https:\/\/jlggb.net\/jlb\/wp-content\/uploads\/2025\/08\/asf_fougere-scaled.jpg\" alt=\"\" width=\"400\" height=\"254\" srcset=\"https:\/\/jlggb.net\/jlb\/wp-content\/uploads\/2025\/08\/asf_fougere-scaled.jpg 2560w, https:\/\/jlggb.net\/jlb\/wp-content\/uploads\/2025\/08\/asf_fougere-300x191.jpg 300w, https:\/\/jlggb.net\/jlb\/wp-content\/uploads\/2025\/08\/asf_fougere-1024x650.jpg 1024w, https:\/\/jlggb.net\/jlb\/wp-content\/uploads\/2025\/08\/asf_fougere-768x488.jpg 768w, https:\/\/jlggb.net\/jlb\/wp-content\/uploads\/2025\/08\/asf_fougere-1536x976.jpg 1536w, https:\/\/jlggb.net\/jlb\/wp-content\/uploads\/2025\/08\/asf_fougere-2048x1301.jpg 2048w\" sizes=\"auto, (max-width: 400px) 100vw, 400px\" \/><\/p>\n<p><img loading=\"lazy\" decoding=\"async\" class=\"alignnone wp-image-3749\" src=\"https:\/\/jlggb.net\/jlb\/wp-content\/uploads\/2025\/08\/asf_ventre-scaled.jpg\" alt=\"\" width=\"400\" height=\"254\" srcset=\"https:\/\/jlggb.net\/jlb\/wp-content\/uploads\/2025\/08\/asf_ventre-scaled.jpg 2560w, https:\/\/jlggb.net\/jlb\/wp-content\/uploads\/2025\/08\/asf_ventre-300x191.jpg 300w, https:\/\/jlggb.net\/jlb\/wp-content\/uploads\/2025\/08\/asf_ventre-1024x650.jpg 1024w, https:\/\/jlggb.net\/jlb\/wp-content\/uploads\/2025\/08\/asf_ventre-768x488.jpg 768w, https:\/\/jlggb.net\/jlb\/wp-content\/uploads\/2025\/08\/asf_ventre-1536x976.jpg 1536w, https:\/\/jlggb.net\/jlb\/wp-content\/uploads\/2025\/08\/asf_ventre-2048x1301.jpg 2048w\" sizes=\"auto, (max-width: 400px) 100vw, 400px\" \/><\/p>\n<p><img loading=\"lazy\" decoding=\"async\" class=\"alignnone wp-image-3750\" src=\"https:\/\/jlggb.net\/jlb\/wp-content\/uploads\/2025\/08\/asf_pouce-scaled.jpg\" alt=\"\" width=\"400\" height=\"254\" srcset=\"https:\/\/jlggb.net\/jlb\/wp-content\/uploads\/2025\/08\/asf_pouce-scaled.jpg 2560w, https:\/\/jlggb.net\/jlb\/wp-content\/uploads\/2025\/08\/asf_pouce-300x191.jpg 300w, https:\/\/jlggb.net\/jlb\/wp-content\/uploads\/2025\/08\/asf_pouce-1024x650.jpg 1024w, https:\/\/jlggb.net\/jlb\/wp-content\/uploads\/2025\/08\/asf_pouce-768x488.jpg 768w, https:\/\/jlggb.net\/jlb\/wp-content\/uploads\/2025\/08\/asf_pouce-1536x976.jpg 1536w, https:\/\/jlggb.net\/jlb\/wp-content\/uploads\/2025\/08\/asf_pouce-2048x1301.jpg 2048w\" sizes=\"auto, (max-width: 400px) 100vw, 400px\" \/><\/p>\n<p><img loading=\"lazy\" decoding=\"async\" class=\"alignnone wp-image-3751\" src=\"https:\/\/jlggb.net\/jlb\/wp-content\/uploads\/2025\/08\/asf_oeil-scaled.jpg\" alt=\"\" width=\"400\" height=\"254\" srcset=\"https:\/\/jlggb.net\/jlb\/wp-content\/uploads\/2025\/08\/asf_oeil-scaled.jpg 2560w, https:\/\/jlggb.net\/jlb\/wp-content\/uploads\/2025\/08\/asf_oeil-300x191.jpg 300w, https:\/\/jlggb.net\/jlb\/wp-content\/uploads\/2025\/08\/asf_oeil-1024x650.jpg 1024w, https:\/\/jlggb.net\/jlb\/wp-content\/uploads\/2025\/08\/asf_oeil-768x488.jpg 768w, https:\/\/jlggb.net\/jlb\/wp-content\/uploads\/2025\/08\/asf_oeil-1536x976.jpg 1536w, https:\/\/jlggb.net\/jlb\/wp-content\/uploads\/2025\/08\/asf_oeil-2048x1301.jpg 2048w\" sizes=\"auto, (max-width: 400px) 100vw, 400px\" \/><\/p>\n<p><img loading=\"lazy\" decoding=\"async\" class=\"alignnone wp-image-3752\" src=\"https:\/\/jlggb.net\/jlb\/wp-content\/uploads\/2025\/08\/asf_course-scaled.jpg\" alt=\"\" width=\"400\" height=\"254\" srcset=\"https:\/\/jlggb.net\/jlb\/wp-content\/uploads\/2025\/08\/asf_course-scaled.jpg 2560w, https:\/\/jlggb.net\/jlb\/wp-content\/uploads\/2025\/08\/asf_course-300x191.jpg 300w, https:\/\/jlggb.net\/jlb\/wp-content\/uploads\/2025\/08\/asf_course-1024x650.jpg 1024w, https:\/\/jlggb.net\/jlb\/wp-content\/uploads\/2025\/08\/asf_course-768x488.jpg 768w, https:\/\/jlggb.net\/jlb\/wp-content\/uploads\/2025\/08\/asf_course-1536x976.jpg 1536w, https:\/\/jlggb.net\/jlb\/wp-content\/uploads\/2025\/08\/asf_course-2048x1301.jpg 2048w\" sizes=\"auto, (max-width: 400px) 100vw, 400px\" \/><\/p>\n<p>Photogrammes d&rsquo;<em>Album sans fin<\/em><\/p>\n<p><a href=\"https:\/\/jlggb.net\/jlb\/wp-content\/uploads\/2009\/10\/album-sans-fin-1989-2015.jpg\" data-rel=\"lightbox-image-0\" data-imagelightbox=\"0\" data-rl_title=\"\" data-rl_caption=\"\" title=\"\"><img loading=\"lazy\" decoding=\"async\" class=\"wp-image-1399\" src=\"https:\/\/jlggb.net\/jlb\/wp-content\/uploads\/2009\/10\/album-sans-fin-1989-2015.jpg\" alt=\"OLYMPUS DIGITAL CAMERA\" width=\"640\" height=\"480\" srcset=\"https:\/\/jlggb.net\/jlb\/wp-content\/uploads\/2009\/10\/album-sans-fin-1989-2015.jpg 2000w, https:\/\/jlggb.net\/jlb\/wp-content\/uploads\/2009\/10\/album-sans-fin-1989-2015-300x225.jpg 300w, https:\/\/jlggb.net\/jlb\/wp-content\/uploads\/2009\/10\/album-sans-fin-1989-2015-1024x768.jpg 1024w, https:\/\/jlggb.net\/jlb\/wp-content\/uploads\/2009\/10\/album-sans-fin-1989-2015-150x113.jpg 150w\" sizes=\"auto, (max-width: 640px) 100vw, 640px\" \/><\/a><\/p>\n<p>En juin 2015, pour l&rsquo;exposition <em>Des histoires d\u2019art et d\u2019interactivit\u00e9<\/em> au Mus\u00e9e des arts et m\u00e9tiers, une version exactement conforme \u00e0 celle de 1988-1989 est reconstitu\u00e9e : programme HyperCard, Macintosh SE, trackball Kensington TurboMouse. Dans ce tableau, L\u2019\u0153il suit le curseur en forme de main, ou encore tourne comme la bille sous nos doigts; il sera \u00e0 l&rsquo;origine de <em>Globus oculi<\/em>.<\/p>\n","protected":false},"excerpt":{"rendered":"<p>Album sans fin, 1989, installation interactive originale sur Macintosh SE, film\u00e9e en 2025 D\u00e9monstration d&rsquo;une lecture interactive, version de Essais interactifs, CD-Rom, La Relation comme forme, Mamco, Gen\u00e8ve, 2009 FICHE G\u00c9N\u00c9RIQUE Album sans fin, installation interactive, 1988-1989 biennale Version pour la Biennale internationale \u00ab\u00a0Fotografia 89\u00a0\u00bb, Promotrice delle Belle Arti, Turin, 1989, Franco Torriani curateur Conception &hellip; <a href=\"https:\/\/jlggb.net\/jlb\/travaux\/1989-album-sans-fin\/\" class=\"more-link\">Continuer la lecture de <span class=\"screen-reader-text\">1989 Album sans fin<\/span><\/a><\/p>\n","protected":false},"author":2,"featured_media":0,"parent":556,"menu_order":13,"comment_status":"closed","ping_status":"closed","template":"","meta":{"footnotes":""},"class_list":["post-147","page","type-page","status-publish","hentry"],"_links":{"self":[{"href":"https:\/\/jlggb.net\/jlb\/wp-json\/wp\/v2\/pages\/147","targetHints":{"allow":["GET"]}}],"collection":[{"href":"https:\/\/jlggb.net\/jlb\/wp-json\/wp\/v2\/pages"}],"about":[{"href":"https:\/\/jlggb.net\/jlb\/wp-json\/wp\/v2\/types\/page"}],"author":[{"embeddable":true,"href":"https:\/\/jlggb.net\/jlb\/wp-json\/wp\/v2\/users\/2"}],"replies":[{"embeddable":true,"href":"https:\/\/jlggb.net\/jlb\/wp-json\/wp\/v2\/comments?post=147"}],"version-history":[{"count":36,"href":"https:\/\/jlggb.net\/jlb\/wp-json\/wp\/v2\/pages\/147\/revisions"}],"predecessor-version":[{"id":3755,"href":"https:\/\/jlggb.net\/jlb\/wp-json\/wp\/v2\/pages\/147\/revisions\/3755"}],"up":[{"embeddable":true,"href":"https:\/\/jlggb.net\/jlb\/wp-json\/wp\/v2\/pages\/556"}],"wp:attachment":[{"href":"https:\/\/jlggb.net\/jlb\/wp-json\/wp\/v2\/media?parent=147"}],"curies":[{"name":"wp","href":"https:\/\/api.w.org\/{rel}","templated":true}]}}