{"id":1404,"date":"2015-08-26T18:01:57","date_gmt":"2015-08-26T16:01:57","guid":{"rendered":"http:\/\/jlggb.net\/jlb\/?page_id=1404"},"modified":"2021-02-01T16:11:25","modified_gmt":"2021-02-01T15:11:25","slug":"2015-vincennes-clipboard-70s","status":"publish","type":"page","link":"https:\/\/jlggb.net\/jlb\/travaux\/2015-vincennes-clipboard-70s\/","title":{"rendered":"2015 Les Vigilambules \u2014\u00a0Vincennes Clipboard"},"content":{"rendered":"<p><a href=\"https:\/\/jlggb.net\/jlb\/wp-content\/uploads\/2015\/08\/vincennes-clipboard-quatre-2015.jpg\" data-rel=\"lightbox-image-0\" data-imagelightbox=\"0\" data-rl_title=\"\" data-rl_caption=\"\" title=\"\"><img loading=\"lazy\" decoding=\"async\" class=\"alignnone size-full wp-image-1405\" src=\"https:\/\/jlggb.net\/jlb\/wp-content\/uploads\/2015\/08\/vincennes-clipboard-quatre-2015.jpg\" alt=\"OLYMPUS DIGITAL CAMERA\" width=\"640\" height=\"480\" srcset=\"https:\/\/jlggb.net\/jlb\/wp-content\/uploads\/2015\/08\/vincennes-clipboard-quatre-2015.jpg 2000w, https:\/\/jlggb.net\/jlb\/wp-content\/uploads\/2015\/08\/vincennes-clipboard-quatre-2015-300x225.jpg 300w, https:\/\/jlggb.net\/jlb\/wp-content\/uploads\/2015\/08\/vincennes-clipboard-quatre-2015-1024x768.jpg 1024w, https:\/\/jlggb.net\/jlb\/wp-content\/uploads\/2015\/08\/vincennes-clipboard-quatre-2015-150x113.jpg 150w\" sizes=\"auto, (max-width: 640px) 100vw, 640px\" \/><\/a><br \/>\n<a href=\"https:\/\/jlggb.net\/jlb\/wp-content\/uploads\/2015\/08\/clipboard-vincennes-projection-2015.jpg\" data-rel=\"lightbox-image-1\" data-imagelightbox=\"1\" data-rl_title=\"\" data-rl_caption=\"\" title=\"\"><img loading=\"lazy\" decoding=\"async\" class=\"size-full wp-image-1406\" src=\"https:\/\/jlggb.net\/jlb\/wp-content\/uploads\/2015\/08\/clipboard-vincennes-projection-2015.jpg\" alt=\"OLYMPUS DIGITAL CAMERA\" width=\"640\" height=\"480\" srcset=\"https:\/\/jlggb.net\/jlb\/wp-content\/uploads\/2015\/08\/clipboard-vincennes-projection-2015.jpg 2000w, https:\/\/jlggb.net\/jlb\/wp-content\/uploads\/2015\/08\/clipboard-vincennes-projection-2015-300x225.jpg 300w, https:\/\/jlggb.net\/jlb\/wp-content\/uploads\/2015\/08\/clipboard-vincennes-projection-2015-1024x768.jpg 1024w, https:\/\/jlggb.net\/jlb\/wp-content\/uploads\/2015\/08\/clipboard-vincennes-projection-2015-150x113.jpg 150w\" sizes=\"auto, (max-width: 640px) 100vw, 640px\" \/><\/a><br \/>\nJuin 2015, lieu de l&rsquo;Universit\u00e9 de Vincennes de 1968 \u00e0 1980, exposition <em>Vincennes imprime son cin\u00e9ma<\/em>, Universit\u00e9 Paris 8, Saint-Denis. Volet Vincennes des <em>Vigilambules<\/em> : <em>Vincennes Clipboard<\/em>\u00a0ou <em>Les Vigilambules\/L&rsquo;Illumination de Vincennes<\/em> avec Anahita Hekmat, Tugce Oklay, Miki Okubo, Anne Zeitz. Conception et r\u00e9alisation : Jean-Louis Boissier et Liliane Terrier.<\/p>\n<p><iframe loading=\"lazy\" src=\"\/\/player.vimeo.com\/video\/169023634?title=0&amp;byline=0&amp;portrait=0&amp;color=ffffff\" width=\"640\" height=\"360\" frameborder=\"0\" allowfullscreen=\"allowfullscreen\"><\/iframe><\/p>\n<p>adresse : https:\/\/vimeo.com\/169023634<\/p>\n<p>Jean-Louis Boissier et Liliane Terrier<em><br \/>\nVincennes Clipboard<\/em>\u00a0ou <em>Les Vigilambules\/L&rsquo;Illumination de Vincennes<\/em><br \/>\nFilm-performance<br \/>\n12 extraits de textes de pr\u00e9sentation de cours du d\u00e9partement Cin\u00e9ma et du d\u00e9partement Arts plastiques du Centre universitaire exp\u00e9rimental de Vincennes, 1970-1971 et 1977-1978<br \/>\nLes textes sont d\u00e9couverts, au cours de leur lecture en marchant par<br \/>\nAnahita Hekmat<br \/>\nTugce Oklay<br \/>\nMiki Okubo<br \/>\nAnne Zeitz<br \/>\ndoctorantes en Arts \u00e0 l\u2019Universit\u00e9 Paris 8<\/p>\n<p>Le terrain de la marche et les voix sont enregistr\u00e9s par le clipboard o\u00f9 se trouvent le cahier de textes imprim\u00e9s et un smartphone.<br \/>\nLe trajet, dans le bois de Vincennes le 6 juin 2015, correspond \u00e0 l\u2019emplacement du bassin carr\u00e9 qui se trouvait au centre de l\u2019universit\u00e9.<\/p>\n<p>Voir le site Vincennes &rsquo;70s : <a href=\"http:\/\/www.rvdv.net\/vincennes\/\" target=\"_blank\" rel=\"noopener\">http:\/\/www.rvdv.net\/vincennes\/<\/a><\/p>\n","protected":false},"excerpt":{"rendered":"<p>Juin 2015, lieu de l&rsquo;Universit\u00e9 de Vincennes de 1968 \u00e0 1980, exposition Vincennes imprime son cin\u00e9ma, Universit\u00e9 Paris 8, Saint-Denis. Volet Vincennes des Vigilambules : Vincennes Clipboard\u00a0ou Les Vigilambules\/L&rsquo;Illumination de Vincennes avec Anahita Hekmat, Tugce Oklay, Miki Okubo, Anne Zeitz. Conception et r\u00e9alisation : Jean-Louis Boissier et Liliane Terrier. adresse : https:\/\/vimeo.com\/169023634 Jean-Louis Boissier et &hellip; <a href=\"https:\/\/jlggb.net\/jlb\/travaux\/2015-vincennes-clipboard-70s\/\" class=\"more-link\">Continuer la lecture de <span class=\"screen-reader-text\">2015 Les Vigilambules \u2014\u00a0Vincennes Clipboard<\/span><\/a><\/p>\n","protected":false},"author":2,"featured_media":0,"parent":556,"menu_order":0,"comment_status":"closed","ping_status":"closed","template":"","meta":{"footnotes":""},"class_list":["post-1404","page","type-page","status-publish","hentry"],"_links":{"self":[{"href":"https:\/\/jlggb.net\/jlb\/wp-json\/wp\/v2\/pages\/1404","targetHints":{"allow":["GET"]}}],"collection":[{"href":"https:\/\/jlggb.net\/jlb\/wp-json\/wp\/v2\/pages"}],"about":[{"href":"https:\/\/jlggb.net\/jlb\/wp-json\/wp\/v2\/types\/page"}],"author":[{"embeddable":true,"href":"https:\/\/jlggb.net\/jlb\/wp-json\/wp\/v2\/users\/2"}],"replies":[{"embeddable":true,"href":"https:\/\/jlggb.net\/jlb\/wp-json\/wp\/v2\/comments?post=1404"}],"version-history":[{"count":10,"href":"https:\/\/jlggb.net\/jlb\/wp-json\/wp\/v2\/pages\/1404\/revisions"}],"predecessor-version":[{"id":3013,"href":"https:\/\/jlggb.net\/jlb\/wp-json\/wp\/v2\/pages\/1404\/revisions\/3013"}],"up":[{"embeddable":true,"href":"https:\/\/jlggb.net\/jlb\/wp-json\/wp\/v2\/pages\/556"}],"wp:attachment":[{"href":"https:\/\/jlggb.net\/jlb\/wp-json\/wp\/v2\/media?parent=1404"}],"curies":[{"name":"wp","href":"https:\/\/api.w.org\/{rel}","templated":true}]}}