{"id":1315,"date":"2015-05-12T16:25:15","date_gmt":"2015-05-12T14:25:15","guid":{"rendered":"http:\/\/jlggb.net\/jlb\/?page_id=1315"},"modified":"2015-05-12T16:25:15","modified_gmt":"2015-05-12T14:25:15","slug":"1996-bifurcation-2","status":"publish","type":"page","link":"https:\/\/jlggb.net\/jlb\/travaux\/1996-bifurcation-2\/","title":{"rendered":"1996 Bifurcation 2"},"content":{"rendered":"<p><em>Bifurcation 2<\/em><br \/>\nProgramme vid\u00e9o-interactif sur disquette HD, 1996<br \/>\nPrise de vues vid\u00e9o Hi8, logiciel Director<\/p>\n<p>Pour <em>Version Box<\/em>, bo\u00eete contenant les travaux de 24 auteurs, \u00e9dit\u00e9e \u00e0 l&rsquo;occasion de <em>Version 2.2<\/em>, Centre pour l&rsquo;image contemporaine, Gen\u00e8ve. Commissaire : Simon Lamuni\u00e8re<\/p>\n","protected":false},"excerpt":{"rendered":"<p>Bifurcation 2 Programme vid\u00e9o-interactif sur disquette HD, 1996 Prise de vues vid\u00e9o Hi8, logiciel Director Pour Version Box, bo\u00eete contenant les travaux de 24 auteurs, \u00e9dit\u00e9e \u00e0 l&rsquo;occasion de Version 2.2, Centre pour l&rsquo;image contemporaine, Gen\u00e8ve. Commissaire : Simon Lamuni\u00e8re<\/p>\n","protected":false},"author":2,"featured_media":0,"parent":556,"menu_order":0,"comment_status":"closed","ping_status":"closed","template":"","meta":{"footnotes":""},"class_list":["post-1315","page","type-page","status-publish","hentry"],"_links":{"self":[{"href":"https:\/\/jlggb.net\/jlb\/wp-json\/wp\/v2\/pages\/1315","targetHints":{"allow":["GET"]}}],"collection":[{"href":"https:\/\/jlggb.net\/jlb\/wp-json\/wp\/v2\/pages"}],"about":[{"href":"https:\/\/jlggb.net\/jlb\/wp-json\/wp\/v2\/types\/page"}],"author":[{"embeddable":true,"href":"https:\/\/jlggb.net\/jlb\/wp-json\/wp\/v2\/users\/2"}],"replies":[{"embeddable":true,"href":"https:\/\/jlggb.net\/jlb\/wp-json\/wp\/v2\/comments?post=1315"}],"version-history":[{"count":0,"href":"https:\/\/jlggb.net\/jlb\/wp-json\/wp\/v2\/pages\/1315\/revisions"}],"up":[{"embeddable":true,"href":"https:\/\/jlggb.net\/jlb\/wp-json\/wp\/v2\/pages\/556"}],"wp:attachment":[{"href":"https:\/\/jlggb.net\/jlb\/wp-json\/wp\/v2\/media?parent=1315"}],"curies":[{"name":"wp","href":"https:\/\/api.w.org\/{rel}","templated":true}]}}