{"id":1284,"date":"2015-02-17T23:06:12","date_gmt":"2015-02-17T22:06:12","guid":{"rendered":"http:\/\/jlggb.net\/jlb\/?page_id=1284"},"modified":"2015-02-17T23:07:16","modified_gmt":"2015-02-17T22:07:16","slug":"f3-une-lecon-dobservation","status":"publish","type":"page","link":"https:\/\/jlggb.net\/jlb\/films\/f3-une-lecon-dobservation\/","title":{"rendered":"1969 F3 une le\u00e7on d&rsquo;observation"},"content":{"rendered":"<p>\u00c0 compl\u00e9ter<\/p>\n<p>Film 16 mm couleurs<br \/>\npour le spectacle environnement F3 une le\u00e7on d&rsquo;observation<br \/>\ncon\u00e7u par Jean-Louis Boissier, Jean-Louis Boucher, Michel S\u00e9m\u00e9niako<br \/>\nau th\u00e9\u00e2tre Les Drapiers, Strasbourg<br \/>\nen mai 1969<\/p>\n<p>Voir : <a href=\"https:\/\/jlggb.net\/jlb\/?page_id=533\">https:\/\/jlggb.net\/jlb\/?page_id=533<\/a><\/p>\n","protected":false},"excerpt":{"rendered":"<p>\u00c0 compl\u00e9ter Film 16 mm couleurs pour le spectacle environnement F3 une le\u00e7on d&rsquo;observation con\u00e7u par Jean-Louis Boissier, Jean-Louis Boucher, Michel S\u00e9m\u00e9niako au th\u00e9\u00e2tre Les Drapiers, Strasbourg en mai 1969 Voir : https:\/\/jlggb.net\/jlb\/?page_id=533<\/p>\n","protected":false},"author":2,"featured_media":0,"parent":587,"menu_order":0,"comment_status":"closed","ping_status":"closed","template":"","meta":{"footnotes":""},"class_list":["post-1284","page","type-page","status-publish","hentry"],"_links":{"self":[{"href":"https:\/\/jlggb.net\/jlb\/wp-json\/wp\/v2\/pages\/1284","targetHints":{"allow":["GET"]}}],"collection":[{"href":"https:\/\/jlggb.net\/jlb\/wp-json\/wp\/v2\/pages"}],"about":[{"href":"https:\/\/jlggb.net\/jlb\/wp-json\/wp\/v2\/types\/page"}],"author":[{"embeddable":true,"href":"https:\/\/jlggb.net\/jlb\/wp-json\/wp\/v2\/users\/2"}],"replies":[{"embeddable":true,"href":"https:\/\/jlggb.net\/jlb\/wp-json\/wp\/v2\/comments?post=1284"}],"version-history":[{"count":0,"href":"https:\/\/jlggb.net\/jlb\/wp-json\/wp\/v2\/pages\/1284\/revisions"}],"up":[{"embeddable":true,"href":"https:\/\/jlggb.net\/jlb\/wp-json\/wp\/v2\/pages\/587"}],"wp:attachment":[{"href":"https:\/\/jlggb.net\/jlb\/wp-json\/wp\/v2\/media?parent=1284"}],"curies":[{"name":"wp","href":"https:\/\/api.w.org\/{rel}","templated":true}]}}