{"id":1282,"date":"2015-02-17T23:02:43","date_gmt":"2015-02-17T22:02:43","guid":{"rendered":"http:\/\/jlggb.net\/jlb\/?page_id=1282"},"modified":"2026-01-25T17:34:31","modified_gmt":"2026-01-25T16:34:31","slug":"1968-films-didactiques","status":"publish","type":"page","link":"https:\/\/jlggb.net\/jlb\/films\/1968-films-didactiques\/","title":{"rendered":"1968-1969 Films didactiques"},"content":{"rendered":"<p>\u00c0 compl\u00e9ter<\/p>\n<p>D&rsquo;octobre 1968 \u00e0 septembre 1969, sous le nom de <em>FD1<\/em>, <em>FD2<\/em>, etc. <em>FD20<\/em>, une s\u00e9rie de films en super 8, g\u00e9n\u00e9ralement sonores, sont r\u00e9alis\u00e9s, notamment \u00e0 Strasbourg, \u00e0 partir du Th\u00e9\u00e2tre national de Strasbourg et du th\u00e9\u00e2tre d&rsquo;essais Les Drapiers ainsi qu&rsquo;\u00e0 La Chaux de Fonds, \u00e0 partir du Th\u00e9\u00e2tre populaire romand.<\/p>\n<p><em>FD3<\/em><br \/>\n<em>Maison \u00e0 Strasbourg<\/em>, 1969<\/p>\n<p><em>FD5<\/em><br \/>\n<em>Deux mani\u00e8res de passer le temps<\/em>, 1969<\/p>\n<p><em>FD7<\/em><br \/>\n<em>Deux mani\u00e8res de prendre des notes<\/em>, 1969. Avec Gaston Jung, Th\u00e9\u00e2tre national de Strasbourg. Version courte, num\u00e9risation : CNC, novembre 2015.<br \/>\nVersio HD Vimeo : <a href=\"https:\/\/vimeo.com\/150025756\" target=\"_blank\" rel=\"noopener\">https:\/\/vimeo.com\/150025756<\/a><\/p>\n<p><em>FD20<\/em><br \/>\n<em>N\u00e9cessit\u00e9 de quelques transitions<\/em>, super 8 couleurs, son synchrone, 40 mn.<\/p>\n","protected":false},"excerpt":{"rendered":"<p>\u00c0 compl\u00e9ter D&rsquo;octobre 1968 \u00e0 septembre 1969, sous le nom de FD1, FD2, etc. FD20, une s\u00e9rie de films en super 8, g\u00e9n\u00e9ralement sonores, sont r\u00e9alis\u00e9s, notamment \u00e0 Strasbourg, \u00e0 partir du Th\u00e9\u00e2tre national de Strasbourg et du th\u00e9\u00e2tre d&rsquo;essais Les Drapiers ainsi qu&rsquo;\u00e0 La Chaux de Fonds, \u00e0 partir du Th\u00e9\u00e2tre populaire romand. FD3 &hellip; <a href=\"https:\/\/jlggb.net\/jlb\/films\/1968-films-didactiques\/\" class=\"more-link\">Continuer la lecture de <span class=\"screen-reader-text\">1968-1969 Films didactiques<\/span><\/a><\/p>\n","protected":false},"author":2,"featured_media":0,"parent":587,"menu_order":0,"comment_status":"closed","ping_status":"closed","template":"","meta":{"footnotes":""},"class_list":["post-1282","page","type-page","status-publish","hentry"],"_links":{"self":[{"href":"https:\/\/jlggb.net\/jlb\/wp-json\/wp\/v2\/pages\/1282","targetHints":{"allow":["GET"]}}],"collection":[{"href":"https:\/\/jlggb.net\/jlb\/wp-json\/wp\/v2\/pages"}],"about":[{"href":"https:\/\/jlggb.net\/jlb\/wp-json\/wp\/v2\/types\/page"}],"author":[{"embeddable":true,"href":"https:\/\/jlggb.net\/jlb\/wp-json\/wp\/v2\/users\/2"}],"replies":[{"embeddable":true,"href":"https:\/\/jlggb.net\/jlb\/wp-json\/wp\/v2\/comments?post=1282"}],"version-history":[{"count":14,"href":"https:\/\/jlggb.net\/jlb\/wp-json\/wp\/v2\/pages\/1282\/revisions"}],"predecessor-version":[{"id":3876,"href":"https:\/\/jlggb.net\/jlb\/wp-json\/wp\/v2\/pages\/1282\/revisions\/3876"}],"up":[{"embeddable":true,"href":"https:\/\/jlggb.net\/jlb\/wp-json\/wp\/v2\/pages\/587"}],"wp:attachment":[{"href":"https:\/\/jlggb.net\/jlb\/wp-json\/wp\/v2\/media?parent=1282"}],"curies":[{"name":"wp","href":"https:\/\/api.w.org\/{rel}","templated":true}]}}