{"id":1154,"date":"2014-07-19T21:39:41","date_gmt":"2014-07-19T19:39:41","guid":{"rendered":"http:\/\/jlggb.net\/jlb\/?page_id=1154"},"modified":"2021-12-26T22:38:25","modified_gmt":"2021-12-26T21:38:25","slug":"2014-galerie-ygrec-paris","status":"publish","type":"page","link":"https:\/\/jlggb.net\/jlb\/expositions-personnelles-et-collectives\/2014-galerie-ygrec-paris\/","title":{"rendered":"2014 M\u00e9dia M\u00e9diums Galerie YGrec"},"content":{"rendered":"<p>Exposition <em>M\u00e9dia M\u00e9diums<\/em>. Avril-mai 2014, galerie YGrec-Paris, commissaires Jeff Guess, Gwenola Wagon.<br \/>\n<em>Crassula ubiquiste<\/em>, Installation avec une collection de 32 plantes. Livre de 200 pages avec textes et photographies.<br \/>\nConf\u00e9rence-performance : \u00ab L&rsquo;ubiquit\u00e9 de la crassula \u00bb le 23 mai 2014 ; avec les contributions de Anne Zeitz, Tugce Oklay, Miki Okubo.<\/p>\n<p>Voir : <a href=\"https:\/\/jlggb.net\/jlb\/?page_id=1138\">https:\/\/jlggb.net\/jlb\/?page_id=1138<\/a><\/p>\n<p><a href=\"https:\/\/jlggb.net\/jlb\/wp-content\/uploads\/2014\/07\/media-mediums-livres-light.jpg\" data-rel=\"lightbox-image-0\" data-imagelightbox=\"0\" data-rl_title=\"\" data-rl_caption=\"\" title=\"\"><img loading=\"lazy\" decoding=\"async\" class=\"alignnone wp-image-1221\" src=\"https:\/\/jlggb.net\/jlb\/wp-content\/uploads\/2014\/07\/media-mediums-livres-light.jpg\" alt=\"media mediums livres light\" width=\"640\" height=\"960\" srcset=\"https:\/\/jlggb.net\/jlb\/wp-content\/uploads\/2014\/07\/media-mediums-livres-light.jpg 1200w, https:\/\/jlggb.net\/jlb\/wp-content\/uploads\/2014\/07\/media-mediums-livres-light-200x300.jpg 200w, https:\/\/jlggb.net\/jlb\/wp-content\/uploads\/2014\/07\/media-mediums-livres-light-682x1024.jpg 682w, https:\/\/jlggb.net\/jlb\/wp-content\/uploads\/2014\/07\/media-mediums-livres-light-100x150.jpg 100w\" sizes=\"auto, (max-width: 640px) 100vw, 640px\" \/><\/a><br \/>\n20 livres produits pour <em>M\u00e9dia M\u00e9diums<\/em>, expos\u00e9s \u00e0 la consultation.<\/p>\n<p><a href=\"https:\/\/jlggb.net\/jlb\/wp-content\/uploads\/2021\/12\/jlb_2014_ygrec_crassula_ubiquiste-scaled.jpg\" data-rel=\"lightbox-image-1\" data-imagelightbox=\"1\" data-rl_title=\"\" data-rl_caption=\"\" title=\"\"><img loading=\"lazy\" decoding=\"async\" class=\"alignnone wp-image-3072\" src=\"https:\/\/jlggb.net\/jlb\/wp-content\/uploads\/2021\/12\/jlb_2014_ygrec_crassula_ubiquiste-scaled.jpg\" alt=\"\" width=\"640\" height=\"427\" srcset=\"https:\/\/jlggb.net\/jlb\/wp-content\/uploads\/2021\/12\/jlb_2014_ygrec_crassula_ubiquiste-scaled.jpg 2560w, https:\/\/jlggb.net\/jlb\/wp-content\/uploads\/2021\/12\/jlb_2014_ygrec_crassula_ubiquiste-300x200.jpg 300w, https:\/\/jlggb.net\/jlb\/wp-content\/uploads\/2021\/12\/jlb_2014_ygrec_crassula_ubiquiste-1024x683.jpg 1024w, https:\/\/jlggb.net\/jlb\/wp-content\/uploads\/2021\/12\/jlb_2014_ygrec_crassula_ubiquiste-768x512.jpg 768w, https:\/\/jlggb.net\/jlb\/wp-content\/uploads\/2021\/12\/jlb_2014_ygrec_crassula_ubiquiste-1536x1024.jpg 1536w, https:\/\/jlggb.net\/jlb\/wp-content\/uploads\/2021\/12\/jlb_2014_ygrec_crassula_ubiquiste-2048x1365.jpg 2048w, https:\/\/jlggb.net\/jlb\/wp-content\/uploads\/2021\/12\/jlb_2014_ygrec_crassula_ubiquiste-150x100.jpg 150w\" sizes=\"auto, (max-width: 640px) 100vw, 640px\" \/><\/a><br \/>\nConf\u00e9rence performance \u00ab L&rsquo;ubiquit\u00e9 de la crassula \u00bb.<\/p>\n","protected":false},"excerpt":{"rendered":"<p>Exposition M\u00e9dia M\u00e9diums. Avril-mai 2014, galerie YGrec-Paris, commissaires Jeff Guess, Gwenola Wagon. Crassula ubiquiste, Installation avec une collection de 32 plantes. Livre de 200 pages avec textes et photographies. Conf\u00e9rence-performance : \u00ab L&rsquo;ubiquit\u00e9 de la crassula \u00bb le 23 mai 2014 ; avec les contributions de Anne Zeitz, Tugce Oklay, Miki Okubo. Voir : https:\/\/jlggb.net\/jlb\/?page_id=1138 &hellip; <a href=\"https:\/\/jlggb.net\/jlb\/expositions-personnelles-et-collectives\/2014-galerie-ygrec-paris\/\" class=\"more-link\">Continuer la lecture de <span class=\"screen-reader-text\">2014 M\u00e9dia M\u00e9diums Galerie YGrec<\/span><\/a><\/p>\n","protected":false},"author":2,"featured_media":0,"parent":650,"menu_order":0,"comment_status":"closed","ping_status":"closed","template":"","meta":{"footnotes":""},"class_list":["post-1154","page","type-page","status-publish","hentry"],"_links":{"self":[{"href":"https:\/\/jlggb.net\/jlb\/wp-json\/wp\/v2\/pages\/1154","targetHints":{"allow":["GET"]}}],"collection":[{"href":"https:\/\/jlggb.net\/jlb\/wp-json\/wp\/v2\/pages"}],"about":[{"href":"https:\/\/jlggb.net\/jlb\/wp-json\/wp\/v2\/types\/page"}],"author":[{"embeddable":true,"href":"https:\/\/jlggb.net\/jlb\/wp-json\/wp\/v2\/users\/2"}],"replies":[{"embeddable":true,"href":"https:\/\/jlggb.net\/jlb\/wp-json\/wp\/v2\/comments?post=1154"}],"version-history":[{"count":4,"href":"https:\/\/jlggb.net\/jlb\/wp-json\/wp\/v2\/pages\/1154\/revisions"}],"predecessor-version":[{"id":3073,"href":"https:\/\/jlggb.net\/jlb\/wp-json\/wp\/v2\/pages\/1154\/revisions\/3073"}],"up":[{"embeddable":true,"href":"https:\/\/jlggb.net\/jlb\/wp-json\/wp\/v2\/pages\/650"}],"wp:attachment":[{"href":"https:\/\/jlggb.net\/jlb\/wp-json\/wp\/v2\/media?parent=1154"}],"curies":[{"name":"wp","href":"https:\/\/api.w.org\/{rel}","templated":true}]}}