{"id":1149,"date":"2014-07-19T21:33:08","date_gmt":"2014-07-19T19:33:08","guid":{"rendered":"http:\/\/jlggb.net\/jlb\/?page_id=1149"},"modified":"2016-12-06T01:32:58","modified_gmt":"2016-12-06T00:32:58","slug":"1999-desir-dapprendre","status":"publish","type":"page","link":"https:\/\/jlggb.net\/jlb\/expositions-personnelles-et-collectives\/1999-desir-dapprendre\/","title":{"rendered":"1999 D\u00e9sir d&rsquo;apprendre Cit\u00e9 des sciences"},"content":{"rendered":"<p>Exposition <em>D\u00e9sir d&rsquo;apprendre<\/em>, Cit\u00e9 des sciences et de l&rsquo;industrie, Paris, 1999<br \/>\nInstallation vid\u00e9o interactive <em>La Morale sensitive<\/em>.<br \/>\n<em>\u00e0 compl\u00e9ter<\/em><\/p>\n","protected":false},"excerpt":{"rendered":"<p>Exposition D\u00e9sir d&rsquo;apprendre, Cit\u00e9 des sciences et de l&rsquo;industrie, Paris, 1999 Installation vid\u00e9o interactive La Morale sensitive. \u00e0 compl\u00e9ter<\/p>\n","protected":false},"author":2,"featured_media":0,"parent":650,"menu_order":0,"comment_status":"closed","ping_status":"closed","template":"","meta":{"footnotes":""},"class_list":["post-1149","page","type-page","status-publish","hentry"],"_links":{"self":[{"href":"https:\/\/jlggb.net\/jlb\/wp-json\/wp\/v2\/pages\/1149","targetHints":{"allow":["GET"]}}],"collection":[{"href":"https:\/\/jlggb.net\/jlb\/wp-json\/wp\/v2\/pages"}],"about":[{"href":"https:\/\/jlggb.net\/jlb\/wp-json\/wp\/v2\/types\/page"}],"author":[{"embeddable":true,"href":"https:\/\/jlggb.net\/jlb\/wp-json\/wp\/v2\/users\/2"}],"replies":[{"embeddable":true,"href":"https:\/\/jlggb.net\/jlb\/wp-json\/wp\/v2\/comments?post=1149"}],"version-history":[{"count":2,"href":"https:\/\/jlggb.net\/jlb\/wp-json\/wp\/v2\/pages\/1149\/revisions"}],"predecessor-version":[{"id":1943,"href":"https:\/\/jlggb.net\/jlb\/wp-json\/wp\/v2\/pages\/1149\/revisions\/1943"}],"up":[{"embeddable":true,"href":"https:\/\/jlggb.net\/jlb\/wp-json\/wp\/v2\/pages\/650"}],"wp:attachment":[{"href":"https:\/\/jlggb.net\/jlb\/wp-json\/wp\/v2\/media?parent=1149"}],"curies":[{"name":"wp","href":"https:\/\/api.w.org\/{rel}","templated":true}]}}