{"id":1138,"date":"2014-05-02T10:52:20","date_gmt":"2014-05-02T08:52:20","guid":{"rendered":"http:\/\/jlggb.net\/jlb\/?page_id=1138"},"modified":"2019-01-02T00:08:48","modified_gmt":"2019-01-01T23:08:48","slug":"2014-crassula-ubiquiste","status":"publish","type":"page","link":"https:\/\/jlggb.net\/jlb\/travaux\/2014-crassula-ubiquiste\/","title":{"rendered":"2014-2016 Crassula ubiquiste"},"content":{"rendered":"<p><a href=\"https:\/\/jlggb.net\/jlb\/wp-content\/uploads\/2014\/05\/crassula-ubiquiste-ygrec1.jpg\" data-rel=\"lightbox-image-0\" data-imagelightbox=\"0\" data-rl_title=\"\" data-rl_caption=\"\" title=\"\"><img loading=\"lazy\" decoding=\"async\" class=\"alignnone size-full wp-image-1218\" src=\"https:\/\/jlggb.net\/jlb\/wp-content\/uploads\/2014\/05\/crassula-ubiquiste-ygrec1.jpg\" alt=\"crassula-ubiquiste-ygrec\" width=\"640\" height=\"480\" srcset=\"https:\/\/jlggb.net\/jlb\/wp-content\/uploads\/2014\/05\/crassula-ubiquiste-ygrec1.jpg 4000w, https:\/\/jlggb.net\/jlb\/wp-content\/uploads\/2014\/05\/crassula-ubiquiste-ygrec1-300x225.jpg 300w, https:\/\/jlggb.net\/jlb\/wp-content\/uploads\/2014\/05\/crassula-ubiquiste-ygrec1-1024x768.jpg 1024w, https:\/\/jlggb.net\/jlb\/wp-content\/uploads\/2014\/05\/crassula-ubiquiste-ygrec1-150x112.jpg 150w\" sizes=\"auto, (max-width: 640px) 100vw, 640px\" \/><\/a><br \/>\nJean-Louis Boissier, <em>Crassula ubiquiste<\/em>, collection-installation, 32 plantes, meuble, lumi\u00e8res.<br \/>\nExposition <em>M\u00e9dia M\u00e9diums<\/em>, avril-juin 2014, Galerie Ygrec-Paris : <a href=\"http:\/\/www.mediamediums.net\/fr\/\" target=\"_blank\">http:\/\/www.mediamediums.net\/fr\/<\/a><br \/>\nNotice du catalogue :<br \/>\nDes fragments de la plante succulente nomm\u00e9e crassula ovata sont pr\u00e9lev\u00e9s en divers lieux de plusieurs pays, Chine, \u00c9tats-Unis, Angleterre, Japon, France, Suisse, Danemark. Les boutures sont cultiv\u00e9es et donnent lieu parfois \u00e0 de nouvelles boutures. Diverses occurrences individu\u00e9es d\u2019une plante existent donc en divers lieux. Leur dur\u00e9e de vie en tant que colonie est ind\u00e9termin\u00e9e. On sait aujourd\u2019hui que les plantes communiquent entre elles. Au-del\u00e0, qu\u2019en est-il de ces transmissions pour des plantes ubiquistes ? Sur le mod\u00e8le de la t\u00e9l\u00e9portation et de l\u2019intrication d\u2019\u00e9tats que l\u2019on rep\u00e8re \u00e0 l\u2019\u00e9chelle quantique, les plantes ubiquistes pourraient-elles partager des informations et des exp\u00e9riences ? Une telle investigation pourrait-elle contredire ou amplifier le r\u00f4le d\u2019objets m\u00e9moratifs qu\u2019ont d\u00e9j\u00e0 ces plantes collectionn\u00e9es et exposables ? Car, plus simplement, la puissance du souvenir qu\u2019elles nous communiquent tient \u00e0 leurs vies qui sont ici mais aussi l\u00e0-bas.<\/p>\n<p><img loading=\"lazy\" decoding=\"async\" class=\"alignnone size-full wp-image-1202\" src=\"https:\/\/jlggb.net\/jlb\/wp-content\/uploads\/2014\/11\/crassulubiqblurb.jpg\" alt=\"crassulubiqblurb\" width=\"324\" height=\"486\" \/><br \/>\nJean-Louis Boissier, <em>Crassula ubiquiste<\/em>, livre expos\u00e9, 200 pages<br \/>\nVersion pdf \u00e0 t\u00e9l\u00e9charger (gratuit)\u00a0: <a href=\"http:\/\/www.jlggb.net\/crassula-ubiquiste.pdf\" target=\"_blank\"><em>Crassula ubiquiste.pdf<\/em><\/a><br \/>\nVersion papier \u00e0 commander chez Blurb : <a href=\"http:\/\/www.blurb.com\/b\/5706690-crassula-ubiquiste\" target=\"_blank\">http:\/\/www.blurb.com\/b\/5706690-crassula-ubiquiste<\/a><\/p>\n<p><a href=\"https:\/\/jlggb.net\/jlb\/wp-content\/uploads\/2014\/05\/media-mediums-livres-light.jpg\" data-rel=\"lightbox-image-1\" data-imagelightbox=\"1\" data-rl_title=\"\" data-rl_caption=\"\" title=\"\"><img loading=\"lazy\" decoding=\"async\" class=\"alignnone wp-image-1245\" src=\"https:\/\/jlggb.net\/jlb\/wp-content\/uploads\/2014\/05\/media-mediums-livres-light.jpg\" alt=\"media mediums livres light\" width=\"320\" height=\"480\" srcset=\"https:\/\/jlggb.net\/jlb\/wp-content\/uploads\/2014\/05\/media-mediums-livres-light.jpg 1200w, https:\/\/jlggb.net\/jlb\/wp-content\/uploads\/2014\/05\/media-mediums-livres-light-200x300.jpg 200w, https:\/\/jlggb.net\/jlb\/wp-content\/uploads\/2014\/05\/media-mediums-livres-light-683x1024.jpg 683w, https:\/\/jlggb.net\/jlb\/wp-content\/uploads\/2014\/05\/media-mediums-livres-light-100x150.jpg 100w\" sizes=\"auto, (max-width: 320px) 100vw, 320px\" \/><\/a><br \/>\nEnsemble des 20 livres produits pour l&rsquo;exposition <em>M\u00e9dia M\u00e9diums.<\/em><\/p>\n<p>Conf\u00e9rence M\u00e9dia M\u00e9diums sur les inventions r\u00e9volutionnaires de Chappe et Cont\u00e9 : <a href=\"https:\/\/jlggb.net\/jlb\/\/wp-media\/jlb-chappe-conte-2014.mp3\"> \u00e9couter l&rsquo;enregistrement<\/a><\/p>\n<p><a href=\"https:\/\/jlggb.net\/jlb\/wp-content\/uploads\/2014\/05\/crassula-ubiquiste-epa-32-2016.jpg\" data-rel=\"lightbox-image-2\" data-imagelightbox=\"2\" data-rl_title=\"\" data-rl_caption=\"\" title=\"\"><img loading=\"lazy\" decoding=\"async\" class=\"alignnone wp-image-1602\" src=\"https:\/\/jlggb.net\/jlb\/wp-content\/uploads\/2014\/05\/crassula-ubiquiste-epa-32-2016.jpg\" width=\"640\" height=\"480\" srcset=\"https:\/\/jlggb.net\/jlb\/wp-content\/uploads\/2014\/05\/crassula-ubiquiste-epa-32-2016.jpg 2000w, https:\/\/jlggb.net\/jlb\/wp-content\/uploads\/2014\/05\/crassula-ubiquiste-epa-32-2016-300x225.jpg 300w, https:\/\/jlggb.net\/jlb\/wp-content\/uploads\/2014\/05\/crassula-ubiquiste-epa-32-2016-768x576.jpg 768w, https:\/\/jlggb.net\/jlb\/wp-content\/uploads\/2014\/05\/crassula-ubiquiste-epa-32-2016-1024x768.jpg 1024w, https:\/\/jlggb.net\/jlb\/wp-content\/uploads\/2014\/05\/crassula-ubiquiste-epa-32-2016-150x113.jpg 150w\" sizes=\"auto, (max-width: 640px) 100vw, 640px\" \/><\/a> <a href=\"https:\/\/jlggb.net\/jlb\/wp-content\/uploads\/2014\/05\/crassula-ubiquiste-epa-captures-2016.jpg\" data-rel=\"lightbox-image-3\" data-imagelightbox=\"3\" data-rl_title=\"\" data-rl_caption=\"\" title=\"\"><img loading=\"lazy\" decoding=\"async\" class=\"alignnone wp-image-1603\" src=\"https:\/\/jlggb.net\/jlb\/wp-content\/uploads\/2014\/05\/crassula-ubiquiste-epa-captures-2016.jpg\" width=\"640\" height=\"480\" srcset=\"https:\/\/jlggb.net\/jlb\/wp-content\/uploads\/2014\/05\/crassula-ubiquiste-epa-captures-2016.jpg 2000w, https:\/\/jlggb.net\/jlb\/wp-content\/uploads\/2014\/05\/crassula-ubiquiste-epa-captures-2016-300x225.jpg 300w, https:\/\/jlggb.net\/jlb\/wp-content\/uploads\/2014\/05\/crassula-ubiquiste-epa-captures-2016-768x576.jpg 768w, https:\/\/jlggb.net\/jlb\/wp-content\/uploads\/2014\/05\/crassula-ubiquiste-epa-captures-2016-1024x768.jpg 1024w, https:\/\/jlggb.net\/jlb\/wp-content\/uploads\/2014\/05\/crassula-ubiquiste-epa-captures-2016-150x113.jpg 150w\" sizes=\"auto, (max-width: 640px) 100vw, 640px\" \/><br \/>\n<\/a>12 octobre &#8211; 10 novembre 2016, Espace pour l&rsquo;art (Laetitia Talbot), Arles.<br \/>\nUne liste des 32 origines, deux tables de 16 plantes, 2 (96 &#8211; 96 &#8211; 96 cm), deux lampes fluorescentes 7000 K, une webcam, un haut-parleur. Diffusion de quatre textes, 12 mn (Sophie Daste, Miki Okubo, Tugce Oklay, Anne Zeitz).<\/p>\n","protected":false},"excerpt":{"rendered":"<p>Jean-Louis Boissier, Crassula ubiquiste, collection-installation, 32 plantes, meuble, lumi\u00e8res. Exposition M\u00e9dia M\u00e9diums, avril-juin 2014, Galerie Ygrec-Paris : http:\/\/www.mediamediums.net\/fr\/ Notice du catalogue : Des fragments de la plante succulente nomm\u00e9e crassula ovata sont pr\u00e9lev\u00e9s en divers lieux de plusieurs pays, Chine, \u00c9tats-Unis, Angleterre, Japon, France, Suisse, Danemark. Les boutures sont cultiv\u00e9es et donnent lieu parfois \u00e0 &hellip; <a href=\"https:\/\/jlggb.net\/jlb\/travaux\/2014-crassula-ubiquiste\/\" class=\"more-link\">Continuer la lecture de <span class=\"screen-reader-text\">2014-2016 Crassula ubiquiste<\/span><\/a><\/p>\n","protected":false},"author":2,"featured_media":0,"parent":556,"menu_order":0,"comment_status":"closed","ping_status":"closed","template":"","meta":{"footnotes":""},"class_list":["post-1138","page","type-page","status-publish","hentry"],"_links":{"self":[{"href":"https:\/\/jlggb.net\/jlb\/wp-json\/wp\/v2\/pages\/1138","targetHints":{"allow":["GET"]}}],"collection":[{"href":"https:\/\/jlggb.net\/jlb\/wp-json\/wp\/v2\/pages"}],"about":[{"href":"https:\/\/jlggb.net\/jlb\/wp-json\/wp\/v2\/types\/page"}],"author":[{"embeddable":true,"href":"https:\/\/jlggb.net\/jlb\/wp-json\/wp\/v2\/users\/2"}],"replies":[{"embeddable":true,"href":"https:\/\/jlggb.net\/jlb\/wp-json\/wp\/v2\/comments?post=1138"}],"version-history":[{"count":6,"href":"https:\/\/jlggb.net\/jlb\/wp-json\/wp\/v2\/pages\/1138\/revisions"}],"predecessor-version":[{"id":2539,"href":"https:\/\/jlggb.net\/jlb\/wp-json\/wp\/v2\/pages\/1138\/revisions\/2539"}],"up":[{"embeddable":true,"href":"https:\/\/jlggb.net\/jlb\/wp-json\/wp\/v2\/pages\/556"}],"wp:attachment":[{"href":"https:\/\/jlggb.net\/jlb\/wp-json\/wp\/v2\/media?parent=1138"}],"curies":[{"name":"wp","href":"https:\/\/api.w.org\/{rel}","templated":true}]}}