{"id":1120,"date":"2014-01-05T01:26:36","date_gmt":"2014-01-05T00:26:36","guid":{"rendered":"http:\/\/jlggb.net\/jlb\/?page_id=1120"},"modified":"2014-01-05T01:26:36","modified_gmt":"2014-01-05T00:26:36","slug":"2007-la-question-des-nouveaux-medias","status":"publish","type":"page","link":"https:\/\/jlggb.net\/jlb\/textes\/2007-la-question-des-nouveaux-medias\/","title":{"rendered":"2007 La Question des nouveaux m\u00e9dias"},"content":{"rendered":"<p><a href=\"https:\/\/jlggb.net\/jlb\/wp-content\/uploads\/2014\/01\/trenteansdhistoire.jpg\" data-rel=\"lightbox-image-0\" data-imagelightbox=\"0\" data-rl_title=\"\" data-rl_caption=\"\" title=\"\"><img loading=\"lazy\" decoding=\"async\" class=\"alignnone size-full wp-image-1122\" alt=\"trenteansdhistoire\" src=\"https:\/\/jlggb.net\/jlb\/wp-content\/uploads\/2014\/01\/trenteansdhistoire.jpg\" width=\"159\" height=\"200\" srcset=\"https:\/\/jlggb.net\/jlb\/wp-content\/uploads\/2014\/01\/trenteansdhistoire.jpg 159w, https:\/\/jlggb.net\/jlb\/wp-content\/uploads\/2014\/01\/trenteansdhistoire-119x150.jpg 119w\" sizes=\"auto, (max-width: 159px) 100vw, 159px\" \/><\/a><br \/>\n\u00ab\u00a0La question des nouveaux m\u00e9dias num\u00e9riques\u00a0\u00bb publi\u00e9 dans:<em> <\/em><em>Centre Pompidou : 30 ans d\u2019histoire<\/em>, ouvrage collectif sous la direction de Bernadette Dufr\u00eane, 2007, 664 pages, 850 ill. noir et blanc et couleurs, format 19 x 24 cm reli\u00e9, ISBN 978-2-84426-322-3. Pages 374 \u00e0 391.<\/p>\n","protected":false},"excerpt":{"rendered":"<p>\u00ab\u00a0La question des nouveaux m\u00e9dias num\u00e9riques\u00a0\u00bb publi\u00e9 dans: Centre Pompidou : 30 ans d\u2019histoire, ouvrage collectif sous la direction de Bernadette Dufr\u00eane, 2007, 664 pages, 850 ill. noir et blanc et couleurs, format 19 x 24 cm reli\u00e9, ISBN 978-2-84426-322-3. Pages 374 \u00e0 391.<\/p>\n","protected":false},"author":2,"featured_media":0,"parent":645,"menu_order":0,"comment_status":"closed","ping_status":"closed","template":"","meta":{"footnotes":""},"class_list":["post-1120","page","type-page","status-publish","hentry"],"_links":{"self":[{"href":"https:\/\/jlggb.net\/jlb\/wp-json\/wp\/v2\/pages\/1120","targetHints":{"allow":["GET"]}}],"collection":[{"href":"https:\/\/jlggb.net\/jlb\/wp-json\/wp\/v2\/pages"}],"about":[{"href":"https:\/\/jlggb.net\/jlb\/wp-json\/wp\/v2\/types\/page"}],"author":[{"embeddable":true,"href":"https:\/\/jlggb.net\/jlb\/wp-json\/wp\/v2\/users\/2"}],"replies":[{"embeddable":true,"href":"https:\/\/jlggb.net\/jlb\/wp-json\/wp\/v2\/comments?post=1120"}],"version-history":[{"count":0,"href":"https:\/\/jlggb.net\/jlb\/wp-json\/wp\/v2\/pages\/1120\/revisions"}],"up":[{"embeddable":true,"href":"https:\/\/jlggb.net\/jlb\/wp-json\/wp\/v2\/pages\/645"}],"wp:attachment":[{"href":"https:\/\/jlggb.net\/jlb\/wp-json\/wp\/v2\/media?parent=1120"}],"curies":[{"name":"wp","href":"https:\/\/api.w.org\/{rel}","templated":true}]}}