{"id":1116,"date":"2014-01-05T01:18:20","date_gmt":"2014-01-05T00:18:20","guid":{"rendered":"http:\/\/jlggb.net\/jlb\/?page_id=1116"},"modified":"2014-01-05T01:26:59","modified_gmt":"2014-01-05T00:26:59","slug":"2009-experimentation-essai-et-oeuvre-didactique","status":"publish","type":"page","link":"https:\/\/jlggb.net\/jlb\/textes\/2009-experimentation-essai-et-oeuvre-didactique\/","title":{"rendered":"2009 Exp\u00e9rimentation, essai et \u0153uvre didactique"},"content":{"rendered":"<p><a href=\"https:\/\/jlggb.net\/jlb\/wp-content\/uploads\/2014\/01\/RC_.jpg\" data-rel=\"lightbox-image-0\" data-imagelightbox=\"0\" data-rl_title=\"\" data-rl_caption=\"\" title=\"\"><img loading=\"lazy\" decoding=\"async\" class=\"alignnone  wp-image-1117\" alt=\"RC_\" src=\"https:\/\/jlggb.net\/jlb\/wp-content\/uploads\/2014\/01\/RC_.jpg\" width=\"320\" height=\"447\" srcset=\"https:\/\/jlggb.net\/jlb\/wp-content\/uploads\/2014\/01\/RC_.jpg 512w, https:\/\/jlggb.net\/jlb\/wp-content\/uploads\/2014\/01\/RC_-214x300.jpg 214w, https:\/\/jlggb.net\/jlb\/wp-content\/uploads\/2014\/01\/RC_-107x150.jpg 107w\" sizes=\"auto, (max-width: 320px) 100vw, 320px\" \/><\/a><br \/>\n\u00ab Exp\u00e9rimentation, essai et \u0153uvre didactique \u00bb, entretien avec Samuel Bianchini, <em>Recherche &amp; Cr\u00e9ation. Arts, technologie, p\u00e9dagogie, innovation<\/em>, sous la direction de Samuel Bianchini, Burozo\u00efque\/Les \u00c9ditions du Parc, \u00c9cole nationale sup\u00e9rieure d\u2019art de Nancy, 2009.<\/p>\n","protected":false},"excerpt":{"rendered":"<p>\u00ab Exp\u00e9rimentation, essai et \u0153uvre didactique \u00bb, entretien avec Samuel Bianchini, Recherche &amp; Cr\u00e9ation. Arts, technologie, p\u00e9dagogie, innovation, sous la direction de Samuel Bianchini, Burozo\u00efque\/Les \u00c9ditions du Parc, \u00c9cole nationale sup\u00e9rieure d\u2019art de Nancy, 2009.<\/p>\n","protected":false},"author":2,"featured_media":0,"parent":645,"menu_order":0,"comment_status":"closed","ping_status":"closed","template":"","meta":{"footnotes":""},"class_list":["post-1116","page","type-page","status-publish","hentry"],"_links":{"self":[{"href":"https:\/\/jlggb.net\/jlb\/wp-json\/wp\/v2\/pages\/1116","targetHints":{"allow":["GET"]}}],"collection":[{"href":"https:\/\/jlggb.net\/jlb\/wp-json\/wp\/v2\/pages"}],"about":[{"href":"https:\/\/jlggb.net\/jlb\/wp-json\/wp\/v2\/types\/page"}],"author":[{"embeddable":true,"href":"https:\/\/jlggb.net\/jlb\/wp-json\/wp\/v2\/users\/2"}],"replies":[{"embeddable":true,"href":"https:\/\/jlggb.net\/jlb\/wp-json\/wp\/v2\/comments?post=1116"}],"version-history":[{"count":0,"href":"https:\/\/jlggb.net\/jlb\/wp-json\/wp\/v2\/pages\/1116\/revisions"}],"up":[{"embeddable":true,"href":"https:\/\/jlggb.net\/jlb\/wp-json\/wp\/v2\/pages\/645"}],"wp:attachment":[{"href":"https:\/\/jlggb.net\/jlb\/wp-json\/wp\/v2\/media?parent=1116"}],"curies":[{"name":"wp","href":"https:\/\/api.w.org\/{rel}","templated":true}]}}