{"id":1112,"date":"2014-01-05T01:15:13","date_gmt":"2014-01-05T00:15:13","guid":{"rendered":"http:\/\/jlggb.net\/jlb\/?page_id=1112"},"modified":"2014-01-05T01:15:13","modified_gmt":"2014-01-05T00:15:13","slug":"2010-experimentation-des-dispositifs-dune-perspective-relationnelle","status":"publish","type":"page","link":"https:\/\/jlggb.net\/jlb\/textes\/2010-experimentation-des-dispositifs-dune-perspective-relationnelle\/","title":{"rendered":"2010 Exp\u00e9rimentation des dispositifs d\u2019une perspective relationnelle"},"content":{"rendered":"<p><img loading=\"lazy\" decoding=\"async\" class=\"alignnone size-full wp-image-1114\" alt=\"inactu_F\" src=\"https:\/\/jlggb.net\/jlb\/wp-content\/uploads\/2014\/01\/inactu_F.jpg\" width=\"202\" height=\"300\" srcset=\"https:\/\/jlggb.net\/jlb\/wp-content\/uploads\/2014\/01\/inactu_F.jpg 202w, https:\/\/jlggb.net\/jlb\/wp-content\/uploads\/2014\/01\/inactu_F-101x150.jpg 101w\" sizes=\"auto, (max-width: 202px) 100vw, 202px\" \/><br \/>\n\u00ab Exp\u00e9rimentation des dispositifs d\u2019une perspective relationnelle \u00bb, in <em>In actu. De l\u2019exp\u00e9rimental dans l\u2019art<\/em>, \u00e9dit\u00e9 par \u00c9lie During, Laurent Jeanpierre, Christophe Kihm, Dork Zabunyan, Les Presses du r\u00e9el, 2010.<\/p>\n","protected":false},"excerpt":{"rendered":"<p>\u00ab Exp\u00e9rimentation des dispositifs d\u2019une perspective relationnelle \u00bb, in In actu. De l\u2019exp\u00e9rimental dans l\u2019art, \u00e9dit\u00e9 par \u00c9lie During, Laurent Jeanpierre, Christophe Kihm, Dork Zabunyan, Les Presses du r\u00e9el, 2010.<\/p>\n","protected":false},"author":2,"featured_media":0,"parent":645,"menu_order":0,"comment_status":"closed","ping_status":"closed","template":"","meta":{"footnotes":""},"class_list":["post-1112","page","type-page","status-publish","hentry"],"_links":{"self":[{"href":"https:\/\/jlggb.net\/jlb\/wp-json\/wp\/v2\/pages\/1112","targetHints":{"allow":["GET"]}}],"collection":[{"href":"https:\/\/jlggb.net\/jlb\/wp-json\/wp\/v2\/pages"}],"about":[{"href":"https:\/\/jlggb.net\/jlb\/wp-json\/wp\/v2\/types\/page"}],"author":[{"embeddable":true,"href":"https:\/\/jlggb.net\/jlb\/wp-json\/wp\/v2\/users\/2"}],"replies":[{"embeddable":true,"href":"https:\/\/jlggb.net\/jlb\/wp-json\/wp\/v2\/comments?post=1112"}],"version-history":[{"count":0,"href":"https:\/\/jlggb.net\/jlb\/wp-json\/wp\/v2\/pages\/1112\/revisions"}],"up":[{"embeddable":true,"href":"https:\/\/jlggb.net\/jlb\/wp-json\/wp\/v2\/pages\/645"}],"wp:attachment":[{"href":"https:\/\/jlggb.net\/jlb\/wp-json\/wp\/v2\/media?parent=1112"}],"curies":[{"name":"wp","href":"https:\/\/api.w.org\/{rel}","templated":true}]}}