{"id":1103,"date":"2014-01-04T13:59:25","date_gmt":"2014-01-04T12:59:25","guid":{"rendered":"http:\/\/jlggb.net\/jlb\/?page_id=1103"},"modified":"2014-01-04T14:00:30","modified_gmt":"2014-01-04T13:00:30","slug":"2013-propositions-pour-un-cinema-interactif-experimental","status":"publish","type":"page","link":"https:\/\/jlggb.net\/jlb\/textes\/2013-propositions-pour-un-cinema-interactif-experimental\/","title":{"rendered":"2013 Propositions pour un cin\u00e9ma interactif exp\u00e9rimental"},"content":{"rendered":"<p>JLB, \u00ab Propositions pour un cin\u00e9ma interactif exp\u00e9rimental \u00bb in Jean-Marie Dallet (dir.), <em>Cin\u00e9ma, interactivit\u00e9 et soci\u00e9t\u00e9,<\/em> VDMC, Bruxelles, 2013, pp. 142 \u2014 163.<\/p>\n<p><a href=\"https:\/\/jlggb.net\/jlb\/wp-content\/uploads\/2014\/01\/JMD-cinema-2008-2013-900.jpg\" data-rel=\"lightbox-image-0\" data-imagelightbox=\"0\" data-rl_title=\"\" data-rl_caption=\"\" title=\"\"><img loading=\"lazy\" decoding=\"async\" class=\"alignnone  wp-image-1105\" alt=\"JMD cinema 2008-2013 900\" src=\"https:\/\/jlggb.net\/jlb\/wp-content\/uploads\/2014\/01\/JMD-cinema-2008-2013-900.jpg\" width=\"400\" height=\"500\" srcset=\"https:\/\/jlggb.net\/jlb\/wp-content\/uploads\/2014\/01\/JMD-cinema-2008-2013-900.jpg 900w, https:\/\/jlggb.net\/jlb\/wp-content\/uploads\/2014\/01\/JMD-cinema-2008-2013-900-240x300.jpg 240w, https:\/\/jlggb.net\/jlb\/wp-content\/uploads\/2014\/01\/JMD-cinema-2008-2013-900-820x1024.jpg 820w, https:\/\/jlggb.net\/jlb\/wp-content\/uploads\/2014\/01\/JMD-cinema-2008-2013-900-120x150.jpg 120w\" sizes=\"auto, (max-width: 400px) 100vw, 400px\" \/><\/a><\/p>\n","protected":false},"excerpt":{"rendered":"<p>JLB, \u00ab Propositions pour un cin\u00e9ma interactif exp\u00e9rimental \u00bb in Jean-Marie Dallet (dir.), Cin\u00e9ma, interactivit\u00e9 et soci\u00e9t\u00e9, VDMC, Bruxelles, 2013, pp. 142 \u2014 163.<\/p>\n","protected":false},"author":2,"featured_media":0,"parent":645,"menu_order":0,"comment_status":"closed","ping_status":"closed","template":"","meta":{"footnotes":""},"class_list":["post-1103","page","type-page","status-publish","hentry"],"_links":{"self":[{"href":"https:\/\/jlggb.net\/jlb\/wp-json\/wp\/v2\/pages\/1103","targetHints":{"allow":["GET"]}}],"collection":[{"href":"https:\/\/jlggb.net\/jlb\/wp-json\/wp\/v2\/pages"}],"about":[{"href":"https:\/\/jlggb.net\/jlb\/wp-json\/wp\/v2\/types\/page"}],"author":[{"embeddable":true,"href":"https:\/\/jlggb.net\/jlb\/wp-json\/wp\/v2\/users\/2"}],"replies":[{"embeddable":true,"href":"https:\/\/jlggb.net\/jlb\/wp-json\/wp\/v2\/comments?post=1103"}],"version-history":[{"count":0,"href":"https:\/\/jlggb.net\/jlb\/wp-json\/wp\/v2\/pages\/1103\/revisions"}],"up":[{"embeddable":true,"href":"https:\/\/jlggb.net\/jlb\/wp-json\/wp\/v2\/pages\/645"}],"wp:attachment":[{"href":"https:\/\/jlggb.net\/jlb\/wp-json\/wp\/v2\/media?parent=1103"}],"curies":[{"name":"wp","href":"https:\/\/api.w.org\/{rel}","templated":true}]}}