{"id":1093,"date":"2014-01-04T12:51:48","date_gmt":"2014-01-04T11:51:48","guid":{"rendered":"http:\/\/jlggb.net\/jlb\/?page_id=1093"},"modified":"2016-01-02T21:13:59","modified_gmt":"2016-01-02T20:13:59","slug":"2012-les-vigilambules-rousseau-retrouve","status":"publish","type":"page","link":"https:\/\/jlggb.net\/jlb\/travaux\/2012-les-vigilambules-rousseau-retrouve\/","title":{"rendered":"2012 Les Vigilambules \u2014 Rousseau retrouv\u00e9"},"content":{"rendered":"<p><a href=\"https:\/\/jlggb.net\/jlb\/wp-content\/uploads\/2014\/01\/ermenonville-devin.jpg\" rel=\"attachment wp-att-1525\" data-rel=\"lightbox-image-0\" data-imagelightbox=\"0\" data-rl_title=\"\" data-rl_caption=\"\" title=\"\"><img loading=\"lazy\" decoding=\"async\" src=\"https:\/\/jlggb.net\/jlb\/wp-content\/uploads\/2014\/01\/ermenonville-devin.jpg\" alt=\"Rr\" width=\"640\" height=\"480\" class=\"alignnone size-full wp-image-1525\" srcset=\"https:\/\/jlggb.net\/jlb\/wp-content\/uploads\/2014\/01\/ermenonville-devin.jpg 1280w, https:\/\/jlggb.net\/jlb\/wp-content\/uploads\/2014\/01\/ermenonville-devin-300x225.jpg 300w, https:\/\/jlggb.net\/jlb\/wp-content\/uploads\/2014\/01\/ermenonville-devin-768x576.jpg 768w, https:\/\/jlggb.net\/jlb\/wp-content\/uploads\/2014\/01\/ermenonville-devin-1024x768.jpg 1024w, https:\/\/jlggb.net\/jlb\/wp-content\/uploads\/2014\/01\/ermenonville-devin-150x113.jpg 150w\" sizes=\"auto, (max-width: 640px) 100vw, 640px\" \/><\/a><br \/>\nRep\u00e9rage quartier Saint-Jean de Gen\u00e8ve.<\/p>\n<p><iframe loading=\"lazy\" src=\"http:\/\/player.vimeo.com\/video\/150541953?byline=0&amp;portrait=0&amp;color=ffffff\" width=\"640\" height=\"360\" frameborder=\"0\"><\/iframe><br \/>\n<em>Les Vigilambules \u2014\u00a0Rousseau retrouv\u00e9<\/em> Gen\u00e8ve 4 mai 2012. \u00c9l\u00e8ves du Coll\u00e8ge Rousseau. Extraits des captures vid\u00e9o.<br \/>\nVersio HD Vimeo : <a href=\"https:\/\/vimeo.com\/150541953\" target=\"_blank\">https:\/\/vimeo.com\/150541953<\/a><\/p>\n<p>Le projet exp\u00e9rimental et p\u00e9dagogique : \u00ab Rousseau retrouv\u00e9 \u00bb, 2011-2012, de la s\u00e9rie <em>Les Vigilambules<\/em><\/p>\n<p>Voir :<br \/>\n<a href=\"http:\/\/www.vigilambule.net\/blog\/?page_id=2\" target=\"_blank\">http:\/\/www.vigilambule.net\/blog\/?page_id=2<\/a><br \/>\net<br \/>\n<a href=\"http:\/\/circonstances.net\/Rr\/\" target=\"_blank\">http:\/\/circonstances.net\/Rr\/<\/a><\/p>\n<p>Il s\u2019agit de (re)donner une actualit\u00e9 aux textes de Rousseau, au sens de les rendre nos contemporains, mais aussi au sens de les actualiser en les faisant passer du virtuel \u00e0 l\u2019actuel. Nous insistons, dans cette exp\u00e9rience, sur les dimensions de mobilit\u00e9 et de mobilisation, sur son inscription comme pr\u00e9sent actif poss\u00e9dant de fortes potentialit\u00e9s \u00e0 la fois pour la rem\u00e9moration et pour la pr\u00e9monition.<\/p>\n<p>Un dispositif et un protocole semblables peuvent \u00eatre appliqu\u00e9s \u00e0 des r\u00e9alit\u00e9s et \u00e0 des sc\u00e9narios diff\u00e9rents. Dans tous les cas, des textes sont contenus dans des tablettes num\u00e9riques mobiles et peuvent s\u2019afficher dans des conditions de comportement des utilisateur et aussi de de localisation pr\u00e9cises, par le biais des divers capteurs des tablettes (acc\u00e9l\u00e9rom\u00e8tres, gyroscope, boussole) d\u2019une g\u00e9olocalisation GPS perfectionn\u00e9e par d\u2019autres syst\u00e8mes de rep\u00e9rage (WiFI, GSM, etc.) et enfin par des syst\u00e8mes de reconnaissance optique de formes et paterns.<\/p>\n<p>Ces textes, lorsqu\u2019ils s\u2019affichent, sont lus \u00e0 haute voix par les \u00ab performeurs \u00bb qui portent les tablettes num\u00e9riques. Ces performances sont alors consid\u00e9r\u00e9es comme actes artistiques \u00e0 part enti\u00e8re, sont appr\u00e9ci\u00e9s comme tels, mais font \u00e9galement l\u2019objet de captations vid\u00e9o-sonores.<\/p>\n<p>La restitution de ces enregistrements peut notamment avoir lieu sur des tablettes num\u00e9riques identiques \u00e0 celles des performances mais attach\u00e9es \u00e0 leurs lieux de captation et jouer alors sur eux de l\u2019effet de \u00ab r\u00e9alit\u00e9 augment\u00e9e \u00bb :<\/p>\n<p>\u00ab Rousseau retrouv\u00e9 \u00bb se r\u00e9alise en coop\u00e9ration avec des \u00e9l\u00e8ves et des enseignants du Coll\u00e8ge Rousseau \u00e0 Gen\u00e8ve dans le quartier Saint-Jean de Gen\u00e8ve o\u00f9 de nombreuses rues portent les noms d\u2019\u0153uvres litt\u00e9raires et philosophiques de Rousseau. Les plaques de rues sont comme des \u00ab couvertures de livres virtuels \u00bb inscrites dans le paysage, elles fonctionnent comme d\u00e9clencheur de l\u2019apparition des textes relatifs et de leur \u00e9nonciation par les participants.<\/p>\n<p>Instruments :<br \/>\nTablettes num\u00e9riques de type iPad 2. \u2028Routeurs Wi-Fi.<br \/>\nCam\u00e9ras HD<\/p>\n<p>D\u00e9veloppement :<br \/>\nDominique Cunin<\/p>\n<p>Partenaires :<br \/>\nColl\u00e8ge Rousseau de Gen\u00e8ve<br \/>\nHaute \u00c9cole d\u2019Art et de Design-Gen\u00e8ve, master Media-Design<br \/>\nUniversit\u00e9 Paris 8, laboratoire \u00ab Esth\u00e9tique des nouveaux m\u00e9dias \u00bb<br \/>\nENSAD, EnsadLab, Paris, programmes \u00ab Formes de la mobilit\u00e9 \u00bb et \u00ab \u00c9crans mobiles et r\u00e9cit interactif \u00bb<br \/>\nUniversit\u00e9 des Beaux-Arts de Kyoto, Universit\u00e9 Saga de Kyoto, d\u00e9partements nouveaux m\u00e9dias<br \/>\nArte Cr\u00e9ative<\/p>\n<p>Avec le concours de l&rsquo;Association Transports \u2014 Paris, Aix-les-Bains<\/p>\n<p>Sur une proposition de :<br \/>\nJean-Louis Boissier<br \/>\nAvec Daniel Pinkas et Daniel Sciboz<\/p>\n<p>Ce projet s\u2019inscrit dans la c\u00e9l\u00e9bration par la Ville de Gen\u00e8ve du tricentenaire de la naissance de Jean-Jacques Rousseau : <a href=\"http:\/\/www.ville-ge.ch\/culture\/rousseau\/\" target=\"_blank\">2012 Rousseau pour tous<\/a>.<\/p>\n<p>Voir : <a href=\"http:\/\/www.ville-ge.ch\/culture\/rousseau\/programme_passionne.html#promenades\" target=\"_blank\">http:\/\/www.ville-ge.ch\/culture\/rousseau\/programme_passionne.html#promenades<\/a><\/p>\n","protected":false},"excerpt":{"rendered":"<p>Rep\u00e9rage quartier Saint-Jean de Gen\u00e8ve. Les Vigilambules \u2014\u00a0Rousseau retrouv\u00e9 Gen\u00e8ve 4 mai 2012. \u00c9l\u00e8ves du Coll\u00e8ge Rousseau. Extraits des captures vid\u00e9o. Versio HD Vimeo : https:\/\/vimeo.com\/150541953 Le projet exp\u00e9rimental et p\u00e9dagogique : \u00ab Rousseau retrouv\u00e9 \u00bb, 2011-2012, de la s\u00e9rie Les Vigilambules Voir : http:\/\/www.vigilambule.net\/blog\/?page_id=2 et http:\/\/circonstances.net\/Rr\/ Il s\u2019agit de (re)donner une actualit\u00e9 aux textes &hellip; <a href=\"https:\/\/jlggb.net\/jlb\/travaux\/2012-les-vigilambules-rousseau-retrouve\/\" class=\"more-link\">Continuer la lecture de <span class=\"screen-reader-text\">2012 Les Vigilambules \u2014 Rousseau retrouv\u00e9<\/span><\/a><\/p>\n","protected":false},"author":2,"featured_media":0,"parent":556,"menu_order":0,"comment_status":"closed","ping_status":"closed","template":"","meta":{"footnotes":""},"class_list":["post-1093","page","type-page","status-publish","hentry"],"_links":{"self":[{"href":"https:\/\/jlggb.net\/jlb\/wp-json\/wp\/v2\/pages\/1093","targetHints":{"allow":["GET"]}}],"collection":[{"href":"https:\/\/jlggb.net\/jlb\/wp-json\/wp\/v2\/pages"}],"about":[{"href":"https:\/\/jlggb.net\/jlb\/wp-json\/wp\/v2\/types\/page"}],"author":[{"embeddable":true,"href":"https:\/\/jlggb.net\/jlb\/wp-json\/wp\/v2\/users\/2"}],"replies":[{"embeddable":true,"href":"https:\/\/jlggb.net\/jlb\/wp-json\/wp\/v2\/comments?post=1093"}],"version-history":[{"count":7,"href":"https:\/\/jlggb.net\/jlb\/wp-json\/wp\/v2\/pages\/1093\/revisions"}],"predecessor-version":[{"id":1533,"href":"https:\/\/jlggb.net\/jlb\/wp-json\/wp\/v2\/pages\/1093\/revisions\/1533"}],"up":[{"embeddable":true,"href":"https:\/\/jlggb.net\/jlb\/wp-json\/wp\/v2\/pages\/556"}],"wp:attachment":[{"href":"https:\/\/jlggb.net\/jlb\/wp-json\/wp\/v2\/media?parent=1093"}],"curies":[{"name":"wp","href":"https:\/\/api.w.org\/{rel}","templated":true}]}}