{"id":3116,"date":"2022-09-22T23:45:39","date_gmt":"2022-09-22T21:45:39","guid":{"rendered":"http:\/\/jlggb.net\/collection\/?page_id=3116"},"modified":"2022-09-23T00:39:22","modified_gmt":"2022-09-22T22:39:22","slug":"modelisation-2022-09-12-16-workshop-a-lesad-orleans","status":"publish","type":"page","link":"https:\/\/jlggb.net\/collection\/?page_id=3116","title":{"rendered":"#mod\u00e9lisation \/ 2022\/09\/12-16 workshop \u00e0 l&rsquo;ESAD Orl\u00e9ans"},"content":{"rendered":"<p>Le programme de recherche \u00ab Objects, Crafts and Computation \u00bb dirig\u00e9 par Caroline Zahnd, men\u00e9 conjointement avec Olivier Bouton et Sylvia Fredriksson, porte le projet (digital) Soba Choko \u00e0 l&rsquo;ESAD Orl\u00e9ans. Le travail sur l&rsquo;objet est reli\u00e9 \u00e0 la pratique de la data sculpture propre \u00e0 ce programme de recherche. Il conna\u00eet en parall\u00e8le une approche plut\u00f4t manuelle et une mise en \u0153uvre\u00a0de la mod\u00e9lisation param\u00e9trique associ\u00e9e \u00e0 une machine d&rsquo;impression c\u00e9ramique. En outre, le pont entre\u00a0digital et digital est exp\u00e9riment\u00e9 avec l&rsquo;outil num\u00e9rique cr\u00e9\u00e9 par Emmanuel Hugnot qui permet de dessiner sur un \u00e9cran tactile les diff\u00e9rentes couches d&rsquo;un objet \u00e0 imprimer.<br \/>\nLe workshop se tient du 12 au 16 septembre dans l&rsquo;atelier\u00a0c\u00e9ramique\u00a0de l&rsquo;\u00e9cole accompagn\u00e9 par Virginie P\u00e9chard, responsable de l&rsquo;atelier.<\/p>\n<p><a href=\"http:\/\/jlggb.net\/collection\/wp-content\/uploads\/2022\/09\/orleans-modelage-main-20220914-full-scaled.jpg\" data-rel=\"lightbox-image-0\" data-imagelightbox=\"0\" data-rl_title=\"\" data-rl_caption=\"\" title=\"\"><img loading=\"lazy\" decoding=\"async\" src=\"http:\/\/jlggb.net\/collection\/wp-content\/uploads\/2022\/09\/orleans-modelage-main-20220914-full-scaled.jpg\" alt=\"\" width=\"2560\" height=\"1920\" class=\"size-full wp-image-3133\" srcset=\"https:\/\/jlggb.net\/collection\/wp-content\/uploads\/2022\/09\/orleans-modelage-main-20220914-full-scaled.jpg 2560w, https:\/\/jlggb.net\/collection\/wp-content\/uploads\/2022\/09\/orleans-modelage-main-20220914-full-300x225.jpg 300w, https:\/\/jlggb.net\/collection\/wp-content\/uploads\/2022\/09\/orleans-modelage-main-20220914-full-1024x768.jpg 1024w, https:\/\/jlggb.net\/collection\/wp-content\/uploads\/2022\/09\/orleans-modelage-main-20220914-full-768x576.jpg 768w, https:\/\/jlggb.net\/collection\/wp-content\/uploads\/2022\/09\/orleans-modelage-main-20220914-full-1536x1152.jpg 1536w, https:\/\/jlggb.net\/collection\/wp-content\/uploads\/2022\/09\/orleans-modelage-main-20220914-full-2048x1536.jpg 2048w\" sizes=\"auto, (max-width: 2560px) 100vw, 2560px\" \/><\/a><\/p>\n<p><a href=\"http:\/\/jlggb.net\/collection\/wp-content\/uploads\/2022\/09\/orleans-3D-machine-01-20220914-full-scaled.jpg\" data-rel=\"lightbox-image-1\" data-imagelightbox=\"1\" data-rl_title=\"\" data-rl_caption=\"\" title=\"\"><img loading=\"lazy\" decoding=\"async\" src=\"http:\/\/jlggb.net\/collection\/wp-content\/uploads\/2022\/09\/orleans-3D-machine-01-20220914-full-scaled.jpg\" alt=\"\" width=\"2560\" height=\"1920\" class=\"size-full wp-image-3129\" srcset=\"https:\/\/jlggb.net\/collection\/wp-content\/uploads\/2022\/09\/orleans-3D-machine-01-20220914-full-scaled.jpg 2560w, https:\/\/jlggb.net\/collection\/wp-content\/uploads\/2022\/09\/orleans-3D-machine-01-20220914-full-300x225.jpg 300w, https:\/\/jlggb.net\/collection\/wp-content\/uploads\/2022\/09\/orleans-3D-machine-01-20220914-full-1024x768.jpg 1024w, https:\/\/jlggb.net\/collection\/wp-content\/uploads\/2022\/09\/orleans-3D-machine-01-20220914-full-768x576.jpg 768w, https:\/\/jlggb.net\/collection\/wp-content\/uploads\/2022\/09\/orleans-3D-machine-01-20220914-full-1536x1152.jpg 1536w, https:\/\/jlggb.net\/collection\/wp-content\/uploads\/2022\/09\/orleans-3D-machine-01-20220914-full-2048x1536.jpg 2048w\" sizes=\"auto, (max-width: 2560px) 100vw, 2560px\" \/><\/a><\/p>\n<p><a href=\"http:\/\/jlggb.net\/collection\/wp-content\/uploads\/2022\/09\/orleans-3D-simple-20220914-full-scaled.jpg\" data-rel=\"lightbox-image-2\" data-imagelightbox=\"2\" data-rl_title=\"\" data-rl_caption=\"\" title=\"\"><img loading=\"lazy\" decoding=\"async\" src=\"http:\/\/jlggb.net\/collection\/wp-content\/uploads\/2022\/09\/orleans-3D-simple-20220914-full-scaled.jpg\" alt=\"\" width=\"2560\" height=\"1920\" class=\"size-full wp-image-3130\" srcset=\"https:\/\/jlggb.net\/collection\/wp-content\/uploads\/2022\/09\/orleans-3D-simple-20220914-full-scaled.jpg 2560w, https:\/\/jlggb.net\/collection\/wp-content\/uploads\/2022\/09\/orleans-3D-simple-20220914-full-300x225.jpg 300w, https:\/\/jlggb.net\/collection\/wp-content\/uploads\/2022\/09\/orleans-3D-simple-20220914-full-1024x768.jpg 1024w, https:\/\/jlggb.net\/collection\/wp-content\/uploads\/2022\/09\/orleans-3D-simple-20220914-full-768x576.jpg 768w, https:\/\/jlggb.net\/collection\/wp-content\/uploads\/2022\/09\/orleans-3D-simple-20220914-full-1536x1152.jpg 1536w, https:\/\/jlggb.net\/collection\/wp-content\/uploads\/2022\/09\/orleans-3D-simple-20220914-full-2048x1536.jpg 2048w\" sizes=\"auto, (max-width: 2560px) 100vw, 2560px\" \/><\/a><\/p>\n","protected":false},"excerpt":{"rendered":"<p>Le programme de recherche \u00ab Objects, Crafts and Computation \u00bb dirig\u00e9 par Caroline Zahnd, men\u00e9 conjointement avec Olivier Bouton et Sylvia Fredriksson, porte le projet (digital) Soba Choko \u00e0 l&rsquo;ESAD Orl\u00e9ans. Le travail sur l&rsquo;objet est reli\u00e9 \u00e0 la pratique de la data sculpture propre \u00e0 ce programme de recherche. Il conna\u00eet en parall\u00e8le une [&hellip;]<\/p>\n","protected":false},"author":1,"featured_media":0,"parent":0,"menu_order":8,"comment_status":"closed","ping_status":"closed","template":"","meta":{"footnotes":""},"class_list":["post-3116","page","type-page","status-publish","hentry"],"_links":{"self":[{"href":"https:\/\/jlggb.net\/collection\/index.php?rest_route=\/wp\/v2\/pages\/3116","targetHints":{"allow":["GET"]}}],"collection":[{"href":"https:\/\/jlggb.net\/collection\/index.php?rest_route=\/wp\/v2\/pages"}],"about":[{"href":"https:\/\/jlggb.net\/collection\/index.php?rest_route=\/wp\/v2\/types\/page"}],"author":[{"embeddable":true,"href":"https:\/\/jlggb.net\/collection\/index.php?rest_route=\/wp\/v2\/users\/1"}],"replies":[{"embeddable":true,"href":"https:\/\/jlggb.net\/collection\/index.php?rest_route=%2Fwp%2Fv2%2Fcomments&post=3116"}],"version-history":[{"count":7,"href":"https:\/\/jlggb.net\/collection\/index.php?rest_route=\/wp\/v2\/pages\/3116\/revisions"}],"predecessor-version":[{"id":3135,"href":"https:\/\/jlggb.net\/collection\/index.php?rest_route=\/wp\/v2\/pages\/3116\/revisions\/3135"}],"wp:attachment":[{"href":"https:\/\/jlggb.net\/collection\/index.php?rest_route=%2Fwp%2Fv2%2Fmedia&parent=3116"}],"curies":[{"name":"wp","href":"https:\/\/api.w.org\/{rel}","templated":true}]}}