{"id":2497,"date":"2022-08-01T22:44:25","date_gmt":"2022-08-01T20:44:25","guid":{"rendered":"http:\/\/jlggb.net\/collection\/?page_id=2497"},"modified":"2023-01-04T20:03:13","modified_gmt":"2023-01-04T19:03:13","slug":"collection-experimentation-fabrication-activation","status":"publish","type":"page","link":"https:\/\/jlggb.net\/collection\/?page_id=2497","title":{"rendered":"Exposition : projection, collection, exp\u00e9rimentation, activation, fabrication"},"content":{"rendered":"<p><a href=\"http:\/\/jlggb.net\/collection\/wp-content\/uploads\/2022\/08\/sc-recu-20220826-square-scaled.jpg\" data-rel=\"lightbox-image-0\" data-imagelightbox=\"0\" data-rl_title=\"\" data-rl_caption=\"\" title=\"\"><img loading=\"lazy\" decoding=\"async\" class=\"alignnone wp-image-2773 size-full\" src=\"http:\/\/jlggb.net\/collection\/wp-content\/uploads\/2022\/08\/sc-recu-20220826-square-scaled.jpg\" alt=\"\" width=\"2560\" height=\"2560\" srcset=\"https:\/\/jlggb.net\/collection\/wp-content\/uploads\/2022\/08\/sc-recu-20220826-square-scaled.jpg 2560w, https:\/\/jlggb.net\/collection\/wp-content\/uploads\/2022\/08\/sc-recu-20220826-square-300x300.jpg 300w, https:\/\/jlggb.net\/collection\/wp-content\/uploads\/2022\/08\/sc-recu-20220826-square-1024x1024.jpg 1024w, https:\/\/jlggb.net\/collection\/wp-content\/uploads\/2022\/08\/sc-recu-20220826-square-150x150.jpg 150w, https:\/\/jlggb.net\/collection\/wp-content\/uploads\/2022\/08\/sc-recu-20220826-square-768x768.jpg 768w, https:\/\/jlggb.net\/collection\/wp-content\/uploads\/2022\/08\/sc-recu-20220826-square-1536x1536.jpg 1536w, https:\/\/jlggb.net\/collection\/wp-content\/uploads\/2022\/08\/sc-recu-20220826-square-2048x2048.jpg 2048w\" sizes=\"auto, (max-width: 2560px) 100vw, 2560px\" \/><\/a><br \/>\nCe soba choko ancien, de porcelaine d\u2019Imari, dans la version notoire des \u00ab\u00a0fl\u00e8ches\u00a0\u00bb, montre l\u2019une des significations de digital dans (digital) Soba Choko&nbsp;: d\u00e9signer, exhiber et manipuler. \u00a9Jean-Louis Boissier<\/p>\n<p><a href=\"http:\/\/jlggb.net\/collection\/wp-content\/uploads\/2022\/12\/dsc-ccclb-casiers-20221127-full-scaled.jpg\" data-rel=\"lightbox-image-1\" data-imagelightbox=\"1\" data-rl_title=\"\" data-rl_caption=\"\" title=\"\"><img loading=\"lazy\" decoding=\"async\" class=\"size-full wp-image-3210\" src=\"http:\/\/jlggb.net\/collection\/wp-content\/uploads\/2022\/12\/dsc-ccclb-casiers-20221127-full-scaled.jpg\" alt=\"\" width=\"2560\" height=\"1920\" srcset=\"https:\/\/jlggb.net\/collection\/wp-content\/uploads\/2022\/12\/dsc-ccclb-casiers-20221127-full-scaled.jpg 2560w, https:\/\/jlggb.net\/collection\/wp-content\/uploads\/2022\/12\/dsc-ccclb-casiers-20221127-full-300x225.jpg 300w, https:\/\/jlggb.net\/collection\/wp-content\/uploads\/2022\/12\/dsc-ccclb-casiers-20221127-full-1024x768.jpg 1024w, https:\/\/jlggb.net\/collection\/wp-content\/uploads\/2022\/12\/dsc-ccclb-casiers-20221127-full-768x576.jpg 768w, https:\/\/jlggb.net\/collection\/wp-content\/uploads\/2022\/12\/dsc-ccclb-casiers-20221127-full-1536x1152.jpg 1536w, https:\/\/jlggb.net\/collection\/wp-content\/uploads\/2022\/12\/dsc-ccclb-casiers-20221127-full-2048x1536.jpg 2048w\" sizes=\"auto, (max-width: 2560px) 100vw, 2560px\" \/><\/a><\/p>\n<p><a href=\"http:\/\/jlggb.net\/collection\/wp-content\/uploads\/2022\/12\/dsc-ccclb-tables-20221127-full-scaled.jpg\" data-rel=\"lightbox-image-2\" data-imagelightbox=\"2\" data-rl_title=\"\" data-rl_caption=\"\" title=\"\"><img loading=\"lazy\" decoding=\"async\" class=\"size-full wp-image-3211\" src=\"http:\/\/jlggb.net\/collection\/wp-content\/uploads\/2022\/12\/dsc-ccclb-tables-20221127-full-scaled.jpg\" alt=\"\" width=\"2560\" height=\"1920\" srcset=\"https:\/\/jlggb.net\/collection\/wp-content\/uploads\/2022\/12\/dsc-ccclb-tables-20221127-full-scaled.jpg 2560w, https:\/\/jlggb.net\/collection\/wp-content\/uploads\/2022\/12\/dsc-ccclb-tables-20221127-full-300x225.jpg 300w, https:\/\/jlggb.net\/collection\/wp-content\/uploads\/2022\/12\/dsc-ccclb-tables-20221127-full-1024x768.jpg 1024w, https:\/\/jlggb.net\/collection\/wp-content\/uploads\/2022\/12\/dsc-ccclb-tables-20221127-full-768x576.jpg 768w, https:\/\/jlggb.net\/collection\/wp-content\/uploads\/2022\/12\/dsc-ccclb-tables-20221127-full-1536x1152.jpg 1536w, https:\/\/jlggb.net\/collection\/wp-content\/uploads\/2022\/12\/dsc-ccclb-tables-20221127-full-2048x1536.jpg 2048w\" sizes=\"auto, (max-width: 2560px) 100vw, 2560px\" \/><\/a><\/p>\n<p>Dimanche 27 novembre 2022, midi, Centre c\u00e9ramique contemporaine La Borne, Cher. Selon le principe \u00e9nonc\u00e9, \u00ab (digital) Soba Choko est un sc\u00e9nario ouvert \u00e0 des op\u00e9rations originales et distinctes, r\u00e9sultant de diverses initiatives inventives, dont la conjugaison peut constituer elle-m\u00eame une proposition artistique \u00bb, le projet de recherche a donn\u00e9 une somme d\u2019objets, de d\u00e9marches et d\u2019exp\u00e9riences artistiques, une exposition que l\u2019on peut consid\u00e9rer elle-m\u00eame comme une \u0153uvre. Ici \u00e0 La Borne, la pr\u00e9paration a commenc\u00e9 il y a quatre ans, mais l\u2019id\u00e9e a exist\u00e9 depuis dix ans, avec une amorce il y a vingt ans. Six casiers montrent 216 pi\u00e8ces, huit tables donnent \u00e0 observer pr\u00e8s de 300 pi\u00e8ces. Les c\u00e9ramiques des casiers ont \u00e9t\u00e9 sp\u00e9cialement collectionn\u00e9es ou emprunt\u00e9es. Une centaine de personnes sont intervenues pour la cr\u00e9ation des c\u00e9ramiques des tables.<\/p>\n<h3 style=\"text-align: center;\">PR\u00c9SENTATION SUR LE SITE DE L&rsquo;EXPOSITION<\/h3>\n<p><strong>(digital) Soba Choko<\/strong><br \/>\n<strong>Exposition au Centre\u00a0c\u00e9ramique contemporaine La Borne<span class=\"Apple-converted-space\"><br \/>\n<\/span>du 26 novembre au 31 d\u00e9cembre 2022<\/strong><\/p>\n<p>Une recherche qui a une vocation artistique s\u2019est d\u00e9velopp\u00e9e \u00e0 partir d\u2019un objet, une tasse ou plut\u00f4t un gobelet qui existe depuis plus de 300 ans au Japon\u00a0: le soba choko (soba comme sarrasin et choko comme r\u00e9cipient ou bouche). La g\u00e9om\u00e9trie et les dimensions du soba choko sont particuli\u00e8rement stables&nbsp;: un tronc de c\u00f4ne de 6 cm de haut et 6 cm de base, de 8 cm d\u2019ouverture. Cette fixit\u00e9 porte paradoxalement une grande diversit\u00e9 de mati\u00e8res, de textures, de motifs, de signes et encore d\u2019usages. Cette singularit\u00e9 suscite un attrait de d\u00e9couverte et de collection mais t\u00e9moigne aussi d\u2019un caract\u00e8re populaire, \u00e0 l\u2019\u00e9cart du pr\u00e9cieux et du luxe.<\/p>\n<p>Si la poterie s\u2019est trouv\u00e9 des outils qui en assurent la g\u00e9om\u00e9trie, elle a confort\u00e9 une ma\u00eetrise des gestes de la main et des doigts. Le terme <i>digital<\/i>, qui dit num\u00e9rique en anglais, nous rappelle que compter avec ses doigts a vu na\u00eetre les chiffres et que les chiffres ne sont pas \u00e9trangers \u00e0 la poterie. Ne s\u2019agit-il pas alors, pour que se g\u00e9n\u00e8re un objet, de compter sur ses doigts, aux deux sens du terme&nbsp;? La notion (digital) Soba Choko \u00e9tant choisie, elle permet de poursuivre intelligemment une po\u00e9tique qui est celle de la construction, de l\u2019apparition, de la d\u00e9signation, de l\u2019interaction, qui rel\u00e8vent aussi bien du digital comme faisant appel \u00e0 la main et \u00e0 la pens\u00e9e que du digital comme m\u00e9thode d\u2019organisation et comme contexte. Le signe # est tr\u00e8s pr\u00e9sent, trac\u00e9 au bleu de cobalt, sur la porcelaine des soba choko classiques. C\u2019est le pictogramme, en japonais comme en chinois pour signifier un puits et les quatre poutres de sa t\u00eate. Une fa\u00e7on de dire \u00ab\u00a0je prends source ici\u00a0\u00bb que l\u2019on retrouve abondamment sur les r\u00e9seaux avec #sobachoko.<\/p>\n<p>L\u2019exposition est une affaire de nombres, avec le num\u00e9ro index de chaque pi\u00e8ce. D\u2019abord 6 casiers de 36 cubes, pour classer des soba choko anciens et actuels venus du Japon, mais aussi, d\u2019ici et d\u2019ailleurs, des gobelets pi\u00e8ces uniques ou ordinaires, tant il est vrai que le gobelet est historiquement le r\u00e9cipient personnel universel. Ensuite 8 tables, tables rondes pour donner \u00e0 consulter les gobelets de type soba choko qui r\u00e9sultent d\u2019exp\u00e9riences\u00a0: les ateliers sp\u00e9cifiques des \u00e9coles d\u2019art, les invitations faites aux c\u00e9ramistes et artistes. Enfin, 2 \u00e9tablis \u00e0 destination des visiteurs\u00a0: comment se servir d\u2019un soba choko, selon un rituel ou plus librement&nbsp;; comment fabriquer un soba choko, \u00e0 la main, avec des outils ou \u00e0 l\u2019aide d\u2019un robot.<\/p>\n<p>Le collectif de recherche (digital) Soba Choko s\u2019est fond\u00e9 \u00e0 l\u2019initiative de Jean-Louis Boissier, professeur \u00e9m\u00e9rite de l\u2019Universit\u00e9 Paris 8 en arts, dans l\u2019intention d\u2019une approche pluridisciplinaire de l\u2019objet japonais soba choko et de ses interpr\u00e9tations. Il rassemble des enseignantes et enseignants, des chercheuses et chercheurs et des \u00e9tudiantes et \u00e9tudiants de l\u2019\u00c9cole sup\u00e9rieure d\u2019art et de design TALM-Le Mans, sous la responsabilit\u00e9 de Felix Agid, Olivier Chouteau, Ianis Lallemand et Natsuko Uchino, et de l\u2019\u00c9cole sup\u00e9rieure d\u2019art et de design d\u2019Orl\u00e9ans sous la responsabilit\u00e9 d\u2019Olivier Bouton, Virginie P\u00e9chard et Caroline Zahnd. Au Japon, le collectif comprend Fanny Terno, artiste chercheuse \u00e0 l\u2019Universit\u00e9 d\u2019art de la Ville de Kyoto et Thomas Vauthier, artiste chercheur \u00e0 l\u2019Universit\u00e9 des arts de Tokyo, qui ont \u00e9tudi\u00e9 et rassembl\u00e9 des pi\u00e8ces et ont r\u00e9alis\u00e9 un film, ainsi que Hajime Takeuchi, professeur \u00e0 l\u2019Universit\u00e9 des arts de Nagoya, qui a con\u00e7u un dispositif de r\u00e9alit\u00e9 augment\u00e9e.<\/p>\n<p>Au Centre c\u00e9ramique contemporaine La Borne, les workshops de tournage et de d\u00e9coration \u00e0 destination des \u00e9tudiantes et \u00e9tudiants ont \u00e9t\u00e9 conduits par Claire Linard et Anne Reverdy. Une invitation \u00e0 contribuer \u00e0 l\u2019exposition a \u00e9t\u00e9 adress\u00e9e \u00e0 des artistes et c\u00e9ramistes de La Borne, de Cliousclat et de Paris. L\u2019exposition a pour commissaire Jean-Louis Boissier, pour sc\u00e9nographe B\u00e9atrice Selleron et pour r\u00e9dactrice Liliane Terrier.<\/p>\n<p>&nbsp;<\/p>\n<h3 style=\"text-align: center;\">CONTACT<\/h3>\n<div class=\"textwidget\">\n<p>Centre c\u00e9ramique contemporaine<br \/>\n25 Grand\u2019 Route \u2013 18250 La Borne \u2013 France<br \/>\n02 48 26 96 21<br \/>\ncontact@laborne.org<br \/>\nwww.laborne.org<\/p>\n<\/div>\n<p>Commissariat<br \/>\nboissier.jl[at]orange.fr<\/p>\n<p>[2022\/11\/26]<\/p>\n<p>&nbsp;<\/p>\n<p><a href=\"http:\/\/jlggb.net\/collection\/wp-content\/uploads\/2022\/12\/Soba_Shoko_axono-i02-avec-n\u00b0_jlggb-scaled.jpg\" data-rel=\"lightbox-image-3\" data-imagelightbox=\"3\" data-rl_title=\"\" data-rl_caption=\"\" title=\"\"><img loading=\"lazy\" decoding=\"async\" class=\"alignnone size-full wp-image-3331\" src=\"http:\/\/jlggb.net\/collection\/wp-content\/uploads\/2022\/12\/Soba_Shoko_axono-i02-avec-n\u00b0_jlggb-scaled.jpg\" alt=\"\" width=\"2560\" height=\"2560\" srcset=\"https:\/\/jlggb.net\/collection\/wp-content\/uploads\/2022\/12\/Soba_Shoko_axono-i02-avec-n\u00b0_jlggb-scaled.jpg 2560w, https:\/\/jlggb.net\/collection\/wp-content\/uploads\/2022\/12\/Soba_Shoko_axono-i02-avec-n\u00b0_jlggb-300x300.jpg 300w, https:\/\/jlggb.net\/collection\/wp-content\/uploads\/2022\/12\/Soba_Shoko_axono-i02-avec-n\u00b0_jlggb-1024x1024.jpg 1024w, https:\/\/jlggb.net\/collection\/wp-content\/uploads\/2022\/12\/Soba_Shoko_axono-i02-avec-n\u00b0_jlggb-150x150.jpg 150w, https:\/\/jlggb.net\/collection\/wp-content\/uploads\/2022\/12\/Soba_Shoko_axono-i02-avec-n\u00b0_jlggb-768x768.jpg 768w, https:\/\/jlggb.net\/collection\/wp-content\/uploads\/2022\/12\/Soba_Shoko_axono-i02-avec-n\u00b0_jlggb-1536x1536.jpg 1536w, https:\/\/jlggb.net\/collection\/wp-content\/uploads\/2022\/12\/Soba_Shoko_axono-i02-avec-n\u00b0_jlggb-2048x2048.jpg 2048w\" sizes=\"auto, (max-width: 2560px) 100vw, 2560px\" \/><\/a><\/p>\n<p>Sc\u00e9nographie&nbsp;: B\u00e9atrice Selleron, 2022<\/p>\n<h3 style=\"text-align: center;\">DESCRIPTIF<\/h3>\n<p><strong>(digital) Soba Choko<\/strong><br \/>\n<strong>Exposition au Centre\u00a0c\u00e9ramique contemporaine La Borne<span class=\"Apple-converted-space\"><br \/>\n<\/span>du 26 novembre au 31 d\u00e9cembre 2022<\/strong><\/p>\n<p>Le gobelet particulier nomm\u00e9 soba choko a une histoire ancienne et populaire au Japon. Le projet de recherches artistiques \u00ab\u00a0(digital) Soba Choko\u00a0\u00bb est centr\u00e9 sur cet objet qui permet<span class=\"Apple-converted-space\">\u00a0 <\/span>d\u2019exp\u00e9rimenter un moment d\u2019\u00e9changes culturels et artistiques, techniques et commerciaux, et aussi d\u2019observer l\u2019imbrication actuelle et historique du <i>digital<\/i> comme faisant appel \u00e0 la main et \u00e0 la pens\u00e9e et du <i>digital<\/i> comme m\u00e9thode d\u2019organisation et comme contexte.<\/p>\n<p>L\u2019exposition donne lieu \u00e0 un livret documentaire et \u00e0 une liste d\u2019identification \u00e0 destination des visiteurs.<\/p>\n<p>Certaines pi\u00e8ces sont propos\u00e9es \u00e0 la vente.<\/p>\n<p>L\u2019exposition a 5 sections\u00a0: projection, collection, exp\u00e9rimentation, fabrication, activation.<\/p>\n<p><strong>1.\u00a0Projection<\/strong><\/p>\n<p>Un diaporama pr\u00e9sente une collection de 1000 gobelets soba choko anciens, qui diff\u00e8rent avant tout par leurs motifs.<\/p>\n<p><strong>2. Collection<\/strong><\/p>\n<p>Un mur de petits casiers individuels carr\u00e9s pr\u00e9sente des soba choko et gobelets de r\u00e9f\u00e9rence&nbsp;:<\/p>\n<p>\u2014\u00a0Des soba choko japonais anciens\u00a0;<\/p>\n<p>\u2014\u00a0Des soba choko japonais actuels de style populaire et traditionnel\u00a0;<\/p>\n<p>\u2014\u00a0Des soba choko actuels de divers styles \u00e9dit\u00e9s au Japon\u00a0;<\/p>\n<p>\u2014\u00a0Des soba choko sign\u00e9s de c\u00e9ramistes japonais contemporains\u00a0;<\/p>\n<p>\u2014\u00a0Des gobelets de c\u00e9ramistes, principalement fran\u00e7ais\u00a0;<\/p>\n<p>\u2014\u00a0Des gobelets divers d\u2019usage courant.<\/p>\n<p><strong>3. Exp\u00e9rimentation<\/strong><\/p>\n<p>\u00c0 la diff\u00e9rence de la section Collection, la section Exp\u00e9rimentation ne pr\u00e9sente que des pi\u00e8ces r\u00e9alis\u00e9es sp\u00e9cialement pour l\u2019exposition.<\/p>\n<p>Un ensemble de 8 \u00eelots constitu\u00e9s de tables circulaires proposent les soba choko r\u00e9sultats de plusieurs exp\u00e9rimentations&nbsp;:<\/p>\n<p>\u2014\u00a0Des gobelets de type soba choko de diverses terres et finitions cr\u00e9\u00e9s sp\u00e9cialement par des c\u00e9ramistes de La Borne en s\u2019appuyant sur la Charte de contribution&nbsp;;<\/p>\n<p>\u2014\u00a0Des gobelets de type soba choko en terre verniss\u00e9e d\u00e9cor\u00e9s \u00e0 la poire et \u00e0 la pointe, cr\u00e9\u00e9s sp\u00e9cialement par des c\u00e9ramistes sp\u00e9cialis\u00e9s dans la Dr\u00f4me et en Haute-Savoie&nbsp;;<\/p>\n<p>\u2014\u00a0Des gobelets de type soba choko de porcelaine moul\u00e9s et d\u00e9cor\u00e9s de motifs au bleu de cobalt \u00e0 la main ou au robot par des \u00e9tudiants des Beaux-Arts du Mans, 2020-2022&nbsp;;<\/p>\n<p>\u2014\u00a0Des gobelets de type soba choko de porcelaine tourn\u00e9s et d\u00e9cor\u00e9s dans des workshops \u00e0 La Borne, anim\u00e9s par des c\u00e9ramistes de La Borne, 2022\u00a0;<\/p>\n<p>\u2014\u00a0Des gobelets de type soba choko \u00e0 l\u2019imprimante c\u00e9ramique 3D comportant des variations al\u00e9atoires r\u00e9alis\u00e9s dans un workshop des Beaux-Arts d\u2019Orl\u00e9ans, 2022\u00a0;<\/p>\n<p>\u2014\u00a0Des gobelets de type soba choko divers cr\u00e9\u00e9s par des \u00e9tudiants chercheurs de l\u2019Universit\u00e9 des beaux-arts de Tokyo, 2022\u00a0;<\/p>\n<p>\u2013 Des exp\u00e9rimentations comparatistes et de croisements de donn\u00e9es conduites \u00e0 l&rsquo;atelier de recherche de Paris avec le concours du laboratoire de recherche en arts TEAMeD de l\u2019Universit\u00e9 Paris 8 \u2014 Saint-Denis, 2020-2022&nbsp;;<\/p>\n<p>\u2014\u00a0Des gobelets de type soba choko peints par des artistes dans l&rsquo;atelier de recherche de Paris.<\/p>\n<p><strong>4. Activation<\/strong><\/p>\n<p>Une table de documentation et de d\u00e9monstration accueille divers moments d\u2019usages et de performances autour du soba choko. Des films illustrent ces situations.<\/p>\n<p><strong>5. Fabrication<\/strong><\/p>\n<p>Une table de documentation et de d\u00e9monstration permet de prendre connaissance de divers proc\u00e9d\u00e9s de fabrication de gobelets de type soba choko. Des films illustrent ces op\u00e9rations.<\/p>\n<p>[2022\/10\/30]<\/p>\n<p><span style=\"color: #ffffff;\">.<\/span><\/p>\n<p><span style=\"color: #ffffff;\">.<\/span><\/p>\n<p>&nbsp;<\/p>\n<h3>COLLECTION PR\u00c9SENT\u00c9E DANS LES CASIERS<\/h3>\n<p>Photos \u00a9Jean-Louis Boissier<\/p>\n<p><span style=\"color: #ffffff;\">.<\/span><\/p>\n<p><span style=\"color: #ffffff;\">.<\/span><\/p>\n<p>&nbsp;<\/p>\n<p><a href=\"http:\/\/jlggb.net\/collection\/wp-content\/uploads\/2023\/01\/casier1xx_square-scaled.jpg\" data-rel=\"lightbox-image-4\" data-imagelightbox=\"4\" data-rl_title=\"\" data-rl_caption=\"\" title=\"\"><img loading=\"lazy\" decoding=\"async\" class=\"size-full wp-image-3341\" src=\"http:\/\/jlggb.net\/collection\/wp-content\/uploads\/2023\/01\/casier1xx_square-scaled.jpg\" alt=\"\" width=\"2560\" height=\"2560\" srcset=\"https:\/\/jlggb.net\/collection\/wp-content\/uploads\/2023\/01\/casier1xx_square-scaled.jpg 2560w, https:\/\/jlggb.net\/collection\/wp-content\/uploads\/2023\/01\/casier1xx_square-300x300.jpg 300w, https:\/\/jlggb.net\/collection\/wp-content\/uploads\/2023\/01\/casier1xx_square-1024x1024.jpg 1024w, https:\/\/jlggb.net\/collection\/wp-content\/uploads\/2023\/01\/casier1xx_square-150x150.jpg 150w, https:\/\/jlggb.net\/collection\/wp-content\/uploads\/2023\/01\/casier1xx_square-768x768.jpg 768w, https:\/\/jlggb.net\/collection\/wp-content\/uploads\/2023\/01\/casier1xx_square-1536x1536.jpg 1536w, https:\/\/jlggb.net\/collection\/wp-content\/uploads\/2023\/01\/casier1xx_square-2048x2048.jpg 2048w\" sizes=\"auto, (max-width: 2560px) 100vw, 2560px\" \/><\/a><\/p>\n<p><a href=\"http:\/\/jlggb.net\/collection\/wp-content\/uploads\/2023\/01\/casier2xx_square-scaled.jpg\" data-rel=\"lightbox-image-5\" data-imagelightbox=\"5\" data-rl_title=\"\" data-rl_caption=\"\" title=\"\"><img loading=\"lazy\" decoding=\"async\" class=\"size-full wp-image-3339\" src=\"http:\/\/jlggb.net\/collection\/wp-content\/uploads\/2023\/01\/casier2xx_square-scaled.jpg\" alt=\"\" width=\"2560\" height=\"2560\" srcset=\"https:\/\/jlggb.net\/collection\/wp-content\/uploads\/2023\/01\/casier2xx_square-scaled.jpg 2560w, https:\/\/jlggb.net\/collection\/wp-content\/uploads\/2023\/01\/casier2xx_square-300x300.jpg 300w, https:\/\/jlggb.net\/collection\/wp-content\/uploads\/2023\/01\/casier2xx_square-1024x1024.jpg 1024w, https:\/\/jlggb.net\/collection\/wp-content\/uploads\/2023\/01\/casier2xx_square-150x150.jpg 150w, https:\/\/jlggb.net\/collection\/wp-content\/uploads\/2023\/01\/casier2xx_square-768x768.jpg 768w, https:\/\/jlggb.net\/collection\/wp-content\/uploads\/2023\/01\/casier2xx_square-1536x1536.jpg 1536w, https:\/\/jlggb.net\/collection\/wp-content\/uploads\/2023\/01\/casier2xx_square-2048x2048.jpg 2048w\" sizes=\"auto, (max-width: 2560px) 100vw, 2560px\" \/><\/a><\/p>\n<p><a href=\"http:\/\/jlggb.net\/collection\/wp-content\/uploads\/2023\/01\/casier3xx_square-scaled.jpg\" data-rel=\"lightbox-image-6\" data-imagelightbox=\"6\" data-rl_title=\"\" data-rl_caption=\"\" title=\"\"><img loading=\"lazy\" decoding=\"async\" class=\"size-full wp-image-3338\" src=\"http:\/\/jlggb.net\/collection\/wp-content\/uploads\/2023\/01\/casier3xx_square-scaled.jpg\" alt=\"\" width=\"2560\" height=\"2560\" srcset=\"https:\/\/jlggb.net\/collection\/wp-content\/uploads\/2023\/01\/casier3xx_square-scaled.jpg 2560w, https:\/\/jlggb.net\/collection\/wp-content\/uploads\/2023\/01\/casier3xx_square-300x300.jpg 300w, https:\/\/jlggb.net\/collection\/wp-content\/uploads\/2023\/01\/casier3xx_square-1024x1024.jpg 1024w, https:\/\/jlggb.net\/collection\/wp-content\/uploads\/2023\/01\/casier3xx_square-150x150.jpg 150w, https:\/\/jlggb.net\/collection\/wp-content\/uploads\/2023\/01\/casier3xx_square-768x768.jpg 768w, https:\/\/jlggb.net\/collection\/wp-content\/uploads\/2023\/01\/casier3xx_square-1536x1536.jpg 1536w, https:\/\/jlggb.net\/collection\/wp-content\/uploads\/2023\/01\/casier3xx_square-2048x2048.jpg 2048w\" sizes=\"auto, (max-width: 2560px) 100vw, 2560px\" \/><\/a><\/p>\n<p><a href=\"http:\/\/jlggb.net\/collection\/wp-content\/uploads\/2023\/01\/casier4xx_square-scaled.jpg\" data-rel=\"lightbox-image-7\" data-imagelightbox=\"7\" data-rl_title=\"\" data-rl_caption=\"\" title=\"\"><img loading=\"lazy\" decoding=\"async\" class=\"size-full wp-image-3337\" src=\"http:\/\/jlggb.net\/collection\/wp-content\/uploads\/2023\/01\/casier4xx_square-scaled.jpg\" alt=\"\" width=\"2560\" height=\"2560\" srcset=\"https:\/\/jlggb.net\/collection\/wp-content\/uploads\/2023\/01\/casier4xx_square-scaled.jpg 2560w, https:\/\/jlggb.net\/collection\/wp-content\/uploads\/2023\/01\/casier4xx_square-300x300.jpg 300w, https:\/\/jlggb.net\/collection\/wp-content\/uploads\/2023\/01\/casier4xx_square-1024x1024.jpg 1024w, https:\/\/jlggb.net\/collection\/wp-content\/uploads\/2023\/01\/casier4xx_square-150x150.jpg 150w, https:\/\/jlggb.net\/collection\/wp-content\/uploads\/2023\/01\/casier4xx_square-768x768.jpg 768w, https:\/\/jlggb.net\/collection\/wp-content\/uploads\/2023\/01\/casier4xx_square-1536x1536.jpg 1536w, https:\/\/jlggb.net\/collection\/wp-content\/uploads\/2023\/01\/casier4xx_square-2048x2048.jpg 2048w\" sizes=\"auto, (max-width: 2560px) 100vw, 2560px\" \/><\/a><\/p>\n<p><a href=\"http:\/\/jlggb.net\/collection\/wp-content\/uploads\/2023\/01\/casier5xx_square-scaled.jpg\" data-rel=\"lightbox-image-8\" data-imagelightbox=\"8\" data-rl_title=\"\" data-rl_caption=\"\" title=\"\"><img loading=\"lazy\" decoding=\"async\" class=\"size-full wp-image-3336\" src=\"http:\/\/jlggb.net\/collection\/wp-content\/uploads\/2023\/01\/casier5xx_square-scaled.jpg\" alt=\"\" width=\"2560\" height=\"2560\" srcset=\"https:\/\/jlggb.net\/collection\/wp-content\/uploads\/2023\/01\/casier5xx_square-scaled.jpg 2560w, https:\/\/jlggb.net\/collection\/wp-content\/uploads\/2023\/01\/casier5xx_square-300x300.jpg 300w, https:\/\/jlggb.net\/collection\/wp-content\/uploads\/2023\/01\/casier5xx_square-1024x1024.jpg 1024w, https:\/\/jlggb.net\/collection\/wp-content\/uploads\/2023\/01\/casier5xx_square-150x150.jpg 150w, https:\/\/jlggb.net\/collection\/wp-content\/uploads\/2023\/01\/casier5xx_square-768x768.jpg 768w, https:\/\/jlggb.net\/collection\/wp-content\/uploads\/2023\/01\/casier5xx_square-1536x1536.jpg 1536w, https:\/\/jlggb.net\/collection\/wp-content\/uploads\/2023\/01\/casier5xx_square-2048x2048.jpg 2048w\" sizes=\"auto, (max-width: 2560px) 100vw, 2560px\" \/><\/a><\/p>\n<p><a href=\"http:\/\/jlggb.net\/collection\/wp-content\/uploads\/2023\/01\/casier6xx_square-scaled.jpg\" data-rel=\"lightbox-image-9\" data-imagelightbox=\"9\" data-rl_title=\"\" data-rl_caption=\"\" title=\"\"><img loading=\"lazy\" decoding=\"async\" class=\"size-full wp-image-3340\" src=\"http:\/\/jlggb.net\/collection\/wp-content\/uploads\/2023\/01\/casier6xx_square-scaled.jpg\" alt=\"\" width=\"2560\" height=\"2560\" srcset=\"https:\/\/jlggb.net\/collection\/wp-content\/uploads\/2023\/01\/casier6xx_square-scaled.jpg 2560w, https:\/\/jlggb.net\/collection\/wp-content\/uploads\/2023\/01\/casier6xx_square-300x300.jpg 300w, https:\/\/jlggb.net\/collection\/wp-content\/uploads\/2023\/01\/casier6xx_square-1024x1024.jpg 1024w, https:\/\/jlggb.net\/collection\/wp-content\/uploads\/2023\/01\/casier6xx_square-150x150.jpg 150w, https:\/\/jlggb.net\/collection\/wp-content\/uploads\/2023\/01\/casier6xx_square-768x768.jpg 768w, https:\/\/jlggb.net\/collection\/wp-content\/uploads\/2023\/01\/casier6xx_square-1536x1536.jpg 1536w, https:\/\/jlggb.net\/collection\/wp-content\/uploads\/2023\/01\/casier6xx_square-2048x2048.jpg 2048w\" sizes=\"auto, (max-width: 2560px) 100vw, 2560px\" \/><\/a><\/p>\n<p>&nbsp;<\/p>\n","protected":false},"excerpt":{"rendered":"<p>Ce soba choko ancien, de porcelaine d\u2019Imari, dans la version notoire des \u00ab\u00a0fl\u00e8ches\u00a0\u00bb, montre l\u2019une des significations de digital dans (digital) Soba Choko&nbsp;: d\u00e9signer, exhiber et manipuler. \u00a9Jean-Louis Boissier Dimanche 27 novembre 2022, midi, Centre c\u00e9ramique contemporaine La Borne, Cher. Selon le principe \u00e9nonc\u00e9, \u00ab (digital) Soba Choko est un sc\u00e9nario ouvert \u00e0 des op\u00e9rations [&hellip;]<\/p>\n","protected":false},"author":1,"featured_media":0,"parent":0,"menu_order":2,"comment_status":"closed","ping_status":"closed","template":"","meta":{"footnotes":""},"class_list":["post-2497","page","type-page","status-publish","hentry"],"_links":{"self":[{"href":"https:\/\/jlggb.net\/collection\/index.php?rest_route=\/wp\/v2\/pages\/2497","targetHints":{"allow":["GET"]}}],"collection":[{"href":"https:\/\/jlggb.net\/collection\/index.php?rest_route=\/wp\/v2\/pages"}],"about":[{"href":"https:\/\/jlggb.net\/collection\/index.php?rest_route=\/wp\/v2\/types\/page"}],"author":[{"embeddable":true,"href":"https:\/\/jlggb.net\/collection\/index.php?rest_route=\/wp\/v2\/users\/1"}],"replies":[{"embeddable":true,"href":"https:\/\/jlggb.net\/collection\/index.php?rest_route=%2Fwp%2Fv2%2Fcomments&post=2497"}],"version-history":[{"count":49,"href":"https:\/\/jlggb.net\/collection\/index.php?rest_route=\/wp\/v2\/pages\/2497\/revisions"}],"predecessor-version":[{"id":3344,"href":"https:\/\/jlggb.net\/collection\/index.php?rest_route=\/wp\/v2\/pages\/2497\/revisions\/3344"}],"wp:attachment":[{"href":"https:\/\/jlggb.net\/collection\/index.php?rest_route=%2Fwp%2Fv2%2Fmedia&parent=2497"}],"curies":[{"name":"wp","href":"https:\/\/api.w.org\/{rel}","templated":true}]}}