{"id":2151,"date":"2022-05-11T22:06:38","date_gmt":"2022-05-11T20:06:38","guid":{"rendered":"http:\/\/jlggb.net\/collection\/?page_id=2151"},"modified":"2022-06-13T12:58:21","modified_gmt":"2022-06-13T10:58:21","slug":"questionnement-a-partir-de-2-phrases","status":"publish","type":"page","link":"https:\/\/jlggb.net\/collection\/?page_id=2151","title":{"rendered":"questionnement \u00e0 partir de 2 phrases"},"content":{"rendered":"<p>Retour \u00e0 <a href=\"http:\/\/jlggb.net\/collection\/?page_id=2084\">2022\/05 workshop de tournage \u00e0 La Borne<\/a><\/p>\n<p><a href=\"http:\/\/jlggb.net\/collection\/wp-content\/uploads\/2022\/05\/ikea-tapis-jlggb-scaled.jpg\" data-rel=\"lightbox-image-0\" data-imagelightbox=\"0\" data-rl_title=\"\" data-rl_caption=\"\" title=\"\"><img loading=\"lazy\" decoding=\"async\" src=\"http:\/\/jlggb.net\/collection\/wp-content\/uploads\/2022\/05\/ikea-tapis-jlggb-scaled.jpg\" alt=\"\" width=\"2560\" height=\"2560\" class=\"alignnone size-full wp-image-2157\" srcset=\"https:\/\/jlggb.net\/collection\/wp-content\/uploads\/2022\/05\/ikea-tapis-jlggb-scaled.jpg 2560w, https:\/\/jlggb.net\/collection\/wp-content\/uploads\/2022\/05\/ikea-tapis-jlggb-300x300.jpg 300w, https:\/\/jlggb.net\/collection\/wp-content\/uploads\/2022\/05\/ikea-tapis-jlggb-1024x1024.jpg 1024w, https:\/\/jlggb.net\/collection\/wp-content\/uploads\/2022\/05\/ikea-tapis-jlggb-150x150.jpg 150w, https:\/\/jlggb.net\/collection\/wp-content\/uploads\/2022\/05\/ikea-tapis-jlggb-768x768.jpg 768w, https:\/\/jlggb.net\/collection\/wp-content\/uploads\/2022\/05\/ikea-tapis-jlggb-1536x1536.jpg 1536w, https:\/\/jlggb.net\/collection\/wp-content\/uploads\/2022\/05\/ikea-tapis-jlggb-2048x2048.jpg 2048w\" sizes=\"auto, (max-width: 2560px) 100vw, 2560px\" \/><\/a><\/p>\n<p><a href=\"http:\/\/jlggb.net\/collection\/wp-content\/uploads\/2022\/05\/bmc-albers-jlggb-scaled.jpg\" data-rel=\"lightbox-image-1\" data-imagelightbox=\"1\" data-rl_title=\"\" data-rl_caption=\"\" title=\"\"><img loading=\"lazy\" decoding=\"async\" src=\"http:\/\/jlggb.net\/collection\/wp-content\/uploads\/2022\/05\/bmc-albers-jlggb-scaled.jpg\" alt=\"\" width=\"2560\" height=\"2560\" class=\"alignnone size-full wp-image-2158\" srcset=\"https:\/\/jlggb.net\/collection\/wp-content\/uploads\/2022\/05\/bmc-albers-jlggb-scaled.jpg 2560w, https:\/\/jlggb.net\/collection\/wp-content\/uploads\/2022\/05\/bmc-albers-jlggb-300x300.jpg 300w, https:\/\/jlggb.net\/collection\/wp-content\/uploads\/2022\/05\/bmc-albers-jlggb-1024x1024.jpg 1024w, https:\/\/jlggb.net\/collection\/wp-content\/uploads\/2022\/05\/bmc-albers-jlggb-150x150.jpg 150w, https:\/\/jlggb.net\/collection\/wp-content\/uploads\/2022\/05\/bmc-albers-jlggb-768x768.jpg 768w, https:\/\/jlggb.net\/collection\/wp-content\/uploads\/2022\/05\/bmc-albers-jlggb-1536x1536.jpg 1536w, https:\/\/jlggb.net\/collection\/wp-content\/uploads\/2022\/05\/bmc-albers-jlggb-2048x2048.jpg 2048w\" sizes=\"auto, (max-width: 2560px) 100vw, 2560px\" \/><\/a><\/p>\n<p>Une annonce dans le magasin Ikea de Paris Madeleine (2022) et une citation de Josef Albers (1934) dans l&rsquo;ouvrage de Alan Speller, <em>Le Black Mountain College<\/em>, La Lettre vol\u00e9e, 2014, Bruxelles, peuvent amorcer une r\u00e9flexion sur la variabilit\u00e9 des objets artistiques et artisanaux et sur leur singularit\u00e9 esth\u00e9tique.<\/p>\n","protected":false},"excerpt":{"rendered":"<p>Retour \u00e0 2022\/05 workshop de tournage \u00e0 La Borne Une annonce dans le magasin Ikea de Paris Madeleine (2022) et une citation de Josef Albers (1934) dans l&rsquo;ouvrage de Alan Speller, Le Black Mountain College, La Lettre vol\u00e9e, 2014, Bruxelles, peuvent amorcer une r\u00e9flexion sur la variabilit\u00e9 des objets artistiques et artisanaux et sur leur [&hellip;]<\/p>\n","protected":false},"author":1,"featured_media":0,"parent":2084,"menu_order":0,"comment_status":"closed","ping_status":"closed","template":"","meta":{"footnotes":""},"class_list":["post-2151","page","type-page","status-publish","hentry"],"_links":{"self":[{"href":"https:\/\/jlggb.net\/collection\/index.php?rest_route=\/wp\/v2\/pages\/2151","targetHints":{"allow":["GET"]}}],"collection":[{"href":"https:\/\/jlggb.net\/collection\/index.php?rest_route=\/wp\/v2\/pages"}],"about":[{"href":"https:\/\/jlggb.net\/collection\/index.php?rest_route=\/wp\/v2\/types\/page"}],"author":[{"embeddable":true,"href":"https:\/\/jlggb.net\/collection\/index.php?rest_route=\/wp\/v2\/users\/1"}],"replies":[{"embeddable":true,"href":"https:\/\/jlggb.net\/collection\/index.php?rest_route=%2Fwp%2Fv2%2Fcomments&post=2151"}],"version-history":[{"count":6,"href":"https:\/\/jlggb.net\/collection\/index.php?rest_route=\/wp\/v2\/pages\/2151\/revisions"}],"predecessor-version":[{"id":2163,"href":"https:\/\/jlggb.net\/collection\/index.php?rest_route=\/wp\/v2\/pages\/2151\/revisions\/2163"}],"up":[{"embeddable":true,"href":"https:\/\/jlggb.net\/collection\/index.php?rest_route=\/wp\/v2\/pages\/2084"}],"wp:attachment":[{"href":"https:\/\/jlggb.net\/collection\/index.php?rest_route=%2Fwp%2Fv2%2Fmedia&parent=2151"}],"curies":[{"name":"wp","href":"https:\/\/api.w.org\/{rel}","templated":true}]}}