{"id":637,"date":"2019-01-06T00:29:43","date_gmt":"2019-01-05T23:29:43","guid":{"rendered":"http:\/\/jlggb.net\/collection\/?page_id=637"},"modified":"2022-09-09T00:38:42","modified_gmt":"2022-09-08T22:38:42","slug":"dainichi-a-arita","status":"publish","type":"page","link":"http:\/\/jlggb.net\/collection\/?page_id=637","title":{"rendered":"Dainichi \u00e0 Arita"},"content":{"rendered":"<p><a href=\"http:\/\/jlggb.net\/collection\/?page_id=596\">Retour \u00e0 la page \u00ab soba choko vari\u00e9t\u00e9 \u00bb<\/a><\/p>\n<p><img loading=\"lazy\" decoding=\"async\" class=\"wp-image-654\" src=\"http:\/\/jlggb.net\/collection\/wp-content\/uploads\/2019\/01\/dainichigamalogo1.gif\" alt=\"\" width=\"320\" height=\"86\" \/><\/p>\n<p>Dainichi gama,\u00a0<b>\u5927\u65e5\u7aaf<\/b>, atelier de porcelaine, Arita, pr\u00e9fecture de Saga<\/p>\n<p><a href=\"http:\/\/jlggb.net\/collection\/wp-content\/uploads\/2019\/01\/dainichi-vagues-pers.jpg\" data-rel=\"lightbox-image-0\" data-imagelightbox=\"0\" data-rl_title=\"\" data-rl_caption=\"\" title=\"\"><img loading=\"lazy\" decoding=\"async\" class=\"wp-image-639\" src=\"http:\/\/jlggb.net\/collection\/wp-content\/uploads\/2019\/01\/dainichi-vagues-pers.jpg\" alt=\"\" width=\"320\" height=\"240\" srcset=\"http:\/\/jlggb.net\/collection\/wp-content\/uploads\/2019\/01\/dainichi-vagues-pers.jpg 1600w, http:\/\/jlggb.net\/collection\/wp-content\/uploads\/2019\/01\/dainichi-vagues-pers-300x225.jpg 300w, http:\/\/jlggb.net\/collection\/wp-content\/uploads\/2019\/01\/dainichi-vagues-pers-768x576.jpg 768w, http:\/\/jlggb.net\/collection\/wp-content\/uploads\/2019\/01\/dainichi-vagues-pers-1024x768.jpg 1024w\" sizes=\"auto, (max-width: 320px) 100vw, 320px\" \/><\/a><\/p>\n<p><a href=\"http:\/\/jlggb.net\/collection\/wp-content\/uploads\/2019\/01\/dainichi-mickey-pers.jpg\" data-rel=\"lightbox-image-1\" data-imagelightbox=\"1\" data-rl_title=\"\" data-rl_caption=\"\" title=\"\"><img loading=\"lazy\" decoding=\"async\" class=\"wp-image-640\" src=\"http:\/\/jlggb.net\/collection\/wp-content\/uploads\/2019\/01\/dainichi-mickey-pers.jpg\" alt=\"\" width=\"320\" height=\"240\" srcset=\"http:\/\/jlggb.net\/collection\/wp-content\/uploads\/2019\/01\/dainichi-mickey-pers.jpg 1600w, http:\/\/jlggb.net\/collection\/wp-content\/uploads\/2019\/01\/dainichi-mickey-pers-300x225.jpg 300w, http:\/\/jlggb.net\/collection\/wp-content\/uploads\/2019\/01\/dainichi-mickey-pers-768x576.jpg 768w, http:\/\/jlggb.net\/collection\/wp-content\/uploads\/2019\/01\/dainichi-mickey-pers-1024x768.jpg 1024w\" sizes=\"auto, (max-width: 320px) 100vw, 320px\" \/><\/a><\/p>\n<p><a href=\"http:\/\/jlggb.net\/collection\/wp-content\/uploads\/2019\/01\/dainichi-fleur-pers.jpg\" data-rel=\"lightbox-image-2\" data-imagelightbox=\"2\" data-rl_title=\"\" data-rl_caption=\"\" title=\"\"><img loading=\"lazy\" decoding=\"async\" class=\"wp-image-641\" src=\"http:\/\/jlggb.net\/collection\/wp-content\/uploads\/2019\/01\/dainichi-fleur-pers.jpg\" alt=\"\" width=\"320\" height=\"240\" srcset=\"http:\/\/jlggb.net\/collection\/wp-content\/uploads\/2019\/01\/dainichi-fleur-pers.jpg 1600w, http:\/\/jlggb.net\/collection\/wp-content\/uploads\/2019\/01\/dainichi-fleur-pers-300x225.jpg 300w, http:\/\/jlggb.net\/collection\/wp-content\/uploads\/2019\/01\/dainichi-fleur-pers-768x576.jpg 768w, http:\/\/jlggb.net\/collection\/wp-content\/uploads\/2019\/01\/dainichi-fleur-pers-1024x768.jpg 1024w\" sizes=\"auto, (max-width: 320px) 100vw, 320px\" \/><\/a><\/p>\n<p><a href=\"http:\/\/jlggb.net\/collection\/wp-content\/uploads\/2019\/01\/dainichi-bambou-pers.jpg\" data-rel=\"lightbox-image-3\" data-imagelightbox=\"3\" data-rl_title=\"\" data-rl_caption=\"\" title=\"\"><img loading=\"lazy\" decoding=\"async\" class=\"wp-image-642\" src=\"http:\/\/jlggb.net\/collection\/wp-content\/uploads\/2019\/01\/dainichi-bambou-pers.jpg\" alt=\"\" width=\"320\" height=\"240\" srcset=\"http:\/\/jlggb.net\/collection\/wp-content\/uploads\/2019\/01\/dainichi-bambou-pers.jpg 1600w, http:\/\/jlggb.net\/collection\/wp-content\/uploads\/2019\/01\/dainichi-bambou-pers-300x225.jpg 300w, http:\/\/jlggb.net\/collection\/wp-content\/uploads\/2019\/01\/dainichi-bambou-pers-768x576.jpg 768w, http:\/\/jlggb.net\/collection\/wp-content\/uploads\/2019\/01\/dainichi-bambou-pers-1024x768.jpg 1024w\" sizes=\"auto, (max-width: 320px) 100vw, 320px\" \/><\/a><\/p>\n<p>Dainichi (grand jour) est l&rsquo;un des rares ateliers de porcelaine de cette r\u00e9gion, qui en compte \u00e9norm\u00e9ment, \u00e0 avoir attir\u00e9 l\u2019attention des tenants de l\u2019\u00ab\u00a0esprit Mingei \u00bb.\u00a0Certaines pi\u00e8ces soba choko de ce style ont \u00e9t\u00e9 rep\u00e9r\u00e9es dans des magasins \u00e0 Tokyo. La visite le 26 septembre 2013 (Jean-Louis Boissier, Hajime Takeuchi) est tr\u00e8s int\u00e9ressante. Nous comprenons que la r\u00e9alisation de divers mod\u00e8les est assur\u00e9e par trois personnes, madame Kubo, qui dirige la fabrique et cr\u00e9e les motifs, son fils qui s\u2019occupe de la fabrication, de la cuisson, sa fille qui peint les d\u00e9cors, pour l\u2019essentiel selon un style traditionnel bleu sur blanc qui se r\u00e9clame explicitement du mouvement Mingei.<\/p>\n<p>Le site du four Dainichi dit, en 2019,\u00a0que la poterie Dainichi va de la terre \u00e0 la peinture avec 4 personnes. Il pr\u00e9sente\u00a0le fils Hiroshi Kubo comme 3e g\u00e9n\u00e9ration, et les deux g\u00e9n\u00e9rations pr\u00e9c\u00e9dentes, Hideo Kubo qui a fond\u00e9 le four en 1958 et Toru Kubo, le p\u00e8re. Madame Toshie Kubo dit qu&rsquo;elle a commenc\u00e9 \u00e0 peindre il y a 40 ans. Madame Nishiyama se pr\u00e9sente comme personne de soutien. La fille n&rsquo;appara\u00eet pas.<\/p>\n<p>Site de la fabrique\u00a0: <a href=\"http:\/\/dainichigama.com\/index.html\" target=\"_blank\" rel=\"noopener\">http:\/\/dainichigama.com\/index.html<\/a><\/p>\n<p>et <a href=\"http:\/\/dainichi.mu.shopserve.jp\">http:\/\/dainichi.mu.shopserve.jp<\/a><\/p>\n<p><a href=\"http:\/\/jlggb.net\/collection\/wp-content\/uploads\/2019\/01\/dainichi-1.jpg\" data-rel=\"lightbox-image-4\" data-imagelightbox=\"4\" data-rl_title=\"\" data-rl_caption=\"\" title=\"\"><img loading=\"lazy\" decoding=\"async\" class=\"wp-image-647\" src=\"http:\/\/jlggb.net\/collection\/wp-content\/uploads\/2019\/01\/dainichi-1.jpg\" alt=\"\" width=\"640\" height=\"480\" srcset=\"http:\/\/jlggb.net\/collection\/wp-content\/uploads\/2019\/01\/dainichi-1.jpg 1600w, http:\/\/jlggb.net\/collection\/wp-content\/uploads\/2019\/01\/dainichi-1-300x225.jpg 300w, http:\/\/jlggb.net\/collection\/wp-content\/uploads\/2019\/01\/dainichi-1-768x576.jpg 768w, http:\/\/jlggb.net\/collection\/wp-content\/uploads\/2019\/01\/dainichi-1-1024x768.jpg 1024w\" sizes=\"auto, (max-width: 640px) 100vw, 640px\" \/><\/a> <\/p>\n<p><a href=\"http:\/\/jlggb.net\/collection\/wp-content\/uploads\/2019\/01\/dainichi-2.jpg\" data-rel=\"lightbox-image-5\" data-imagelightbox=\"5\" data-rl_title=\"\" data-rl_caption=\"\" title=\"\"><img loading=\"lazy\" decoding=\"async\" class=\"wp-image-648\" src=\"http:\/\/jlggb.net\/collection\/wp-content\/uploads\/2019\/01\/dainichi-2.jpg\" alt=\"\" width=\"640\" height=\"480\" srcset=\"http:\/\/jlggb.net\/collection\/wp-content\/uploads\/2019\/01\/dainichi-2.jpg 1600w, http:\/\/jlggb.net\/collection\/wp-content\/uploads\/2019\/01\/dainichi-2-300x225.jpg 300w, http:\/\/jlggb.net\/collection\/wp-content\/uploads\/2019\/01\/dainichi-2-768x576.jpg 768w, http:\/\/jlggb.net\/collection\/wp-content\/uploads\/2019\/01\/dainichi-2-1024x768.jpg 1024w\" sizes=\"auto, (max-width: 640px) 100vw, 640px\" \/><\/a> <\/p>\n<p><a href=\"http:\/\/jlggb.net\/collection\/wp-content\/uploads\/2019\/01\/dainichi-3.jpg\" data-rel=\"lightbox-image-6\" data-imagelightbox=\"6\" data-rl_title=\"\" data-rl_caption=\"\" title=\"\"><img loading=\"lazy\" decoding=\"async\" class=\"wp-image-649\" src=\"http:\/\/jlggb.net\/collection\/wp-content\/uploads\/2019\/01\/dainichi-3.jpg\" alt=\"\" width=\"640\" height=\"480\" srcset=\"http:\/\/jlggb.net\/collection\/wp-content\/uploads\/2019\/01\/dainichi-3.jpg 1600w, http:\/\/jlggb.net\/collection\/wp-content\/uploads\/2019\/01\/dainichi-3-300x225.jpg 300w, http:\/\/jlggb.net\/collection\/wp-content\/uploads\/2019\/01\/dainichi-3-768x576.jpg 768w, http:\/\/jlggb.net\/collection\/wp-content\/uploads\/2019\/01\/dainichi-3-1024x768.jpg 1024w\" sizes=\"auto, (max-width: 640px) 100vw, 640px\" \/><\/a> <\/p>\n<p><a href=\"http:\/\/jlggb.net\/collection\/wp-content\/uploads\/2019\/01\/dainichi-4.jpg\" data-rel=\"lightbox-image-7\" data-imagelightbox=\"7\" data-rl_title=\"\" data-rl_caption=\"\" title=\"\"><img loading=\"lazy\" decoding=\"async\" class=\"wp-image-650\" src=\"http:\/\/jlggb.net\/collection\/wp-content\/uploads\/2019\/01\/dainichi-4.jpg\" alt=\"\" width=\"640\" height=\"480\" srcset=\"http:\/\/jlggb.net\/collection\/wp-content\/uploads\/2019\/01\/dainichi-4.jpg 1600w, http:\/\/jlggb.net\/collection\/wp-content\/uploads\/2019\/01\/dainichi-4-300x225.jpg 300w, http:\/\/jlggb.net\/collection\/wp-content\/uploads\/2019\/01\/dainichi-4-768x576.jpg 768w, http:\/\/jlggb.net\/collection\/wp-content\/uploads\/2019\/01\/dainichi-4-1024x768.jpg 1024w\" sizes=\"auto, (max-width: 640px) 100vw, 640px\" \/><\/a><\/p>\n<p>Photos jlb 2013<\/p>\n<p><img loading=\"lazy\" decoding=\"async\" class=\"size-full wp-image-3019\" src=\"http:\/\/jlggb.net\/collection\/wp-content\/uploads\/2022\/09\/dainichi-pont.png\" alt=\"\" width=\"3360\" height=\"2100\" srcset=\"http:\/\/jlggb.net\/collection\/wp-content\/uploads\/2022\/09\/dainichi-pont.png 3360w, http:\/\/jlggb.net\/collection\/wp-content\/uploads\/2022\/09\/dainichi-pont-300x188.png 300w, http:\/\/jlggb.net\/collection\/wp-content\/uploads\/2022\/09\/dainichi-pont-1024x640.png 1024w, http:\/\/jlggb.net\/collection\/wp-content\/uploads\/2022\/09\/dainichi-pont-768x480.png 768w, http:\/\/jlggb.net\/collection\/wp-content\/uploads\/2022\/09\/dainichi-pont-1536x960.png 1536w, http:\/\/jlggb.net\/collection\/wp-content\/uploads\/2022\/09\/dainichi-pont-2048x1280.png 2048w\" sizes=\"auto, (max-width: 3360px) 100vw, 3360px\" \/><\/p>\n<p>Google Street View 2019<\/p>\n","protected":false},"excerpt":{"rendered":"<p>Retour \u00e0 la page \u00ab soba choko vari\u00e9t\u00e9 \u00bb Dainichi gama,\u00a0\u5927\u65e5\u7aaf, atelier de porcelaine, Arita, pr\u00e9fecture de Saga Dainichi (grand jour) est l&rsquo;un des rares ateliers de porcelaine de cette r\u00e9gion, qui en compte \u00e9norm\u00e9ment, \u00e0 avoir attir\u00e9 l\u2019attention des tenants de l\u2019\u00ab\u00a0esprit Mingei \u00bb.\u00a0Certaines pi\u00e8ces soba choko de ce style ont \u00e9t\u00e9 rep\u00e9r\u00e9es dans [&hellip;]<\/p>\n","protected":false},"author":1,"featured_media":0,"parent":596,"menu_order":3,"comment_status":"closed","ping_status":"closed","template":"","meta":{"footnotes":""},"class_list":["post-637","page","type-page","status-publish","hentry"],"_links":{"self":[{"href":"http:\/\/jlggb.net\/collection\/index.php?rest_route=\/wp\/v2\/pages\/637","targetHints":{"allow":["GET"]}}],"collection":[{"href":"http:\/\/jlggb.net\/collection\/index.php?rest_route=\/wp\/v2\/pages"}],"about":[{"href":"http:\/\/jlggb.net\/collection\/index.php?rest_route=\/wp\/v2\/types\/page"}],"author":[{"embeddable":true,"href":"http:\/\/jlggb.net\/collection\/index.php?rest_route=\/wp\/v2\/users\/1"}],"replies":[{"embeddable":true,"href":"http:\/\/jlggb.net\/collection\/index.php?rest_route=%2Fwp%2Fv2%2Fcomments&post=637"}],"version-history":[{"count":25,"href":"http:\/\/jlggb.net\/collection\/index.php?rest_route=\/wp\/v2\/pages\/637\/revisions"}],"predecessor-version":[{"id":3022,"href":"http:\/\/jlggb.net\/collection\/index.php?rest_route=\/wp\/v2\/pages\/637\/revisions\/3022"}],"up":[{"embeddable":true,"href":"http:\/\/jlggb.net\/collection\/index.php?rest_route=\/wp\/v2\/pages\/596"}],"wp:attachment":[{"href":"http:\/\/jlggb.net\/collection\/index.php?rest_route=%2Fwp%2Fv2%2Fmedia&parent=637"}],"curies":[{"name":"wp","href":"https:\/\/api.w.org\/{rel}","templated":true}]}}