{"id":588,"date":"2019-01-04T22:49:27","date_gmt":"2019-01-04T21:49:27","guid":{"rendered":"http:\/\/jlggb.net\/collection\/?page_id=588"},"modified":"2024-02-03T11:38:45","modified_gmt":"2024-02-03T10:38:45","slug":"collectif-de-recherche-dsc","status":"publish","type":"page","link":"http:\/\/jlggb.net\/collection\/?page_id=588","title":{"rendered":"collectif de recherche (d)SC"},"content":{"rendered":"<p>Collectif de recherche et r\u00e9alisation (\u00e0 ce jour)&nbsp;:<\/p>\n<p>Jean-Louis Boissier, directeur de recherche en art et esth\u00e9tique<br \/>\nB\u00e9atrice Selleron, sc\u00e9nographe, professeure de design<br \/>\navec<br \/>\nLiliane Terrier, chercheuse en art et histoire de l&rsquo;art<br \/>\nFanny Terno, artiste, chercheuse en art, Universit\u00e9\u00a0Aix-Marseille, Kyoto City University of Art, 2021-2023<br \/>\nThomas Vauthier, artiste, chercheur en art, Universit\u00e9\u00a0Aix-Marseille, Universit\u00e9 des Arts de Tokyo<br \/>\net<br \/>\nF\u00e9lix Agid, architecte, chercheur, professeur, ESAD TALM-Le Mans<br \/>\nAlexandre Brugnoni, professeur de design 3D, ENSAD Nancy<br \/>\nIanis Lallemand, designer, chercheur, professeur, ESAD TALM-Le Mans<br \/>\nNatsuko Uchino, artiste, professeure de sculpture, ESAD TALM-Le Mans<br \/>\nNine Gourrier-Varron, stagiaire en c\u00e9ramique m\u00e9catronique<br \/>\nCaroline Zahnd, artiste, Directrice de l\u2019unit\u00e9 de recherche ECOLAB, ESAD Orl\u00e9ans<br \/>\net<br \/>\nClaire Linard, c\u00e9ramiste, Centre c\u00e9ramique contemporaine La Borne<br \/>\nAnne Reverdy, c\u00e9ramiste, Centre c\u00e9ramique contemporaine La Borne<\/p>\n<p>Conseil et contribution&nbsp;:<br \/>\nMariina Bakic, responsable cr\u00e9ation et transmission, Le Signe, Chaumont<br \/>\nTiphanie Dragaut-Lupescu, responsable de projets artistiques<br \/>\nMarie Drouot, c\u00e9ramiste<br \/>\nJean-Michel G\u00e9ridan, directeur, Le Signe, Chaumont, <a href=\"http:\/\/www.centrenationaldugraphisme.fr\/le-signe\">http:\/\/www.centrenationaldugraphisme.fr\/le-signe<\/a><br \/>\nMari Minato, artiste, r\u00e9sidences au Shigaraki Ceramic Cultural Park, Shiga, Japon,\u00a0<a href=\"https:\/\/www.sccp.jp\/e\/\">https:\/\/www.sccp.jp\/e\/ <\/a><br \/>\nHanako Murakami, artiste, traductrice<br \/>\nHajime Takeuchi, professeur de design interactif, Nagoya University of the Arts<br \/>\nXin Ye, peintre et calligraphe, ma\u00eetre de conf\u00e9rences \u00e0 l&rsquo;Universit\u00e9 Paris 8<br \/>\nHiroshi Yoshioka, professeur, directeur de recherches en esth\u00e9tique, Universit\u00e9 des arts de Kyoto<\/p>\n<p>Partenariats (\u00e0 ce jour)&nbsp;:<\/p>\n<p>1\u00b0<br \/>\nUniversit\u00e9 Paris 8 \/ Laboratoire AI-AC (Art contemporain et art des images) \/ \u00c9quipe TEAMeD (Th\u00e9orie et exp\u00e9rimentation en arts, m\u00e9dias et design),\u00a0programme\u00a0\u00ab\u00a0La collection comme donn\u00e9es \u00e0 l\u2019\u0153uvre\u00a0\u00bb.<br \/>\nEUR ArTeC \/ Universit\u00e9 Paris Lumi\u00e8res <a href=\"https:\/\/www.u-plum.fr\/ecole-universitaire-de-recherche-artec\/\">https:\/\/www.u-plum.fr\/ecole-universitaire-de-recherche-artec\/<\/a><br \/>\n\u00c9cole sup\u00e9rieure d&rsquo;art et de design TALM-Le Mans \/\u00a0Master \u00ab Design computationnel et m\u00e9catronique \u00bb\u00a0<a href=\"https:\/\/esad-talm.fr\/fr\/les-etudes\/l-option-design\/design-computationnel-et-mecatronique\">https:\/\/esad-talm.fr\/fr\/les-etudes\/l-option-design\/design-computationnel-et-mecatronique <\/a>et master Magma.<br \/>\n\u00c9cole sup\u00e9rieure d\u2019art et de design TALM-Tours et TALM-Angers<br \/>\n\u00c9cole sup\u00e9rieure d\u2019art et de design d\u2019Orl\u00e9ans<br \/>\n\u00c9cole Nationale Sup\u00e9rieure d\u2019Art\u00a0et de Design de Nancy \/ Option Design<\/p>\n<p>2\u00b0<br \/>\nCentre\u00a0c\u00e9ramique contemporaine, La Borne,\u00a0<a href=\"https:\/\/www.laborne.org\/fr\/\">https:\/\/www.laborne.org\/fr\/<\/a><br \/>\nLe Signe &#8211; Centre National du Graphisme, Chaumont<\/p>\n<p>3\u00b0<br \/>\nTokyo University of the Arts \/ Global Arts<br \/>\nKyoto Saga University of Arts \/\u00a0Fine Arts Department \/ Ceramic Department<br \/>\nUniversit\u00e9 des arts de Kyoto \/ Institut de civilisation et de philosophie<br \/>\nNagoya University of the Arts \/ Design Department<\/p>\n<p>4\u00b0<br \/>\nGestion du projet&nbsp;:\u00a0Association Transports, recherche, r\u00e9alisation, \u00e9dition, Paris<\/p>\n<p><a href=\"http:\/\/jlggb.net\/collection\/\">Retour \u00e0 la page d&rsquo;accueil<\/a><\/p>\n","protected":false},"excerpt":{"rendered":"<p>Collectif de recherche et r\u00e9alisation (\u00e0 ce jour)&nbsp;: Jean-Louis Boissier, directeur de recherche en art et esth\u00e9tique B\u00e9atrice Selleron, sc\u00e9nographe, professeure de design avec Liliane Terrier, chercheuse en art et histoire de l&rsquo;art Fanny Terno, artiste, chercheuse en art, Universit\u00e9\u00a0Aix-Marseille, Kyoto City University of Art, 2021-2023 Thomas Vauthier, artiste, chercheur en art, Universit\u00e9\u00a0Aix-Marseille, Universit\u00e9 des [&hellip;]<\/p>\n","protected":false},"author":1,"featured_media":0,"parent":0,"menu_order":0,"comment_status":"closed","ping_status":"closed","template":"","meta":{"footnotes":""},"class_list":["post-588","page","type-page","status-publish","hentry"],"_links":{"self":[{"href":"http:\/\/jlggb.net\/collection\/index.php?rest_route=\/wp\/v2\/pages\/588","targetHints":{"allow":["GET"]}}],"collection":[{"href":"http:\/\/jlggb.net\/collection\/index.php?rest_route=\/wp\/v2\/pages"}],"about":[{"href":"http:\/\/jlggb.net\/collection\/index.php?rest_route=\/wp\/v2\/types\/page"}],"author":[{"embeddable":true,"href":"http:\/\/jlggb.net\/collection\/index.php?rest_route=\/wp\/v2\/users\/1"}],"replies":[{"embeddable":true,"href":"http:\/\/jlggb.net\/collection\/index.php?rest_route=%2Fwp%2Fv2%2Fcomments&post=588"}],"version-history":[{"count":71,"href":"http:\/\/jlggb.net\/collection\/index.php?rest_route=\/wp\/v2\/pages\/588\/revisions"}],"predecessor-version":[{"id":3511,"href":"http:\/\/jlggb.net\/collection\/index.php?rest_route=\/wp\/v2\/pages\/588\/revisions\/3511"}],"wp:attachment":[{"href":"http:\/\/jlggb.net\/collection\/index.php?rest_route=%2Fwp%2Fv2%2Fmedia&parent=588"}],"curies":[{"name":"wp","href":"https:\/\/api.w.org\/{rel}","templated":true}]}}