{"id":483,"date":"2018-12-31T23:01:14","date_gmt":"2018-12-31T22:01:14","guid":{"rendered":"http:\/\/jlggb.net\/collection\/?page_id=483"},"modified":"2022-08-30T15:37:14","modified_gmt":"2022-08-30T13:37:14","slug":"soba-choko-chez-muji","status":"publish","type":"page","link":"http:\/\/jlggb.net\/collection\/?page_id=483","title":{"rendered":"soba choko chez muji"},"content":{"rendered":"<p><a href=\"http:\/\/jlggb.net\/collection\/?page_id=596\">Retour \u00e0 la page \u00ab soba choko vari\u00e9t\u00e9 \u00bb<\/a><\/p>\n<p>&nbsp;<\/p>\n<p><a href=\"http:\/\/jlggb.net\/collection\/wp-content\/uploads\/2019\/01\/japon-ceramic-muji.jpg\" data-rel=\"lightbox-image-0\" data-imagelightbox=\"0\" data-rl_title=\"\" data-rl_caption=\"\" title=\"\"><img loading=\"lazy\" decoding=\"async\" class=\"alignnone wp-image-485\" src=\"http:\/\/jlggb.net\/collection\/wp-content\/uploads\/2019\/01\/japon-ceramic-muji.jpg\" alt=\"\" width=\"1240\" height=\"923\" srcset=\"http:\/\/jlggb.net\/collection\/wp-content\/uploads\/2019\/01\/japon-ceramic-muji.jpg 3854w, http:\/\/jlggb.net\/collection\/wp-content\/uploads\/2019\/01\/japon-ceramic-muji-300x223.jpg 300w, http:\/\/jlggb.net\/collection\/wp-content\/uploads\/2019\/01\/japon-ceramic-muji-768x572.jpg 768w, http:\/\/jlggb.net\/collection\/wp-content\/uploads\/2019\/01\/japon-ceramic-muji-1024x762.jpg 1024w\" sizes=\"auto, (max-width: 1240px) 100vw, 1240px\" \/><\/a><br \/>\nLes num\u00e9ros rouges correspondent aux quatre origines des soba choko vendues par Muji vers 2017, et tr\u00e8s probablement fabriqu\u00e9s \u00e0 cette destination. Quatre styles attach\u00e9s \u00e0 ces manufactures et \u00e0 des c\u00e9ramiques locales.<\/p>\n<p><a href=\"http:\/\/jlggb.net\/collection\/wp-content\/uploads\/2019\/01\/muji-24.jpg\" data-rel=\"lightbox-image-1\" data-imagelightbox=\"1\" data-rl_title=\"\" data-rl_caption=\"\" title=\"\"><img loading=\"lazy\" decoding=\"async\" class=\"alignnone wp-image-495\" src=\"http:\/\/jlggb.net\/collection\/wp-content\/uploads\/2019\/01\/muji-24.jpg\" alt=\"\" width=\"200\" height=\"200\" srcset=\"http:\/\/jlggb.net\/collection\/wp-content\/uploads\/2019\/01\/muji-24.jpg 922w, http:\/\/jlggb.net\/collection\/wp-content\/uploads\/2019\/01\/muji-24-150x150.jpg 150w, http:\/\/jlggb.net\/collection\/wp-content\/uploads\/2019\/01\/muji-24-300x300.jpg 300w, http:\/\/jlggb.net\/collection\/wp-content\/uploads\/2019\/01\/muji-24-768x768.jpg 768w\" sizes=\"auto, (max-width: 200px) 100vw, 200px\" \/><\/a><br \/>\n1<br \/>\nPorcelaine blanche, d\u00e9cor bleu, motif yabane<br \/>\nHasami, pr\u00e9fecture de Nagasaki = N\u00b024<br \/>\n\u2014 \u00e0 rapprocher de la c\u00e9l\u00e8bre fabrique Hakusan\u00a0\u767d\u5c71\u9676\u5668\u672c\u793e\u30b7\u30e7\u30fc\u30eb\u30fc\u30e0<\/p>\n<p><a href=\"http:\/\/jlggb.net\/collection\/wp-content\/uploads\/2019\/01\/muji-3.jpg\" data-rel=\"lightbox-image-2\" data-imagelightbox=\"2\" data-rl_title=\"\" data-rl_caption=\"\" title=\"\"><img loading=\"lazy\" decoding=\"async\" class=\"alignnone wp-image-492\" src=\"http:\/\/jlggb.net\/collection\/wp-content\/uploads\/2019\/01\/muji-3.jpg\" alt=\"\" width=\"200\" height=\"200\" srcset=\"http:\/\/jlggb.net\/collection\/wp-content\/uploads\/2019\/01\/muji-3.jpg 922w, http:\/\/jlggb.net\/collection\/wp-content\/uploads\/2019\/01\/muji-3-150x150.jpg 150w, http:\/\/jlggb.net\/collection\/wp-content\/uploads\/2019\/01\/muji-3-300x300.jpg 300w, http:\/\/jlggb.net\/collection\/wp-content\/uploads\/2019\/01\/muji-3-768x768.jpg 768w\" sizes=\"auto, (max-width: 200px) 100vw, 200px\" \/><\/a><br \/>\n2<br \/>\nGr\u00e8s brun<br \/>\nMashiko (Hamada, Mingei), pr\u00e9fecture de Tochigi = N\u00b03<\/p>\n<p><a href=\"http:\/\/jlggb.net\/collection\/wp-content\/uploads\/2019\/01\/muji-17.jpg\" data-rel=\"lightbox-image-3\" data-imagelightbox=\"3\" data-rl_title=\"\" data-rl_caption=\"\" title=\"\"><img loading=\"lazy\" decoding=\"async\" class=\"alignnone wp-image-494\" src=\"http:\/\/jlggb.net\/collection\/wp-content\/uploads\/2019\/01\/muji-17.jpg\" alt=\"\" width=\"200\" height=\"200\" srcset=\"http:\/\/jlggb.net\/collection\/wp-content\/uploads\/2019\/01\/muji-17.jpg 922w, http:\/\/jlggb.net\/collection\/wp-content\/uploads\/2019\/01\/muji-17-150x150.jpg 150w, http:\/\/jlggb.net\/collection\/wp-content\/uploads\/2019\/01\/muji-17-300x300.jpg 300w, http:\/\/jlggb.net\/collection\/wp-content\/uploads\/2019\/01\/muji-17-768x768.jpg 768w\" sizes=\"auto, (max-width: 200px) 100vw, 200px\" \/><\/a><br \/>\n3<br \/>\nBeige ros\u00e9 craquel\u00e9<br \/>\nHagi, pr\u00e9fecture de Yamaguchi = N\u00b0 17<\/p>\n<p><a href=\"http:\/\/jlggb.net\/collection\/wp-content\/uploads\/2019\/01\/muji-11.jpg\" data-rel=\"lightbox-image-4\" data-imagelightbox=\"4\" data-rl_title=\"\" data-rl_caption=\"\" title=\"\"><img loading=\"lazy\" decoding=\"async\" class=\"alignnone wp-image-493\" src=\"http:\/\/jlggb.net\/collection\/wp-content\/uploads\/2019\/01\/muji-11.jpg\" alt=\"\" width=\"200\" height=\"200\" srcset=\"http:\/\/jlggb.net\/collection\/wp-content\/uploads\/2019\/01\/muji-11.jpg 922w, http:\/\/jlggb.net\/collection\/wp-content\/uploads\/2019\/01\/muji-11-150x150.jpg 150w, http:\/\/jlggb.net\/collection\/wp-content\/uploads\/2019\/01\/muji-11-300x300.jpg 300w, http:\/\/jlggb.net\/collection\/wp-content\/uploads\/2019\/01\/muji-11-768x768.jpg 768w\" sizes=\"auto, (max-width: 200px) 100vw, 200px\" \/><\/a><br \/>\n4<br \/>\nGris bleu\u00a0craquel\u00e9<br \/>\nBanko, Yokkaichi, pr\u00e9fecture de Mie = \u2028N\u00b0 11<\/p>\n<p>Depuis 2000 environ, une certain nombre de soba choko ont \u00e9t\u00e9 trouv\u00e9s et distribu\u00e9s par Muji, y compris dans la gamme Found Muji.<\/p>\n","protected":false},"excerpt":{"rendered":"<p>Retour \u00e0 la page \u00ab soba choko vari\u00e9t\u00e9 \u00bb &nbsp; Les num\u00e9ros rouges correspondent aux quatre origines des soba choko vendues par Muji vers 2017, et tr\u00e8s probablement fabriqu\u00e9s \u00e0 cette destination. Quatre styles attach\u00e9s \u00e0 ces manufactures et \u00e0 des c\u00e9ramiques locales. 1 Porcelaine blanche, d\u00e9cor bleu, motif yabane Hasami, pr\u00e9fecture de Nagasaki = [&hellip;]<\/p>\n","protected":false},"author":1,"featured_media":0,"parent":596,"menu_order":2,"comment_status":"closed","ping_status":"closed","template":"","meta":{"footnotes":""},"class_list":["post-483","page","type-page","status-publish","hentry"],"_links":{"self":[{"href":"http:\/\/jlggb.net\/collection\/index.php?rest_route=\/wp\/v2\/pages\/483","targetHints":{"allow":["GET"]}}],"collection":[{"href":"http:\/\/jlggb.net\/collection\/index.php?rest_route=\/wp\/v2\/pages"}],"about":[{"href":"http:\/\/jlggb.net\/collection\/index.php?rest_route=\/wp\/v2\/types\/page"}],"author":[{"embeddable":true,"href":"http:\/\/jlggb.net\/collection\/index.php?rest_route=\/wp\/v2\/users\/1"}],"replies":[{"embeddable":true,"href":"http:\/\/jlggb.net\/collection\/index.php?rest_route=%2Fwp%2Fv2%2Fcomments&post=483"}],"version-history":[{"count":18,"href":"http:\/\/jlggb.net\/collection\/index.php?rest_route=\/wp\/v2\/pages\/483\/revisions"}],"predecessor-version":[{"id":2550,"href":"http:\/\/jlggb.net\/collection\/index.php?rest_route=\/wp\/v2\/pages\/483\/revisions\/2550"}],"up":[{"embeddable":true,"href":"http:\/\/jlggb.net\/collection\/index.php?rest_route=\/wp\/v2\/pages\/596"}],"wp:attachment":[{"href":"http:\/\/jlggb.net\/collection\/index.php?rest_route=%2Fwp%2Fv2%2Fmedia&parent=483"}],"curies":[{"name":"wp","href":"https:\/\/api.w.org\/{rel}","templated":true}]}}