{"id":2084,"date":"2022-05-10T16:41:18","date_gmt":"2022-05-10T14:41:18","guid":{"rendered":"http:\/\/jlggb.net\/collection\/?page_id=2084"},"modified":"2022-06-26T00:07:58","modified_gmt":"2022-06-25T22:07:58","slug":"mai-2022-workshop-de-tournage-a-la-borne","status":"publish","type":"page","link":"http:\/\/jlggb.net\/collection\/?page_id=2084","title":{"rendered":"2022\/05 workshop de tournage \u00e0 La Borne"},"content":{"rendered":"<p>Sommaire&nbsp;:<\/p>\n<p>&nbsp;<\/p>\n<p><a href=\"http:\/\/jlggb.net\/collection\/?page_id=2125\">caract\u00e9ristiques du soba choko classique<\/a><\/p>\n<p><a href=\"http:\/\/jlggb.net\/collection\/?page_id=2138\">note d\u2019intention pour un sc\u00e9nario de recherche<\/a><\/p>\n<p><a href=\"http:\/\/jlggb.net\/collection\/?page_id=2151\">questionnement \u00e0 partir de 2 phrases<\/a><\/p>\n<p><a href=\"http:\/\/jlggb.net\/collection\/?page_id=2095\">exemple d&rsquo;un tournage de gobelets en terre verniss\u00e9e \u00e0 Cliousclat, vid\u00e9o<\/a><\/p>\n<p>3 documents pdf \u00e0 consulter&nbsp;:<\/p>\n<p>1.<br \/>\n<a href=\"http:\/\/jlggb.net\/collection\/wp-content\/uploads\/2022\/05\/d-soba-choko-12-15-mai-scenario.pdf\">(d) soba choko > 12-15 mai sc\u00e9nario<\/a><\/p>\n<p>2.<br \/>\n<a href=\"http:\/\/jlggb.net\/collection\/wp-content\/uploads\/2022\/05\/d-soba-choko-12-15-mai-workshop.pdf\">(d) soba choko > 12-15 mai workshop<\/a><\/p>\n<p>3.<br \/>\n<a href=\"http:\/\/jlggb.net\/collection\/wp-content\/uploads\/2022\/05\/d-soba-choko-12-15-mai-question.pdf\">(d) soba choko > 12-15 mai question<\/a><\/p>\n","protected":false},"excerpt":{"rendered":"<p>Sommaire&nbsp;: &nbsp; caract\u00e9ristiques du soba choko classique note d\u2019intention pour un sc\u00e9nario de recherche questionnement \u00e0 partir de 2 phrases exemple d&rsquo;un tournage de gobelets en terre verniss\u00e9e \u00e0 Cliousclat, vid\u00e9o 3 documents pdf \u00e0 consulter&nbsp;: 1. (d) soba choko > 12-15 mai sc\u00e9nario 2. (d) soba choko > 12-15 mai workshop 3. (d) soba [&hellip;]<\/p>\n","protected":false},"author":1,"featured_media":0,"parent":0,"menu_order":6,"comment_status":"closed","ping_status":"closed","template":"","meta":{"footnotes":""},"class_list":["post-2084","page","type-page","status-publish","hentry"],"_links":{"self":[{"href":"http:\/\/jlggb.net\/collection\/index.php?rest_route=\/wp\/v2\/pages\/2084","targetHints":{"allow":["GET"]}}],"collection":[{"href":"http:\/\/jlggb.net\/collection\/index.php?rest_route=\/wp\/v2\/pages"}],"about":[{"href":"http:\/\/jlggb.net\/collection\/index.php?rest_route=\/wp\/v2\/types\/page"}],"author":[{"embeddable":true,"href":"http:\/\/jlggb.net\/collection\/index.php?rest_route=\/wp\/v2\/users\/1"}],"replies":[{"embeddable":true,"href":"http:\/\/jlggb.net\/collection\/index.php?rest_route=%2Fwp%2Fv2%2Fcomments&post=2084"}],"version-history":[{"count":19,"href":"http:\/\/jlggb.net\/collection\/index.php?rest_route=\/wp\/v2\/pages\/2084\/revisions"}],"predecessor-version":[{"id":2169,"href":"http:\/\/jlggb.net\/collection\/index.php?rest_route=\/wp\/v2\/pages\/2084\/revisions\/2169"}],"wp:attachment":[{"href":"http:\/\/jlggb.net\/collection\/index.php?rest_route=%2Fwp%2Fv2%2Fmedia&parent=2084"}],"curies":[{"name":"wp","href":"https:\/\/api.w.org\/{rel}","templated":true}]}}