{"id":2028,"date":"2022-03-06T18:36:27","date_gmt":"2022-03-06T17:36:27","guid":{"rendered":"http:\/\/jlggb.net\/collection\/?page_id=2028"},"modified":"2022-03-15T10:31:19","modified_gmt":"2022-03-15T09:31:19","slug":"calligraphie-chinoise","status":"publish","type":"page","link":"http:\/\/jlggb.net\/collection\/?page_id=2028","title":{"rendered":"calligraphie chinoise"},"content":{"rendered":"<p>Exemple par Ye Xin \u8449\u6b23, peintre, dessinateur, calligraphe<\/p>\n<p><a href=\"http:\/\/jlggb.net\/collection\/wp-content\/uploads\/2022\/03\/IMG_7554-scaled.jpeg\" data-rel=\"lightbox-image-0\" data-imagelightbox=\"0\" data-rl_title=\"\" data-rl_caption=\"\" title=\"\"><img loading=\"lazy\" decoding=\"async\" class=\"alignnone size-full wp-image-2009\" src=\"http:\/\/jlggb.net\/collection\/wp-content\/uploads\/2022\/03\/IMG_7554-scaled.jpeg\" alt=\"\" width=\"2560\" height=\"2560\" srcset=\"http:\/\/jlggb.net\/collection\/wp-content\/uploads\/2022\/03\/IMG_7554-scaled.jpeg 2560w, http:\/\/jlggb.net\/collection\/wp-content\/uploads\/2022\/03\/IMG_7554-300x300.jpeg 300w, http:\/\/jlggb.net\/collection\/wp-content\/uploads\/2022\/03\/IMG_7554-1024x1024.jpeg 1024w, http:\/\/jlggb.net\/collection\/wp-content\/uploads\/2022\/03\/IMG_7554-150x150.jpeg 150w, http:\/\/jlggb.net\/collection\/wp-content\/uploads\/2022\/03\/IMG_7554-768x768.jpeg 768w, http:\/\/jlggb.net\/collection\/wp-content\/uploads\/2022\/03\/IMG_7554-1536x1536.jpeg 1536w, http:\/\/jlggb.net\/collection\/wp-content\/uploads\/2022\/03\/IMG_7554-2048x2048.jpeg 2048w\" sizes=\"auto, (max-width: 2560px) 100vw, 2560px\" \/><\/a><br \/>\nYe Xin, maquettes de soba choko calligraphiques, Paris, 2 mars 2022.<\/p>\n<p>1. \u5317\u658b\u9762\/Les nouilles d&rsquo;Hokusai<\/p>\n<p>2.\u00a0\u5317\u658b\u8001\u4eba\/Hokusai le Vieux<\/p>\n<p>3.\u00a0\u5317\u658b\u9762\/Les nouilles d&rsquo;Hokusai<\/p>\n<p>En r\u00e9f\u00e9rence \u00e0 la page \u5317\u658e\u6f2b\u753b, Hokusai, Manga Vol. 12, <em>Eating Noodles<\/em>,\u00a01814-1819.<\/p>\n<p><a href=\"http:\/\/jlggb.net\/collection\/wp-content\/uploads\/2021\/01\/vol12-page20-montage-3200-scaled.jpg\" data-rel=\"lightbox-image-1\" data-imagelightbox=\"1\" data-rl_title=\"\" data-rl_caption=\"\" title=\"\"><img loading=\"lazy\" decoding=\"async\" class=\"alignnone wp-image-1586\" src=\"http:\/\/jlggb.net\/collection\/wp-content\/uploads\/2021\/01\/vol12-page20-montage-3200-scaled.jpg\" alt=\"\" width=\"480\" height=\"677\" srcset=\"http:\/\/jlggb.net\/collection\/wp-content\/uploads\/2021\/01\/vol12-page20-montage-3200-scaled.jpg 1814w, http:\/\/jlggb.net\/collection\/wp-content\/uploads\/2021\/01\/vol12-page20-montage-3200-213x300.jpg 213w, http:\/\/jlggb.net\/collection\/wp-content\/uploads\/2021\/01\/vol12-page20-montage-3200-726x1024.jpg 726w, http:\/\/jlggb.net\/collection\/wp-content\/uploads\/2021\/01\/vol12-page20-montage-3200-768x1084.jpg 768w, http:\/\/jlggb.net\/collection\/wp-content\/uploads\/2021\/01\/vol12-page20-montage-3200-1089x1536.jpg 1089w, http:\/\/jlggb.net\/collection\/wp-content\/uploads\/2021\/01\/vol12-page20-montage-3200-1452x2048.jpg 1452w\" sizes=\"auto, (max-width: 480px) 100vw, 480px\" \/><\/a><\/p>\n","protected":false},"excerpt":{"rendered":"<p>Exemple par Ye Xin \u8449\u6b23, peintre, dessinateur, calligraphe Ye Xin, maquettes de soba choko calligraphiques, Paris, 2 mars 2022. 1. \u5317\u658b\u9762\/Les nouilles d&rsquo;Hokusai 2.\u00a0\u5317\u658b\u8001\u4eba\/Hokusai le Vieux 3.\u00a0\u5317\u658b\u9762\/Les nouilles d&rsquo;Hokusai En r\u00e9f\u00e9rence \u00e0 la page \u5317\u658e\u6f2b\u753b, Hokusai, Manga Vol. 12, Eating Noodles,\u00a01814-1819.<\/p>\n","protected":false},"author":1,"featured_media":0,"parent":1991,"menu_order":2,"comment_status":"closed","ping_status":"closed","template":"","meta":{"footnotes":""},"class_list":["post-2028","page","type-page","status-publish","hentry"],"_links":{"self":[{"href":"http:\/\/jlggb.net\/collection\/index.php?rest_route=\/wp\/v2\/pages\/2028","targetHints":{"allow":["GET"]}}],"collection":[{"href":"http:\/\/jlggb.net\/collection\/index.php?rest_route=\/wp\/v2\/pages"}],"about":[{"href":"http:\/\/jlggb.net\/collection\/index.php?rest_route=\/wp\/v2\/types\/page"}],"author":[{"embeddable":true,"href":"http:\/\/jlggb.net\/collection\/index.php?rest_route=\/wp\/v2\/users\/1"}],"replies":[{"embeddable":true,"href":"http:\/\/jlggb.net\/collection\/index.php?rest_route=%2Fwp%2Fv2%2Fcomments&post=2028"}],"version-history":[{"count":9,"href":"http:\/\/jlggb.net\/collection\/index.php?rest_route=\/wp\/v2\/pages\/2028\/revisions"}],"predecessor-version":[{"id":2064,"href":"http:\/\/jlggb.net\/collection\/index.php?rest_route=\/wp\/v2\/pages\/2028\/revisions\/2064"}],"up":[{"embeddable":true,"href":"http:\/\/jlggb.net\/collection\/index.php?rest_route=\/wp\/v2\/pages\/1991"}],"wp:attachment":[{"href":"http:\/\/jlggb.net\/collection\/index.php?rest_route=%2Fwp%2Fv2%2Fmedia&parent=2028"}],"curies":[{"name":"wp","href":"https:\/\/api.w.org\/{rel}","templated":true}]}}