{"id":1991,"date":"2022-03-02T00:26:39","date_gmt":"2022-03-01T23:26:39","guid":{"rendered":"http:\/\/jlggb.net\/collection\/?page_id=1991"},"modified":"2022-06-26T00:10:20","modified_gmt":"2022-06-25T22:10:20","slug":"workshop-digital-soba-choko-a-lesad-du-mans-en-mars-2020","status":"publish","type":"page","link":"http:\/\/jlggb.net\/collection\/?page_id=1991","title":{"rendered":"2022\/03 workshop (digital) Soba Choko \u00e0 l\u2019ESAD du Mans"},"content":{"rendered":"<p>Documentation pour le workshop<\/p>\n<p>1\u00b0<br \/>\nVoir les motifs \u00ab\u00a0abstrait\u00a0\u00bb de la collection de r\u00e9f\u00e9rence&nbsp;:<\/p>\n<p><a href=\"http:\/\/sobachoko.jp\/room.php?t=2\">http:\/\/sobachoko.jp\/room.php?t=2<\/a><\/p>\n<p>Collection en ligne&nbsp;:<\/p>\n<p><a href=\"http:\/\/sobachoko.jp\/index.html\">http:\/\/sobachoko.jp\/index.html<\/a><\/p>\n<div class=\"message00\">\u00c0 propos de cette collection ou \u00ab\u00a0mus\u00e9e\u00a0\u00bb<\/div>\n<h2 class=\"about-txt\"><span class=\"\">Soba Choko<\/span> 975 pi\u00e8ces, composition&nbsp;:<\/h2>\n<p class=\"about-txt\">1\u00e8re salle d&rsquo;exposition [image de l&rsquo;illumination \/ image du jugement \/ image de jeu] 25 pi\u00e8ces<br \/>\n2\u00e8me salle d&rsquo;exposition [motif d&rsquo;attribution (g\u00e9om\u00e9trique)] 184 pi\u00e8ces<br \/>\n3\u00e8me salle d&rsquo;exposition [motif v\u00e9g\u00e9tal] 366 pi\u00e8ces<br \/>\n4\u00e8me salle d&rsquo;exposition [motif animal] 132 pi\u00e8ces<br \/>\n5e salle d&rsquo;exposition [motif personnel] 55 pi\u00e8ces<br \/>\n6e salle d&rsquo;exposition [motif instrumental] 89 pi\u00e8ces<br \/>\n7e salle d&rsquo;exposition [motif naturel] 50 pi\u00e8ces<br \/>\n8e salle d&rsquo;exposition [motif arabesque] 56 pi\u00e8ces<br \/>\n9e exposition Muro [Autres motifs] 18 pi\u00e8ces<\/p>\n<p class=\"about-txt\"><span style=\"color: #ff0000;\"><em><span class=\"\">Les photos de Soba Choko ont \u00e9t\u00e9 prises par Akari Hatakeyama. <\/span>L&rsquo;utilisation non autoris\u00e9e des photos est interdite.<\/em><\/span><\/p>\n<p>2\u00b0<br \/>\nVoir les exp\u00e9riences de motifs&nbsp;:<\/p>\n<p><a href=\"http:\/\/jlggb.net\/collection\/?page_id=1988\">\u2014 inventaire de motifs au pinceau historiques<\/a><\/p>\n<p><a href=\"http:\/\/jlggb.net\/collection\/?page_id=2028\">\u2014 calligraphie chinoise<\/a><\/p>\n<p><a href=\"http:\/\/jlggb.net\/collection\/?page_id=2044\">\u2014 lignes d&rsquo;artistes<\/a><\/p>\n","protected":false},"excerpt":{"rendered":"<p>Documentation pour le workshop 1\u00b0 Voir les motifs \u00ab\u00a0abstrait\u00a0\u00bb de la collection de r\u00e9f\u00e9rence&nbsp;: http:\/\/sobachoko.jp\/room.php?t=2 Collection en ligne&nbsp;: http:\/\/sobachoko.jp\/index.html \u00c0 propos de cette collection ou \u00ab\u00a0mus\u00e9e\u00a0\u00bb Soba Choko 975 pi\u00e8ces, composition&nbsp;: 1\u00e8re salle d&rsquo;exposition [image de l&rsquo;illumination \/ image du jugement \/ image de jeu] 25 pi\u00e8ces 2\u00e8me salle d&rsquo;exposition [motif d&rsquo;attribution (g\u00e9om\u00e9trique)] 184 pi\u00e8ces [&hellip;]<\/p>\n","protected":false},"author":1,"featured_media":0,"parent":0,"menu_order":2,"comment_status":"closed","ping_status":"closed","template":"","meta":{"footnotes":""},"class_list":["post-1991","page","type-page","status-publish","hentry"],"_links":{"self":[{"href":"http:\/\/jlggb.net\/collection\/index.php?rest_route=\/wp\/v2\/pages\/1991","targetHints":{"allow":["GET"]}}],"collection":[{"href":"http:\/\/jlggb.net\/collection\/index.php?rest_route=\/wp\/v2\/pages"}],"about":[{"href":"http:\/\/jlggb.net\/collection\/index.php?rest_route=\/wp\/v2\/types\/page"}],"author":[{"embeddable":true,"href":"http:\/\/jlggb.net\/collection\/index.php?rest_route=\/wp\/v2\/users\/1"}],"replies":[{"embeddable":true,"href":"http:\/\/jlggb.net\/collection\/index.php?rest_route=%2Fwp%2Fv2%2Fcomments&post=1991"}],"version-history":[{"count":18,"href":"http:\/\/jlggb.net\/collection\/index.php?rest_route=\/wp\/v2\/pages\/1991\/revisions"}],"predecessor-version":[{"id":2356,"href":"http:\/\/jlggb.net\/collection\/index.php?rest_route=\/wp\/v2\/pages\/1991\/revisions\/2356"}],"wp:attachment":[{"href":"http:\/\/jlggb.net\/collection\/index.php?rest_route=%2Fwp%2Fv2%2Fmedia&parent=1991"}],"curies":[{"name":"wp","href":"https:\/\/api.w.org\/{rel}","templated":true}]}}