{"id":11,"date":"2015-11-30T18:24:09","date_gmt":"2015-11-30T17:24:09","guid":{"rendered":"http:\/\/jlggb.net\/blog5\/?page_id=11"},"modified":"2024-06-21T13:56:08","modified_gmt":"2024-06-21T12:56:08","slug":"ce-blog-jlggbblog5","status":"publish","type":"page","link":"http:\/\/jlggb.net\/blog5\/ce-blog-jlggbblog5\/","title":{"rendered":"Ce blog"},"content":{"rendered":"<h3>Ce blog est un album<\/h3>\n<p><img loading=\"lazy\" decoding=\"async\" class=\"alignnone wp-image-22\" src=\"http:\/\/jlggb.net\/blog5\/wp-content\/uploads\/2015\/11\/spirale-jlggbblog.jpg\" alt=\"spirale-jlggbblog\" width=\"68\" height=\"65\" \/><br \/>\nUn <em>album<\/em>, c&rsquo;est des pages blanches reli\u00e9es entre elles. Album&nbsp;: du latin <em>album<\/em> \u00ab tableau blanc \u00bb, de <em>albus<\/em> \u00ab blanc \u00bb, un cahier, un livre cartonn\u00e9 ou reli\u00e9 contenant (ou destin\u00e9 \u00e0 contenir) une collection de dessins, de gravures, de photographies, etc. <em>Le Grand Robert<\/em>. Un album est, en ce sens, le lieu par excellence des rapprochements libres, des co\u00efncidences, ou, pour parler <em>blog<\/em>, des hyperliens.<\/p>\n<p><em>jlggbblog5<\/em> est en cours depuis le 1er d\u00e9cembre 2015. Il prend la suite de <em>jlggbblog1<\/em>\u00a0cr\u00e9\u00e9 le 1er d\u00e9cembre 2007, de <em>jlggbblog2 <\/em>cr\u00e9\u00e9 le 1er d\u00e9cembre 2009, de <em>jlggbblog3<\/em>\u00a0 cr\u00e9\u00e9 le 1er d\u00e9cembre 2011, de <em>jlggbblog4 <\/em>cr\u00e9\u00e9 le 1er d\u00e9cembre 2013.<\/p>\n<p>Chaque num\u00e9ro du journal trimestriel <em>La Couleur des jours<\/em> publie un choix de 3 articles&nbsp;: <a href=\"http:\/\/www.lacouleurdesjours.ch\/\">http:\/\/www.lacouleurdesjours.ch\/<\/a> dans la rubrique \u00ab De l\u2019album de jlggb \u00bb.<\/p>\n<h3>Pour joindre le r\u00e9dacteur<\/h3>\n<h3><img loading=\"lazy\" decoding=\"async\" class=\"alignnone size-full wp-image-29\" src=\"http:\/\/jlggb.net\/blog4\/wp-content\/uploads\/2013\/12\/contact.jpg\" alt=\"contact\" width=\"145\" height=\"30\" \/><\/h3>\n<h3>Les photographies<\/h3>\n<p>Sauf indication contraire, les photographies et documents sont de JLggB. Mentionner la source&nbsp;: photo \u00a9JLggB.<\/p>\n<p>&nbsp;<\/p>\n<p><img loading=\"lazy\" decoding=\"async\" class=\"alignnone size-full wp-image-30\" src=\"http:\/\/jlggb.net\/blog4\/wp-content\/uploads\/2013\/12\/black-77x77.jpg\" alt=\"black-77x77\" width=\"77\" height=\"77\" \/><br \/>\nCe blog est r\u00e9alis\u00e9 avec WordPress.<\/p>\n<p><img loading=\"lazy\" decoding=\"async\" class=\"alignnone size-full wp-image-31\" src=\"http:\/\/jlggb.net\/blog4\/wp-content\/uploads\/2013\/12\/akismet-nigel.png\" alt=\"akismet-nigel\" width=\"80\" height=\"15\" \/><br \/>\nLes commentaires sont prot\u00e9g\u00e9s des spams par Askimet.<\/p>\n<p>&nbsp;<\/p>\n","protected":false},"excerpt":{"rendered":"<p>Ce blog est un album Un album, c&rsquo;est des pages blanches reli\u00e9es entre elles. Album&nbsp;: du latin album \u00ab tableau blanc \u00bb, de albus \u00ab blanc \u00bb, un cahier, un livre cartonn\u00e9 ou reli\u00e9 contenant (ou destin\u00e9 \u00e0 contenir) une collection de dessins, de gravures, de photographies, etc. Le Grand Robert. Un album est, en &hellip; <a href=\"http:\/\/jlggb.net\/blog5\/ce-blog-jlggbblog5\/\" class=\"more-link\">Continuer la lecture de <span class=\"screen-reader-text\">Ce blog<\/span><\/a><\/p>\n","protected":false},"author":1,"featured_media":0,"parent":0,"menu_order":0,"comment_status":"closed","ping_status":"closed","template":"","meta":{"footnotes":""},"class_list":["post-11","page","type-page","status-publish","hentry"],"_links":{"self":[{"href":"http:\/\/jlggb.net\/blog5\/wp-json\/wp\/v2\/pages\/11","targetHints":{"allow":["GET"]}}],"collection":[{"href":"http:\/\/jlggb.net\/blog5\/wp-json\/wp\/v2\/pages"}],"about":[{"href":"http:\/\/jlggb.net\/blog5\/wp-json\/wp\/v2\/types\/page"}],"author":[{"embeddable":true,"href":"http:\/\/jlggb.net\/blog5\/wp-json\/wp\/v2\/users\/1"}],"replies":[{"embeddable":true,"href":"http:\/\/jlggb.net\/blog5\/wp-json\/wp\/v2\/comments?post=11"}],"version-history":[{"count":5,"href":"http:\/\/jlggb.net\/blog5\/wp-json\/wp\/v2\/pages\/11\/revisions"}],"predecessor-version":[{"id":3428,"href":"http:\/\/jlggb.net\/blog5\/wp-json\/wp\/v2\/pages\/11\/revisions\/3428"}],"wp:attachment":[{"href":"http:\/\/jlggb.net\/blog5\/wp-json\/wp\/v2\/media?parent=11"}],"curies":[{"name":"wp","href":"https:\/\/api.w.org\/{rel}","templated":true}]}}