{"id":59,"date":"2013-12-03T01:52:05","date_gmt":"2013-12-03T00:52:05","guid":{"rendered":"http:\/\/jlggb.net\/blog4\/?page_id=59"},"modified":"2013-12-03T01:52:05","modified_gmt":"2013-12-03T00:52:05","slug":"une-selection-du-numero-precedent-jlggbblog3-album","status":"publish","type":"page","link":"http:\/\/jlggb.net\/blog4\/?page_id=59","title":{"rendered":"Une s\u00e9lection du num\u00e9ro pr\u00e9c\u00e9dent, jlggbblog3 \u2014 Album"},"content":{"rendered":"<p><a href=\"http:\/\/jlggb.net\/blog3\/?p=7216\">Raymond Pettibon<br \/>\n<\/a><a href=\"http:\/\/jlggb.net\/blog3\/?p=7181\">La chaise pour enfant d\u2019Enzo Mari fabriqu\u00e9e au Japon par Hida<\/a><br \/>\n<a href=\"http:\/\/jlggb.net\/blog3\/?p=7153\">Ikebana fa\u00e7on 93bis<\/a><br \/>\n<a href=\"http:\/\/jlggb.net\/blog3\/?p=7056\">Si jamais<br \/>\n<\/a><a href=\"http:\/\/jlggb.net\/blog3\/?p=7085\">La chute d\u2019eau<\/a><br \/>\n<a href=\"http:\/\/jlggb.net\/blog3\/?p=6978\">Soba choko&nbsp;: production <\/a><br \/>\n<a href=\"http:\/\/jlggb.net\/blog3\/?p=6906\">Petite Plan\u00e8te<\/a><br \/>\n<a href=\"http:\/\/jlggb.net\/blog3\/?p=6733\">La R\u00e9publique dans la brume <\/a><br \/>\n<a href=\"http:\/\/jlggb.net\/blog3\/?p=6704\">Les progr\u00e8s de la d\u00e9mocratie<\/a><br \/>\n<a href=\"http:\/\/jlggb.net\/blog3\/?p=6592\">Le pavillon de th\u00e9 du temple zen Koto-in \u00e0 Kyoto<\/a><br \/>\n<a href=\"http:\/\/jlggb.net\/blog3\/?p=6709\">Figure du paysage japonais<\/a><br \/>\n<a href=\"http:\/\/jlggb.net\/blog3\/?p=6625\">La nature tenue en respect<\/a><br \/>\n<a href=\"http:\/\/jlggb.net\/blog3\/?p=6553\">F\u00eate de la lune<\/a><br \/>\n<a href=\"http:\/\/jlggb.net\/blog3\/?p=6498\">Workshop japonais \u00e0 Paris <\/a><br \/>\n<a href=\"http:\/\/jlggb.net\/blog3\/?p=6372\">\u00c9pissure tactique<\/a><br \/>\n<a href=\"http:\/\/jlggb.net\/blog3\/?p=6332\">Sur mon \u00e9tag\u00e8re&nbsp;: ceci n\u2019est pas une horloge<\/a><br \/>\n<a href=\"http:\/\/jlggb.net\/blog3\/?p=6271\">Enseigne&nbsp;: Enseignes<\/a><br \/>\n<a href=\"http:\/\/jlggb.net\/blog3\/?p=6149\">Les crassulas ne meurent jamais <\/a><br \/>\n<a href=\"http:\/\/jlggb.net\/blog3\/?p=5855\">Le sort des livres<\/a><br \/>\n<a href=\"http:\/\/jlggb.net\/blog3\/?p=5611\">Enseignes \u00e0 Lausanne<\/a><br \/>\n<a href=\"http:\/\/jlggb.net\/blog3\/?p=5271\">Le trottoir comme discipline <\/a><br \/>\n<a href=\"http:\/\/jlggb.net\/blog3\/?p=5212\">V\u00e9rification (Manet)<\/a><br \/>\n<a href=\"http:\/\/jlggb.net\/blog3\/?p=5021\">Au centre Bophana<\/a><br \/>\n<a href=\"http:\/\/jlggb.net\/blog3\/?p=4981\">Quelques maisons sur pilotis le long de la nationale N\u00b06 <\/a><br \/>\n<a href=\"http:\/\/jlggb.net\/blog3\/?p=4631\">Place Clichy, dimanche \u00e0 15h<\/a><br \/>\n<a href=\"http:\/\/jlggb.net\/blog3\/?p=4437\">Bois et terre<\/a><br \/>\n<a href=\"http:\/\/jlggb.net\/blog3\/?p=4387\">Shanghai Dasha <\/a><br \/>\n<a href=\"http:\/\/jlggb.net\/blog3\/?p=3891\">Lectrice<\/a><br \/>\n<a href=\"http:\/\/jlggb.net\/blog3\/?p=3704\">1er septembre 2012&nbsp;: cent personnes rassembl\u00e9es au bord du canal Saint-Martin <\/a><br \/>\n<a href=\"http:\/\/jlggb.net\/blog3\/?p=3662\">Il voit des ha\u00efkus partout <\/a><br \/>\n<a href=\"http:\/\/jlggb.net\/blog3\/?p=3481\">Documenta (13)&nbsp;: des t\u00e9moins de l\u2019inculte<\/a><br \/>\n<a href=\"http:\/\/jlggb.net\/blog3\/?p=2805\">28 juin 1712<\/a><br \/>\n<a href=\"http:\/\/jlggb.net\/blog3\/?p=2638\">Jonction grand contraste<\/a><br \/>\n<a href=\"http:\/\/jlggb.net\/blog3\/?p=2575\">Passage oblig\u00e9<\/a><br \/>\n<a href=\"http:\/\/jlggb.net\/blog3\/?p=1625\">Ballast pr\u00e9cieux <\/a><br \/>\n<a href=\"http:\/\/jlggb.net\/blog3\/?p=667\">Deux fa\u00e7ons de tenir un blog<\/a><br \/>\n<a href=\"http:\/\/jlggb.net\/blog3\/?p=302\">20 d\u00e9cembre, je me souviens du Rh\u00f4ne <\/a><\/p>\n","protected":false},"excerpt":{"rendered":"<p>Raymond Pettibon La chaise pour enfant d\u2019Enzo Mari fabriqu\u00e9e au Japon par Hida Ikebana fa\u00e7on 93bis Si jamais La chute d\u2019eau Soba choko&nbsp;: production Petite Plan\u00e8te La R\u00e9publique dans la brume Les progr\u00e8s de la d\u00e9mocratie Le pavillon de th\u00e9 du temple zen Koto-in \u00e0 Kyoto Figure du paysage japonais La nature tenue en respect &hellip; <a href=\"http:\/\/jlggb.net\/blog4\/?page_id=59\" class=\"more-link\">Continuer la lecture de <span class=\"screen-reader-text\">Une s\u00e9lection du num\u00e9ro pr\u00e9c\u00e9dent, jlggbblog3 \u2014 Album<\/span><\/a><\/p>\n","protected":false},"author":1,"featured_media":0,"parent":0,"menu_order":0,"comment_status":"closed","ping_status":"closed","template":"","meta":{"footnotes":""},"class_list":["post-59","page","type-page","status-publish","hentry"],"_links":{"self":[{"href":"http:\/\/jlggb.net\/blog4\/index.php?rest_route=\/wp\/v2\/pages\/59","targetHints":{"allow":["GET"]}}],"collection":[{"href":"http:\/\/jlggb.net\/blog4\/index.php?rest_route=\/wp\/v2\/pages"}],"about":[{"href":"http:\/\/jlggb.net\/blog4\/index.php?rest_route=\/wp\/v2\/types\/page"}],"author":[{"embeddable":true,"href":"http:\/\/jlggb.net\/blog4\/index.php?rest_route=\/wp\/v2\/users\/1"}],"replies":[{"embeddable":true,"href":"http:\/\/jlggb.net\/blog4\/index.php?rest_route=%2Fwp%2Fv2%2Fcomments&post=59"}],"version-history":[{"count":0,"href":"http:\/\/jlggb.net\/blog4\/index.php?rest_route=\/wp\/v2\/pages\/59\/revisions"}],"wp:attachment":[{"href":"http:\/\/jlggb.net\/blog4\/index.php?rest_route=%2Fwp%2Fv2%2Fmedia&parent=59"}],"curies":[{"name":"wp","href":"https:\/\/api.w.org\/{rel}","templated":true}]}}