{"id":22,"date":"2013-12-01T23:06:34","date_gmt":"2013-12-01T22:06:34","guid":{"rendered":"http:\/\/jlggb.net\/blog4\/?page_id=22"},"modified":"2024-01-05T00:12:11","modified_gmt":"2024-01-04T23:12:11","slug":"ce-blog-jlggbblog4","status":"publish","type":"page","link":"http:\/\/jlggb.net\/blog4\/?page_id=22","title":{"rendered":"Ce blog"},"content":{"rendered":"<h3>Ce blog est un album<\/h3>\n<p><img loading=\"lazy\" decoding=\"async\" class=\"alignnone wp-image-22\" src=\"http:\/\/jlggb.net\/blog5\/wp-content\/uploads\/2015\/11\/spirale-jlggbblog.jpg\" alt=\"spirale-jlggbblog\" width=\"68\" height=\"65\" \/><br \/>\nUn <em>album<\/em>, c&rsquo;est des pages blanches reli\u00e9es entre elles. Album&nbsp;: du latin <em>album<\/em> \u00ab tableau blanc \u00bb, de <em>albus<\/em> \u00ab blanc \u00bb, un cahier, un livre cartonn\u00e9 ou reli\u00e9 contenant (ou destin\u00e9 \u00e0 contenir) une collection de dessins, de gravures, de photographies, etc. <em>Le Grand Robert<\/em>. Un album est, en ce sens, le lieu par excellence des rapprochements libres, des co\u00efncidences, ou, pour parler <em>blog<\/em>, des hyperliens.<\/p>\n<p><em>jlggbblog<\/em> volume 7 est en cours depuis le 1er d\u00e9cembre 2019. Il prend la suite de <em>jlggbblog<\/em> volume 1, cr\u00e9\u00e9 le 1er d\u00e9cembre 2007, de <em>jlggbblog<\/em> volume 2 cr\u00e9\u00e9 le 1er d\u00e9cembre 2009, de <em>jlggbblog<\/em> volume 3 cr\u00e9\u00e9 le 1er d\u00e9cembre 2011, de <em>jlggbblog<\/em> volume 4 cr\u00e9\u00e9 le 1er d\u00e9cembre 2013, de <em>jlggbblog<\/em> volume 5 cr\u00e9\u00e9 le 1er d\u00e9cembre 2015, et de <em>jlggbblog<\/em> volume 6 cr\u00e9\u00e9 le 1er d\u00e9cembre 2017.<\/p>\n<p>Chaque num\u00e9ro du journal trimestriel <em>La Couleur des jours<\/em> publie un choix de 3 articles&nbsp;: <a href=\"http:\/\/www.lacouleurdesjours.ch\/\">http:\/\/www.lacouleurdesjours.ch\/<\/a> dans la rubrique \u00ab De l\u2019album de jlggb \u00bb.<\/p>\n<p>&nbsp;<\/p>\n<p>Pour ouvrir <em>jlggbblog<\/em> volume 1 (1er d\u00e9cembre 2007 &#8211; 30 novembre 2009), cliquer ci-dessous&nbsp;:<\/p>\n<h2><a href=\"http:\/\/jlggb.net\/blog\/\">jlggbblog<\/a><\/h2>\n<p>Pour ouvrir <em>jlggbblog<\/em> volume 2 (1er d\u00e9cembre 2009 &#8211; 30 novembre 2011), cliquer ci-dessous&nbsp;:<\/p>\n<h2><a href=\"http:\/\/jlggb.net\/blog2\/\">jlggbblog2<\/a><\/h2>\n<p>Pour ouvrir <em>jlggbblog<\/em> volume 3 (1er d\u00e9cembre 2011 &#8211; 30 novembre 2013), cliquer ci-dessous&nbsp;:<\/p>\n<h2><a href=\"http:\/\/jlggb.net\/blog3\/\">jlggbblog3<\/a><\/h2>\n<p>Pour ouvrir <em>jlggbblog<\/em> volume 4 (1er d\u00e9cembre 2013 &#8211; 30 novembre 2015), cliquer ci-dessous&nbsp;:<\/p>\n<h2><a href=\"http:\/\/jlggb.net\/blog4\/\">jlggbblog4<\/a><\/h2>\n<p>Pour ouvrir <em>jlggbblog<\/em> volume 5 (1er d\u00e9cembre 2015 &#8211; 30 novembre 2017), cliquer ci-dessous&nbsp;:<\/p>\n<h2><a href=\"http:\/\/jlggb.net\/blog5\/\">jlggbblog5<\/a><\/h2>\n<p>Pour ouvrir <em>jlggbblog<\/em> volume 6 (1er d\u00e9cembre 2017 &#8211; 30 novembre 2019), cliquer ci-dessous&nbsp;:<\/p>\n<h2><a href=\"http:\/\/jlggb.net\/blog6\/\">jlggbblog6<\/a><\/h2>\n<p>Pour ouvrir <em>jlggbblog<\/em> volume 7 (1er d\u00e9cembre 2019- 30 novembre 2021), cliquer ci-dessous&nbsp;:<\/p>\n<h2><a href=\"http:\/\/jlggb.net\/blog7\/\">jlggbblog7<\/a><\/h2>\n<p>Pour ouvrir <em>jlggbblog<\/em> volume 8 (1er d\u00e9cembre 2021 et apr\u00e8s), cliquer ci-dessous&nbsp;:<\/p>\n<h2><a href=\"http:\/\/jlggb.net\/blog8\/\">jlggbblog8<\/a><\/h2>\n<h2><\/h2>\n<p>&nbsp;<\/p>\n<h3>Pour joindre le r\u00e9dacteur<\/h3>\n<h3><img loading=\"lazy\" decoding=\"async\" class=\"alignnone size-full wp-image-29\" src=\"http:\/\/jlggb.net\/blog4\/wp-content\/uploads\/2013\/12\/contact.jpg\" alt=\"contact\" width=\"145\" height=\"30\" \/><\/h3>\n<p>&nbsp;<\/p>\n<h3>Les photographies<\/h3>\n<p>Sauf indication contraire, les photographies et documents sont de JLggB. Mentionner la source&nbsp;: photo JLggB.<\/p>\n<p>&nbsp;<\/p>\n<h3>La FORME<\/h3>\n<p><img loading=\"lazy\" decoding=\"async\" class=\"alignnone size-full wp-image-35\" src=\"http:\/\/jlggb.net\/blog6\/wp-content\/uploads\/2017\/12\/matthewcarter.jpg\" alt=\"\" width=\"83\" height=\"120\" \/><br \/>\nComposition en Georgia de Matthew Carter.<\/p>\n<p><a href=\"http:\/\/www.myfonts.com\/fonts\/microsoft\/georgia\/\">http:\/\/www.myfonts.com\/fonts\/microsoft\/georgia\/<\/a><\/p>\n<p><img loading=\"lazy\" decoding=\"async\" class=\"alignnone size-full wp-image-30\" src=\"http:\/\/jlggb.net\/blog4\/wp-content\/uploads\/2013\/12\/black-77x77.jpg\" alt=\"black-77x77\" width=\"77\" height=\"77\" \/><br \/>\nCe blog est r\u00e9alis\u00e9 avec WordPress sur la base du th\u00e8me Tarski transform\u00e9 et traduit par nous.<\/p>\n<p><img loading=\"lazy\" decoding=\"async\" class=\"alignnone size-full wp-image-31\" src=\"http:\/\/jlggb.net\/blog4\/wp-content\/uploads\/2013\/12\/akismet-nigel.png\" alt=\"akismet-nigel\" width=\"80\" height=\"15\" \/><br \/>\nLes commentaires sont prot\u00e9g\u00e9s des spams par Askimet.<\/p>\n<p>&nbsp;<\/p>\n","protected":false},"excerpt":{"rendered":"<p>Ce blog est un album Un album, c&rsquo;est des pages blanches reli\u00e9es entre elles. Album&nbsp;: du latin album \u00ab tableau blanc \u00bb, de albus \u00ab blanc \u00bb, un cahier, un livre cartonn\u00e9 ou reli\u00e9 contenant (ou destin\u00e9 \u00e0 contenir) une collection de dessins, de gravures, de photographies, etc. Le Grand Robert. Un album est, en &hellip; <a href=\"http:\/\/jlggb.net\/blog4\/?page_id=22\" class=\"more-link\">Continuer la lecture de <span class=\"screen-reader-text\">Ce blog<\/span><\/a><\/p>\n","protected":false},"author":1,"featured_media":0,"parent":0,"menu_order":0,"comment_status":"closed","ping_status":"closed","template":"","meta":{"footnotes":""},"class_list":["post-22","page","type-page","status-publish","hentry"],"_links":{"self":[{"href":"http:\/\/jlggb.net\/blog4\/index.php?rest_route=\/wp\/v2\/pages\/22","targetHints":{"allow":["GET"]}}],"collection":[{"href":"http:\/\/jlggb.net\/blog4\/index.php?rest_route=\/wp\/v2\/pages"}],"about":[{"href":"http:\/\/jlggb.net\/blog4\/index.php?rest_route=\/wp\/v2\/types\/page"}],"author":[{"embeddable":true,"href":"http:\/\/jlggb.net\/blog4\/index.php?rest_route=\/wp\/v2\/users\/1"}],"replies":[{"embeddable":true,"href":"http:\/\/jlggb.net\/blog4\/index.php?rest_route=%2Fwp%2Fv2%2Fcomments&post=22"}],"version-history":[{"count":6,"href":"http:\/\/jlggb.net\/blog4\/index.php?rest_route=\/wp\/v2\/pages\/22\/revisions"}],"predecessor-version":[{"id":3902,"href":"http:\/\/jlggb.net\/blog4\/index.php?rest_route=\/wp\/v2\/pages\/22\/revisions\/3902"}],"wp:attachment":[{"href":"http:\/\/jlggb.net\/blog4\/index.php?rest_route=%2Fwp%2Fv2%2Fmedia&parent=22"}],"curies":[{"name":"wp","href":"https:\/\/api.w.org\/{rel}","templated":true}]}}